{"id":18547,"date":"2025-01-20T06:01:08","date_gmt":"2025-01-20T06:01:08","guid":{"rendered":"https:\/\/marqalicante-admin.qwair.com\/item\/arte-e-imperio-tesoros-asirios-del-british-museum\/"},"modified":"2025-06-04T16:33:20","modified_gmt":"2025-06-04T16:33:20","slug":"arte-e-imperio-tesoros-asirios-del-british-museum","status":"publish","type":"product","link":"https:\/\/marqalicante-admin.qwair.com\/va\/producte\/arte-e-imperio-tesoros-asirios-del-british-museum\/","title":{"rendered":"ART I IMPERI. TRESORS ASSIRIS DEL BRITISH MUSEUM"},"content":{"rendered":"","protected":false},"excerpt":{"rendered":"<p>Els tresors dels palaus assiris d&#039;Assur, N\u00ednive i Khorsabad, conservats a les col\u00b7leccions del British Museum de Londres. Una visita a l&#039;antic Iraq i un recorregut per la hist\u00f2ria d&#039;un dels imperis m\u00e9s importants del Pr\u00f2xim Orient a trav\u00e9s d&#039;una s\u00e8rie inigualable de relleus magn\u00edfics 24 euros<\/p>","protected":false},"featured_media":18372,"template":"","meta":{"kia_subtitle":""},"product_brand":[],"product_cat":[1397],"product_tag":[],"class_list":{"0":"post-18547","1":"product","2":"type-product","3":"status-publish","4":"has-post-thumbnail","6":"product_cat-publicaciones","8":"first","9":"instock","10":"virtual","11":"product-type-simple"},"meta_box":{"ia_expediente":"","ia_ano":"","ia_fechas_de_actuacion":"","ia_municipios_comarcas":"","ia_directores":"","ia_periodos_culturales":"","ia_tipos_de_intervencion":"","ia_equipo_tecnico":"","ia_autores":"","ia_promotores":"","ia_deposito_de_materiales":"","ia_coordenadas_utm":""},"_links":{"self":[{"href":"https:\/\/marqalicante-admin.qwair.com\/va\/wp-json\/wp\/v2\/product\/18547","targetHints":{"allow":["GET"]}}],"collection":[{"href":"https:\/\/marqalicante-admin.qwair.com\/va\/wp-json\/wp\/v2\/product"}],"about":[{"href":"https:\/\/marqalicante-admin.qwair.com\/va\/wp-json\/wp\/v2\/types\/product"}],"wp:featuredmedia":[{"embeddable":true,"href":"https:\/\/marqalicante-admin.qwair.com\/va\/wp-json\/wp\/v2\/media\/18372"}],"wp:attachment":[{"href":"https:\/\/marqalicante-admin.qwair.com\/va\/wp-json\/wp\/v2\/media?parent=18547"}],"wp:term":[{"taxonomy":"product_brand","embeddable":true,"href":"https:\/\/marqalicante-admin.qwair.com\/va\/wp-json\/wp\/v2\/product_brand?post=18547"},{"taxonomy":"product_cat","embeddable":true,"href":"https:\/\/marqalicante-admin.qwair.com\/va\/wp-json\/wp\/v2\/product_cat?post=18547"},{"taxonomy":"product_tag","embeddable":true,"href":"https:\/\/marqalicante-admin.qwair.com\/va\/wp-json\/wp\/v2\/product_tag?post=18547"}],"curies":[{"name":"wp","href":"https:\/\/api.w.org\/{rel}","templated":true}]}}