{"id":46197,"date":"2025-09-03T10:27:46","date_gmt":"2025-09-03T10:27:46","guid":{"rendered":"https:\/\/marqalicante-admin.qwair.com\/?post_type=product&#038;p=46197"},"modified":"2025-09-03T10:40:39","modified_gmt":"2025-09-03T10:40:39","slug":"idactica-per-a-secundaria-edat-moderna-val","status":"publish","type":"product","link":"https:\/\/marqalicante-admin.qwair.com\/es\/producto\/idactica-per-a-secundaria-edat-moderna-val\/","title":{"rendered":"GUIA DID\u00c0CTICA (PER A SECUND\u00c0RIA): EDAT MODERNA I CONTEMPOR\u00c0NIA VAL"},"content":{"rendered":"    \n    <div class=\"documento-item\">\n        \n        \n                    <a href=\"https:\/\/marqalicante.com\/wp-content\/uploads\/2025\/09\/Moderna_2019_val_AF_compressed.pdf\" class=\"documento-btn\" target=\"_blank\" rel=\"noopener\">\n                <i class=\"fas fa-file-pdf\"><\/i> Descargar PDF\n            <\/a>\n            <\/div>\n\n    \n","protected":false},"excerpt":{"rendered":"<p> Aquesta guia es presenta com un suport perfecte per a l\u2019alumnat de l\u2019ESO. Ofereix explicacions de gran valor divulgatiu, proposant a m\u00e9s una s\u00e8rie d\u2019activitats per a incentivar l\u2019aprenentatge actiu. La guia explica des d\u2019hitoss provincials importants des de l\u2019inici de l\u2019Edat Moderna fins als primers decennis del segle XX (abans de la Guerra Civil), incloent els or\u00edgens del Museu Arqueol\u00f2gic d\u2019Alacant.<\/p>\n","protected":false},"featured_media":46191,"template":"","meta":{"kia_subtitle":""},"product_brand":[],"product_cat":[1717],"product_tag":[],"class_list":{"0":"post-46197","1":"product","2":"type-product","3":"status-publish","4":"has-post-thumbnail","6":"product_cat-guias-didacticas","8":"first","9":"instock","10":"virtual","11":"product-type-simple"},"meta_box":{"ia_expediente":"","ia_ano":"","ia_fechas_de_actuacion":"","ia_municipios_comarcas":"","ia_directores":"","ia_periodos_culturales":"","ia_tipos_de_intervencion":"","ia_equipo_tecnico":"","ia_autores":"","ia_promotores":"","ia_deposito_de_materiales":"","ia_coordenadas_utm":""},"_links":{"self":[{"href":"https:\/\/marqalicante-admin.qwair.com\/es\/wp-json\/wp\/v2\/product\/46197","targetHints":{"allow":["GET"]}}],"collection":[{"href":"https:\/\/marqalicante-admin.qwair.com\/es\/wp-json\/wp\/v2\/product"}],"about":[{"href":"https:\/\/marqalicante-admin.qwair.com\/es\/wp-json\/wp\/v2\/types\/product"}],"wp:featuredmedia":[{"embeddable":true,"href":"https:\/\/marqalicante-admin.qwair.com\/es\/wp-json\/wp\/v2\/media\/46191"}],"wp:attachment":[{"href":"https:\/\/marqalicante-admin.qwair.com\/es\/wp-json\/wp\/v2\/media?parent=46197"}],"wp:term":[{"taxonomy":"product_brand","embeddable":true,"href":"https:\/\/marqalicante-admin.qwair.com\/es\/wp-json\/wp\/v2\/product_brand?post=46197"},{"taxonomy":"product_cat","embeddable":true,"href":"https:\/\/marqalicante-admin.qwair.com\/es\/wp-json\/wp\/v2\/product_cat?post=46197"},{"taxonomy":"product_tag","embeddable":true,"href":"https:\/\/marqalicante-admin.qwair.com\/es\/wp-json\/wp\/v2\/product_tag?post=46197"}],"curies":[{"name":"wp","href":"https:\/\/api.w.org\/{rel}","templated":true}]}}