{"id":46195,"date":"2025-09-03T10:18:14","date_gmt":"2025-09-03T10:18:14","guid":{"rendered":"https:\/\/marqalicante-admin.qwair.com\/?post_type=product&#038;p=46195"},"modified":"2025-09-03T10:42:29","modified_gmt":"2025-09-03T10:42:29","slug":"guia-didactica-per-a-secundaria-ibers-val","status":"publish","type":"product","link":"https:\/\/marqalicante-admin.qwair.com\/es\/producto\/guia-didactica-per-a-secundaria-ibers-val\/","title":{"rendered":"GUIA DID\u00c0CTICA (PER A SECUND\u00c0RIA): IBERS VAL"},"content":{"rendered":"    \n    <div class=\"documento-item\">\n        \n        \n                    <a href=\"https:\/\/marqalicante.com\/wp-content\/uploads\/2025\/09\/Iberos2019_val_AF_compressed.pdf\" class=\"documento-btn\" target=\"_blank\" rel=\"noopener\">\n                <i class=\"fas fa-file-pdf\"><\/i> Descargar PDF\n            <\/a>\n            <\/div>\n\n    \n","protected":false},"excerpt":{"rendered":"<p>En aquesta guia podr\u00e0s con\u00e9ixer el m\u00f3n dels ibers a les nostres terres (la Contest\u00e0nia). A trav\u00e9s de breus apartats amb els seus corresponents exercicis, mostrarem aspectes com l\u2019habitatge, la societat i el guerrer iber, la religi\u00f3 i els llocs de culte o les necr\u00f2polis i el m\u00f3n funerari, entre molts altres temes.<\/p>\n","protected":false},"featured_media":46189,"template":"","meta":{"kia_subtitle":""},"product_brand":[],"product_cat":[1717],"product_tag":[],"class_list":{"0":"post-46195","1":"product","2":"type-product","3":"status-publish","4":"has-post-thumbnail","6":"product_cat-guias-didacticas","8":"first","9":"instock","10":"virtual","11":"product-type-simple"},"meta_box":{"ia_expediente":"","ia_ano":"","ia_fechas_de_actuacion":"","ia_municipios_comarcas":"","ia_directores":"","ia_periodos_culturales":"","ia_tipos_de_intervencion":"","ia_equipo_tecnico":"","ia_autores":"","ia_promotores":"","ia_deposito_de_materiales":"","ia_coordenadas_utm":""},"_links":{"self":[{"href":"https:\/\/marqalicante-admin.qwair.com\/es\/wp-json\/wp\/v2\/product\/46195","targetHints":{"allow":["GET"]}}],"collection":[{"href":"https:\/\/marqalicante-admin.qwair.com\/es\/wp-json\/wp\/v2\/product"}],"about":[{"href":"https:\/\/marqalicante-admin.qwair.com\/es\/wp-json\/wp\/v2\/types\/product"}],"wp:featuredmedia":[{"embeddable":true,"href":"https:\/\/marqalicante-admin.qwair.com\/es\/wp-json\/wp\/v2\/media\/46189"}],"wp:attachment":[{"href":"https:\/\/marqalicante-admin.qwair.com\/es\/wp-json\/wp\/v2\/media?parent=46195"}],"wp:term":[{"taxonomy":"product_brand","embeddable":true,"href":"https:\/\/marqalicante-admin.qwair.com\/es\/wp-json\/wp\/v2\/product_brand?post=46195"},{"taxonomy":"product_cat","embeddable":true,"href":"https:\/\/marqalicante-admin.qwair.com\/es\/wp-json\/wp\/v2\/product_cat?post=46195"},{"taxonomy":"product_tag","embeddable":true,"href":"https:\/\/marqalicante-admin.qwair.com\/es\/wp-json\/wp\/v2\/product_tag?post=46195"}],"curies":[{"name":"wp","href":"https:\/\/api.w.org\/{rel}","templated":true}]}}