{"id":45815,"date":"2025-05-16T06:32:24","date_gmt":"2025-05-16T06:32:24","guid":{"rendered":"https:\/\/marqalicante-admin.qwair.com\/producto\/agresiones-antropicas-en-el-arte-rupestre-del-arco-mediterraneo-de-la-peninsula-iberica-a-proposito-del-30o-aniversario-del-expolio-de-benirrama-la-vall-de-gallinera-alicante\/"},"modified":"2025-06-04T16:24:43","modified_gmt":"2025-06-04T16:24:43","slug":"agresiones-antropicas-en-el-arte-rupestre-del-arco-mediterraneo-de-la-peninsula-iberica-a-proposito-del-30o-aniversario-del-expolio-de-benirrama-la-vall-de-gallinera-alicante","status":"publish","type":"product","link":"https:\/\/marqalicante-admin.qwair.com\/es\/producto\/agresiones-antropicas-en-el-arte-rupestre-del-arco-mediterraneo-de-la-peninsula-iberica-a-proposito-del-30o-aniversario-del-expolio-de-benirrama-la-vall-de-gallinera-alicante\/","title":{"rendered":"Agresiones antr\u00f3picas en el arte rupestre del arco mediterr\u00e1neo de la pen\u00ednsula ib\u00e9rica. A prop\u00f3sito del 30\u00ba aniversario del expolio de Benirrama (La Vall de Gallinera&#44; Alicante)"},"content":{"rendered":"    \n    <div class=\"documento-item\">\n                    <h2 class=\"documento-title\">Agresiones antr\u00f3picas en el arte rupestre del arco mediterr\u00e1neo de la pen\u00ednsula ib\u00e9rica. A prop\u00f3sito del 30\u00ba aniversario del expolio de Benirrama (La Vall de Gallinera, Alicante)<\/h2>\n        \n                    <p class=\"documento-subtitle\">Mauro S. Hern\u00e1ndez P\u00e9rez<\/p>\n        \n                    <a href=\"https:\/\/marqalicante.com\/contenido\/particulos\/pub_225.pdf\" class=\"documento-btn\" target=\"_blank\" rel=\"noopener\">\n                <i class=\"fas fa-file-pdf\"><\/i> Descargar PDF\n            <\/a>\n            <\/div>\n\n    \n","protected":false},"excerpt":{"rendered":"<p>Son m&uacute;ltiples las agresiones que desde el mismo momento de su&nbsp;descubrimiento afectan al arte rupestre del arco mediterr&aacute;neo&nbsp;de la pen&iacute;nsula Ib&eacute;rica. Unas son naturales y otras antr&oacute;picas. Entre estas &uacute;ltimas&nbsp;se registra el reiterado mojado de las paredes&nbsp;de los abrigos&#44; los grafitis y el expolio de muchas figuras&#44; entre las que destacan las de&nbsp;Benirrama&#44; en la Vall de Gallinera (Alicante).<\/p>\n","protected":false},"featured_media":45873,"template":"","meta":{"kia_subtitle":""},"product_brand":[],"product_cat":[2913],"product_tag":[],"class_list":{"0":"post-45815","1":"product","2":"type-product","3":"status-publish","4":"has-post-thumbnail","6":"product_cat-articulos","8":"first","9":"instock","10":"virtual","11":"product-type-simple"},"meta_box":{"ia_expediente":"","ia_ano":"","ia_fechas_de_actuacion":"","ia_municipios_comarcas":"","ia_directores":"","ia_periodos_culturales":"","ia_tipos_de_intervencion":"","ia_equipo_tecnico":"","ia_autores":"","ia_promotores":"","ia_deposito_de_materiales":"","ia_coordenadas_utm":""},"_links":{"self":[{"href":"https:\/\/marqalicante-admin.qwair.com\/es\/wp-json\/wp\/v2\/product\/45815","targetHints":{"allow":["GET"]}}],"collection":[{"href":"https:\/\/marqalicante-admin.qwair.com\/es\/wp-json\/wp\/v2\/product"}],"about":[{"href":"https:\/\/marqalicante-admin.qwair.com\/es\/wp-json\/wp\/v2\/types\/product"}],"wp:featuredmedia":[{"embeddable":true,"href":"https:\/\/marqalicante-admin.qwair.com\/es\/wp-json\/wp\/v2\/media\/45873"}],"wp:attachment":[{"href":"https:\/\/marqalicante-admin.qwair.com\/es\/wp-json\/wp\/v2\/media?parent=45815"}],"wp:term":[{"taxonomy":"product_brand","embeddable":true,"href":"https:\/\/marqalicante-admin.qwair.com\/es\/wp-json\/wp\/v2\/product_brand?post=45815"},{"taxonomy":"product_cat","embeddable":true,"href":"https:\/\/marqalicante-admin.qwair.com\/es\/wp-json\/wp\/v2\/product_cat?post=45815"},{"taxonomy":"product_tag","embeddable":true,"href":"https:\/\/marqalicante-admin.qwair.com\/es\/wp-json\/wp\/v2\/product_tag?post=45815"}],"curies":[{"name":"wp","href":"https:\/\/api.w.org\/{rel}","templated":true}]}}