{"id":45811,"date":"2025-05-16T06:32:22","date_gmt":"2025-05-16T06:32:22","guid":{"rendered":"https:\/\/marqalicante-admin.qwair.com\/producto\/el-poblamiento-rural-andalusi-en-el-valle-medio-del-vinalopo-resultados-de-las-prospecciones-arqueologicas-en-la-alqueria-de-puca-petrer-alicante\/"},"modified":"2025-06-04T16:24:41","modified_gmt":"2025-06-04T16:24:41","slug":"el-poblamiento-rural-andalusi-en-el-valle-medio-del-vinalopo-resultados-de-las-prospecciones-arqueologicas-en-la-alqueria-de-puca-petrer-alicante","status":"publish","type":"product","link":"https:\/\/marqalicante-admin.qwair.com\/es\/producto\/el-poblamiento-rural-andalusi-en-el-valle-medio-del-vinalopo-resultados-de-las-prospecciones-arqueologicas-en-la-alqueria-de-puca-petrer-alicante\/","title":{"rendered":"El poblamiento rural andalus\u00ed en el valle medio del Vinalop\u00f3: Resultados de las prospecciones arqueol\u00f3gicas en la Alquer\u00eda de Pu\u00e7a (Petrer&#44; Alicante)"},"content":{"rendered":"    \n    <div class=\"documento-item\">\n                    <h2 class=\"documento-title\">El poblamiento rural andalus\u00ed en el valle medio del Vinalop\u00f3: Resultados de las prospecciones arqueol\u00f3gicas en la Alquer\u00eda de Pu\u00e7a (Petrer, Alicante)<\/h2>\n        \n                    <p class=\"documento-subtitle\">Jos\u00e9 Mar\u00eda Moreno Narganes, Joaqu\u00edn Pina Mira, Pedro Jos\u00e9 Saura Gil, Fernando E. Tendero Fern\u00e1ndez, Jos\u00e9 Daniel Busquier L\u00f3pez, Arturo Garc\u00eda L\u00f3pez, Raquel P\u00e9rez Serrano<\/p>\n        \n                    <a href=\"https:\/\/marqalicante.com\/contenido\/particulos\/pub_221.pdf\" class=\"documento-btn\" target=\"_blank\" rel=\"noopener\">\n                <i class=\"fas fa-file-pdf\"><\/i> Descargar PDF\n            <\/a>\n            <\/div>\n\n    \n","protected":false},"excerpt":{"rendered":"<p>Esta investigaci&oacute;n pretende enriquecer el conocimiento del poblamiento andalus&iacute; en el valle medio del Vinalop&oacute; a partir del estudio de una alquer&iacute;a ubicada en sus m&aacute;rgenes. De esta forma buscamos completar las propuestas pasadas a prop&oacute;sito de la organizaci&oacute;n territorial y definidas a partir de los centros fortificados (\u1e25u\u1e63\u016bn) que no podr&iacute;an explicarse sin una red de alquer&iacute;as (qur\u0101) de vocaci&oacute;n agraria dentro de un sistema territorial y pol&iacute;tico mayor. Se abordar&aacute; la alquer&iacute;a de Pu&ccedil;a a partir de una prospecci&oacute;n intensiva y el estudio de los materiales documentados que nos permitan realizar propuestas sobre sus caracter&iacute;sticas urbanas y cronol&oacute;gicas. Este estudio tiene una perspectiva hist&oacute;rica en la longue dur&eacute;e&#44; formando parte de uno de los objetivos del Plan General de Investigaci&oacute;n &quot;El territorio de Bitrir\/Petrer (siglos X-XV). Hacia los or&iacute;genes de un paisaje medieval (Petrer&#44; Alicante)&quot;.<\/p>\n","protected":false},"featured_media":45873,"template":"","meta":{"kia_subtitle":""},"product_brand":[],"product_cat":[2913],"product_tag":[],"class_list":{"0":"post-45811","1":"product","2":"type-product","3":"status-publish","4":"has-post-thumbnail","6":"product_cat-articulos","8":"first","9":"instock","10":"virtual","11":"product-type-simple"},"meta_box":{"ia_expediente":"","ia_ano":"","ia_fechas_de_actuacion":"","ia_municipios_comarcas":"","ia_directores":"","ia_periodos_culturales":"","ia_tipos_de_intervencion":"","ia_equipo_tecnico":"","ia_autores":"","ia_promotores":"","ia_deposito_de_materiales":"","ia_coordenadas_utm":""},"_links":{"self":[{"href":"https:\/\/marqalicante-admin.qwair.com\/es\/wp-json\/wp\/v2\/product\/45811","targetHints":{"allow":["GET"]}}],"collection":[{"href":"https:\/\/marqalicante-admin.qwair.com\/es\/wp-json\/wp\/v2\/product"}],"about":[{"href":"https:\/\/marqalicante-admin.qwair.com\/es\/wp-json\/wp\/v2\/types\/product"}],"wp:featuredmedia":[{"embeddable":true,"href":"https:\/\/marqalicante-admin.qwair.com\/es\/wp-json\/wp\/v2\/media\/45873"}],"wp:attachment":[{"href":"https:\/\/marqalicante-admin.qwair.com\/es\/wp-json\/wp\/v2\/media?parent=45811"}],"wp:term":[{"taxonomy":"product_brand","embeddable":true,"href":"https:\/\/marqalicante-admin.qwair.com\/es\/wp-json\/wp\/v2\/product_brand?post=45811"},{"taxonomy":"product_cat","embeddable":true,"href":"https:\/\/marqalicante-admin.qwair.com\/es\/wp-json\/wp\/v2\/product_cat?post=45811"},{"taxonomy":"product_tag","embeddable":true,"href":"https:\/\/marqalicante-admin.qwair.com\/es\/wp-json\/wp\/v2\/product_tag?post=45811"}],"curies":[{"name":"wp","href":"https:\/\/api.w.org\/{rel}","templated":true}]}}