{"id":45809,"date":"2025-05-16T06:32:21","date_gmt":"2025-05-16T06:32:21","guid":{"rendered":"https:\/\/marqalicante-admin.qwair.com\/producto\/sobre-los-restos-constructivos-de-tierra-en-arqueologia-y-la-metodologia-para-su-estudio-macroscopico\/"},"modified":"2025-06-04T16:24:41","modified_gmt":"2025-06-04T16:24:41","slug":"sobre-los-restos-constructivos-de-tierra-en-arqueologia-y-la-metodologia-para-su-estudio-macroscopico","status":"publish","type":"product","link":"https:\/\/marqalicante-admin.qwair.com\/es\/producto\/sobre-los-restos-constructivos-de-tierra-en-arqueologia-y-la-metodologia-para-su-estudio-macroscopico\/","title":{"rendered":"Sobre los restos constructivos de tierra en arqueolog\u00eda y la metodolog\u00eda para su estudio macrosc\u00f3pico"},"content":{"rendered":"    \n    <div class=\"documento-item\">\n                    <h2 class=\"documento-title\">Sobre los restos constructivos de tierra en arqueolog\u00eda y la metodolog\u00eda para su estudio macrosc\u00f3pico<\/h2>\n        \n                    <p class=\"documento-subtitle\">Mar\u00eda Pastor Quiles<\/p>\n        \n                    <a href=\"https:\/\/marqalicante.com\/contenido\/particulos\/pub_219.pdf\" class=\"documento-btn\" target=\"_blank\" rel=\"noopener\">\n                <i class=\"fas fa-file-pdf\"><\/i> Descargar PDF\n            <\/a>\n            <\/div>\n\n    \n","protected":false},"excerpt":{"rendered":"<p>El estudio de los restos constructivos de barro endurecido proporciona datos de gran relevancia sobre las actividades constructivas y las formas arquitect&oacute;nicas de las sociedades del pasado. Por desgracia&#44; todav&iacute;a en muchos casos estos elementos no suelen ser considerados como un objeto de investigaci&oacute;n relevante&#44; suponiendo para la arqueolog&iacute;a una p&eacute;rdida muy importante de informaci&oacute;n que ya no es recuperable. Todav&iacute;a queda un largo camino por recorrer en este tipo de investigaciones y si aspiramos a que se normalicen y sean cada vez m&aacute;s frecuentes&#44; necesitamos que se preste una atenci&oacute;n mayor a la metodolog&iacute;a que ha de emplearse en ellas. Esto tambi&eacute;n posibilitar&aacute; que se dialogue acerca de la misma&#44; para enriquecerla&#44; mejorarla y mantenerla actualizada respecto a los avances que se producen en otras aproximaciones y t&eacute;cnicas anal&iacute;ticas que hacen m&aacute;s completo el estudio de estos materiales. Con este art&iacute;culo abordamos a modo de propuesta los procedimientos metodol&oacute;gicos implicados en su an&aacute;lisis mediante la observaci&oacute;n directa&#44; a la vez que esperamos contribuir a seguir visibilizando&#44; facilitando y promoviendo el<br \/>estudio de estas evidencias.<\/p>\n","protected":false},"featured_media":45873,"template":"","meta":{"kia_subtitle":""},"product_brand":[],"product_cat":[2913],"product_tag":[],"class_list":{"0":"post-45809","1":"product","2":"type-product","3":"status-publish","4":"has-post-thumbnail","6":"product_cat-articulos","8":"first","9":"instock","10":"virtual","11":"product-type-simple"},"meta_box":{"ia_expediente":"","ia_ano":"","ia_fechas_de_actuacion":"","ia_municipios_comarcas":"","ia_directores":"","ia_periodos_culturales":"","ia_tipos_de_intervencion":"","ia_equipo_tecnico":"","ia_autores":"","ia_promotores":"","ia_deposito_de_materiales":"","ia_coordenadas_utm":""},"_links":{"self":[{"href":"https:\/\/marqalicante-admin.qwair.com\/es\/wp-json\/wp\/v2\/product\/45809","targetHints":{"allow":["GET"]}}],"collection":[{"href":"https:\/\/marqalicante-admin.qwair.com\/es\/wp-json\/wp\/v2\/product"}],"about":[{"href":"https:\/\/marqalicante-admin.qwair.com\/es\/wp-json\/wp\/v2\/types\/product"}],"wp:featuredmedia":[{"embeddable":true,"href":"https:\/\/marqalicante-admin.qwair.com\/es\/wp-json\/wp\/v2\/media\/45873"}],"wp:attachment":[{"href":"https:\/\/marqalicante-admin.qwair.com\/es\/wp-json\/wp\/v2\/media?parent=45809"}],"wp:term":[{"taxonomy":"product_brand","embeddable":true,"href":"https:\/\/marqalicante-admin.qwair.com\/es\/wp-json\/wp\/v2\/product_brand?post=45809"},{"taxonomy":"product_cat","embeddable":true,"href":"https:\/\/marqalicante-admin.qwair.com\/es\/wp-json\/wp\/v2\/product_cat?post=45809"},{"taxonomy":"product_tag","embeddable":true,"href":"https:\/\/marqalicante-admin.qwair.com\/es\/wp-json\/wp\/v2\/product_tag?post=45809"}],"curies":[{"name":"wp","href":"https:\/\/api.w.org\/{rel}","templated":true}]}}