{"id":45808,"date":"2025-05-16T06:32:21","date_gmt":"2025-05-16T06:32:21","guid":{"rendered":"https:\/\/marqalicante-admin.qwair.com\/producto\/excavaciones-en-el-yacimiento-de-cap-prim-xabia-alicante-primeros-resultados\/"},"modified":"2025-06-04T16:24:41","modified_gmt":"2025-06-04T16:24:41","slug":"excavaciones-en-el-yacimiento-de-cap-prim-xabia-alicante-primeros-resultados","status":"publish","type":"product","link":"https:\/\/marqalicante-admin.qwair.com\/es\/producto\/excavaciones-en-el-yacimiento-de-cap-prim-xabia-alicante-primeros-resultados\/","title":{"rendered":"Excavaciones en el yacimiento de Cap Prim (X\u00e0bia&#44; Alicante). Primeros resultados"},"content":{"rendered":"    \n    <div class=\"documento-item\">\n                    <h2 class=\"documento-title\">Excavaciones en el yacimiento de Cap Prim (X\u00e0bia, Alicante). Primeros resultados<\/h2>\n        \n                    <p class=\"documento-subtitle\">Marco A. Esquembre Bebia, Joaquim Bolufer Marqu\u00e9s, Jos\u00e9 Ram\u00f3n Ortega P\u00e9rez, Juan De Dios Boronat Soler, Eloi Poveda, Adri\u00e0 Esquembre Sell\u00e9s<\/p>\n        \n                    <a href=\"https:\/\/marqalicante.com\/contenido\/particulos\/pub_218.pdf\" class=\"documento-btn\" target=\"_blank\" rel=\"noopener\">\n                <i class=\"fas fa-file-pdf\"><\/i> Descargar PDF\n            <\/a>\n            <\/div>\n\n    \n","protected":false},"excerpt":{"rendered":"<p>Las &uacute;ltimas excavaciones realizadas en el yacimiento del Cap Prim (X&agrave;bia) aportan una gran cantidad de material e informaci&oacute;n&#44; las cuales permiten situar al yacimiento en un marco de comercio e intercambio mediterr&aacute;neo y peninsular en el horizonte cronol&oacute;gico del bronce tard&iacute;o. Tanto la cer&aacute;mica de boquique&#44; como la cer&aacute;mica puntillada destacan entre un gran registro cer&aacute;mico que apunta a una pr&aacute;ctica activa de la metalurgia en el propio yacimiento.<\/p>\n","protected":false},"featured_media":45873,"template":"","meta":{"kia_subtitle":""},"product_brand":[],"product_cat":[2913],"product_tag":[],"class_list":{"0":"post-45808","1":"product","2":"type-product","3":"status-publish","4":"has-post-thumbnail","6":"product_cat-articulos","8":"first","9":"instock","10":"virtual","11":"product-type-simple"},"meta_box":{"ia_expediente":"","ia_ano":"","ia_fechas_de_actuacion":"","ia_municipios_comarcas":"","ia_directores":"","ia_periodos_culturales":"","ia_tipos_de_intervencion":"","ia_equipo_tecnico":"","ia_autores":"","ia_promotores":"","ia_deposito_de_materiales":"","ia_coordenadas_utm":""},"_links":{"self":[{"href":"https:\/\/marqalicante-admin.qwair.com\/es\/wp-json\/wp\/v2\/product\/45808","targetHints":{"allow":["GET"]}}],"collection":[{"href":"https:\/\/marqalicante-admin.qwair.com\/es\/wp-json\/wp\/v2\/product"}],"about":[{"href":"https:\/\/marqalicante-admin.qwair.com\/es\/wp-json\/wp\/v2\/types\/product"}],"wp:featuredmedia":[{"embeddable":true,"href":"https:\/\/marqalicante-admin.qwair.com\/es\/wp-json\/wp\/v2\/media\/45873"}],"wp:attachment":[{"href":"https:\/\/marqalicante-admin.qwair.com\/es\/wp-json\/wp\/v2\/media?parent=45808"}],"wp:term":[{"taxonomy":"product_brand","embeddable":true,"href":"https:\/\/marqalicante-admin.qwair.com\/es\/wp-json\/wp\/v2\/product_brand?post=45808"},{"taxonomy":"product_cat","embeddable":true,"href":"https:\/\/marqalicante-admin.qwair.com\/es\/wp-json\/wp\/v2\/product_cat?post=45808"},{"taxonomy":"product_tag","embeddable":true,"href":"https:\/\/marqalicante-admin.qwair.com\/es\/wp-json\/wp\/v2\/product_tag?post=45808"}],"curies":[{"name":"wp","href":"https:\/\/api.w.org\/{rel}","templated":true}]}}