{"id":45799,"date":"2025-05-16T06:32:18","date_gmt":"2025-05-16T06:32:18","guid":{"rendered":"https:\/\/marqalicante-admin.qwair.com\/producto\/un-drenaje-del-siglo-i-d-c-tossal-de-manises-lucentum-alacant-lo-que-cuentan-los-restos-vegetales\/"},"modified":"2025-06-04T16:24:39","modified_gmt":"2025-06-04T16:24:39","slug":"un-drenaje-del-siglo-i-d-c-tossal-de-manises-lucentum-alacant-lo-que-cuentan-los-restos-vegetales","status":"publish","type":"product","link":"https:\/\/marqalicante-admin.qwair.com\/es\/producto\/un-drenaje-del-siglo-i-d-c-tossal-de-manises-lucentum-alacant-lo-que-cuentan-los-restos-vegetales\/","title":{"rendered":"Un drenaje del siglo I d. C. (Tossal de Manises-Lucentum&#44;  Alacant): lo que cuentan los restos vegetales"},"content":{"rendered":"    \n    <div class=\"documento-item\">\n                    <h2 class=\"documento-title\">Un drenaje del siglo I d. C. (Tossal de Manises-Lucentum,  Alacant): lo que cuentan los restos vegetales<\/h2>\n        \n                    <p class=\"documento-subtitle\">A. Guilabert Mas, M. Olcina Dom\u00e9nech, E. Tendero Porras, Y. Carri\u00f3n Marco, G. P\u00e9rez Jord\u00e1 y D. Sabato<\/p>\n        \n                    <a href=\"https:\/\/marqalicante.com\/contenido\/particulos\/pub_209.pdf\" class=\"documento-btn\" target=\"_blank\" rel=\"noopener\">\n                <i class=\"fas fa-file-pdf\"><\/i> Descargar PDF\n            <\/a>\n            <\/div>\n\n    \n","protected":false},"excerpt":{"rendered":"<p>Se presentan los resultados del estudio de los restos arqueobot&aacute;bicos de un dep&oacute;sito excavado en un drenaje del municipio romano de Lucentum&#44; y su contextualizaci&oacute;n a finales del siglo I d. C. Pese a la exig&uuml;idad de los restos&#44; y la parquedad de datos del registro arqueobot&aacute;nico valenciano para &eacute;poca romana&#44; este trabajo muestra las posibilidades que este tipo de an&aacute;lisis ofrece como un elemento m&aacute;s para aproximarse a la historia de las comunidades que han habitado en este territorio a lo largo de la historia&#44; permitiendo el planteamiento de hip&oacute;tesis del &aacute;mbito socio-econ&oacute;mico sobre las que futuras investigaciones deber&aacute;n profundizar<\/p>\n","protected":false},"featured_media":45873,"template":"","meta":{"kia_subtitle":""},"product_brand":[],"product_cat":[2913],"product_tag":[],"class_list":{"0":"post-45799","1":"product","2":"type-product","3":"status-publish","4":"has-post-thumbnail","6":"product_cat-articulos","8":"first","9":"instock","10":"virtual","11":"product-type-simple"},"meta_box":{"ia_expediente":"","ia_ano":"","ia_fechas_de_actuacion":"","ia_municipios_comarcas":"","ia_directores":"","ia_periodos_culturales":"","ia_tipos_de_intervencion":"","ia_equipo_tecnico":"","ia_autores":"","ia_promotores":"","ia_deposito_de_materiales":"","ia_coordenadas_utm":""},"_links":{"self":[{"href":"https:\/\/marqalicante-admin.qwair.com\/es\/wp-json\/wp\/v2\/product\/45799","targetHints":{"allow":["GET"]}}],"collection":[{"href":"https:\/\/marqalicante-admin.qwair.com\/es\/wp-json\/wp\/v2\/product"}],"about":[{"href":"https:\/\/marqalicante-admin.qwair.com\/es\/wp-json\/wp\/v2\/types\/product"}],"wp:featuredmedia":[{"embeddable":true,"href":"https:\/\/marqalicante-admin.qwair.com\/es\/wp-json\/wp\/v2\/media\/45873"}],"wp:attachment":[{"href":"https:\/\/marqalicante-admin.qwair.com\/es\/wp-json\/wp\/v2\/media?parent=45799"}],"wp:term":[{"taxonomy":"product_brand","embeddable":true,"href":"https:\/\/marqalicante-admin.qwair.com\/es\/wp-json\/wp\/v2\/product_brand?post=45799"},{"taxonomy":"product_cat","embeddable":true,"href":"https:\/\/marqalicante-admin.qwair.com\/es\/wp-json\/wp\/v2\/product_cat?post=45799"},{"taxonomy":"product_tag","embeddable":true,"href":"https:\/\/marqalicante-admin.qwair.com\/es\/wp-json\/wp\/v2\/product_tag?post=45799"}],"curies":[{"name":"wp","href":"https:\/\/api.w.org\/{rel}","templated":true}]}}