{"id":45790,"date":"2025-05-16T06:32:15","date_gmt":"2025-05-16T06:32:15","guid":{"rendered":"https:\/\/marqalicante-admin.qwair.com\/producto\/arte-rupestre-en-alicante-la-aportacion-del-centre-destudis-contestans-al-conocimiento-de-esta-manifestacion-artistica-prehistorica\/"},"modified":"2025-06-04T16:24:38","modified_gmt":"2025-06-04T16:24:38","slug":"arte-rupestre-en-alicante-la-aportacion-del-centre-destudis-contestans-al-conocimiento-de-esta-manifestacion-artistica-prehistorica","status":"publish","type":"product","link":"https:\/\/marqalicante-admin.qwair.com\/es\/producto\/arte-rupestre-en-alicante-la-aportacion-del-centre-destudis-contestans-al-conocimiento-de-esta-manifestacion-artistica-prehistorica\/","title":{"rendered":"Arte Rupestre en Alicante. La aportaci\u00f3n del Centre d&#8217;Estudis Contestans al conocimiento de esta manifestaci\u00f3n art\u00edstica prehist\u00f3rica"},"content":{"rendered":"    \n    <div class=\"documento-item\">\n                    <h2 class=\"documento-title\">Arte Rupestre en Alicante. La aportaci\u00f3n del Centre d&#039;Estudis Contestans al conocimiento de esta manifestaci\u00f3n art\u00edstica prehist\u00f3rica<\/h2>\n        \n                    <p class=\"documento-subtitle\">Centre d&#039;Estudis Contestans<\/p>\n        \n                    <a href=\"https:\/\/marqalicante.com\/contenido\/particulos\/pub_200.pdf\" class=\"documento-btn\" target=\"_blank\" rel=\"noopener\">\n                <i class=\"fas fa-file-pdf\"><\/i> Descargar PDF\n            <\/a>\n            <\/div>\n\n    \n","protected":false},"excerpt":{"rendered":"Arte Rupestre en Alicante. La aportaci\u00f3n del Centre d&#039;Estudis Contestans al conocimiento de esta manifestaci\u00f3n<span class=\"excerpt-hellip\"> [\u2026]<\/span>","protected":false},"featured_media":45873,"template":"","meta":{"kia_subtitle":""},"product_brand":[],"product_cat":[2913],"product_tag":[],"class_list":{"0":"post-45790","1":"product","2":"type-product","3":"status-publish","4":"has-post-thumbnail","6":"product_cat-articulos","8":"first","9":"instock","10":"virtual","11":"product-type-simple"},"meta_box":{"ia_expediente":"","ia_ano":"","ia_fechas_de_actuacion":"","ia_municipios_comarcas":"","ia_directores":"","ia_periodos_culturales":"","ia_tipos_de_intervencion":"","ia_equipo_tecnico":"","ia_autores":"","ia_promotores":"","ia_deposito_de_materiales":"","ia_coordenadas_utm":""},"_links":{"self":[{"href":"https:\/\/marqalicante-admin.qwair.com\/es\/wp-json\/wp\/v2\/product\/45790","targetHints":{"allow":["GET"]}}],"collection":[{"href":"https:\/\/marqalicante-admin.qwair.com\/es\/wp-json\/wp\/v2\/product"}],"about":[{"href":"https:\/\/marqalicante-admin.qwair.com\/es\/wp-json\/wp\/v2\/types\/product"}],"wp:featuredmedia":[{"embeddable":true,"href":"https:\/\/marqalicante-admin.qwair.com\/es\/wp-json\/wp\/v2\/media\/45873"}],"wp:attachment":[{"href":"https:\/\/marqalicante-admin.qwair.com\/es\/wp-json\/wp\/v2\/media?parent=45790"}],"wp:term":[{"taxonomy":"product_brand","embeddable":true,"href":"https:\/\/marqalicante-admin.qwair.com\/es\/wp-json\/wp\/v2\/product_brand?post=45790"},{"taxonomy":"product_cat","embeddable":true,"href":"https:\/\/marqalicante-admin.qwair.com\/es\/wp-json\/wp\/v2\/product_cat?post=45790"},{"taxonomy":"product_tag","embeddable":true,"href":"https:\/\/marqalicante-admin.qwair.com\/es\/wp-json\/wp\/v2\/product_tag?post=45790"}],"curies":[{"name":"wp","href":"https:\/\/api.w.org\/{rel}","templated":true}]}}