{"id":45781,"date":"2025-05-16T06:32:11","date_gmt":"2025-05-16T06:32:11","guid":{"rendered":"https:\/\/marqalicante-admin.qwair.com\/producto\/las-decoraciones-figurativas-y-simbolicas-de-las-ceramicas-del-neolitico-antiguo-en-las-comarcas-meridionales-valencianas\/"},"modified":"2025-06-04T16:24:35","modified_gmt":"2025-06-04T16:24:35","slug":"las-decoraciones-figurativas-y-simbolicas-de-las-ceramicas-del-neolitico-antiguo-en-las-comarcas-meridionales-valencianas","status":"publish","type":"product","link":"https:\/\/marqalicante-admin.qwair.com\/es\/producto\/las-decoraciones-figurativas-y-simbolicas-de-las-ceramicas-del-neolitico-antiguo-en-las-comarcas-meridionales-valencianas\/","title":{"rendered":"Las decoraciones figurativas y simb\u00f3licas de las cer\u00e1micas del Neol\u00edtico Antiguo en las comarcas meridionales valencianas"},"content":{"rendered":"    \n    <div class=\"documento-item\">\n                    <h2 class=\"documento-title\">Las decoraciones figurativas y simb\u00f3licas de las cer\u00e1micas del Neol\u00edtico Antiguo en las comarcas meridionales valencianas<\/h2>\n        \n                    <p class=\"documento-subtitle\">Bernat Mart\u00ed, Joaquim Juan y Pablo Garc\u00eda <\/p>\n        \n                    <a href=\"https:\/\/marqalicante.com\/contenido\/particulos\/pub_191.pdf\" class=\"documento-btn\" target=\"_blank\" rel=\"noopener\">\n                <i class=\"fas fa-file-pdf\"><\/i> Descargar PDF\n            <\/a>\n            <\/div>\n\n    \n","protected":false},"excerpt":{"rendered":"Las decoraciones figurativas y simb\u00f3licas de las cer\u00e1micas del Neol\u00edtico Antiguo en las comarcas meridionales<span class=\"excerpt-hellip\"> [\u2026]<\/span>","protected":false},"featured_media":45873,"template":"","meta":{"kia_subtitle":""},"product_brand":[],"product_cat":[2913],"product_tag":[],"class_list":{"0":"post-45781","1":"product","2":"type-product","3":"status-publish","4":"has-post-thumbnail","6":"product_cat-articulos","8":"first","9":"instock","10":"virtual","11":"product-type-simple"},"meta_box":{"ia_expediente":"","ia_ano":"","ia_fechas_de_actuacion":"","ia_municipios_comarcas":"","ia_directores":"","ia_periodos_culturales":"","ia_tipos_de_intervencion":"","ia_equipo_tecnico":"","ia_autores":"","ia_promotores":"","ia_deposito_de_materiales":"","ia_coordenadas_utm":""},"_links":{"self":[{"href":"https:\/\/marqalicante-admin.qwair.com\/es\/wp-json\/wp\/v2\/product\/45781","targetHints":{"allow":["GET"]}}],"collection":[{"href":"https:\/\/marqalicante-admin.qwair.com\/es\/wp-json\/wp\/v2\/product"}],"about":[{"href":"https:\/\/marqalicante-admin.qwair.com\/es\/wp-json\/wp\/v2\/types\/product"}],"wp:featuredmedia":[{"embeddable":true,"href":"https:\/\/marqalicante-admin.qwair.com\/es\/wp-json\/wp\/v2\/media\/45873"}],"wp:attachment":[{"href":"https:\/\/marqalicante-admin.qwair.com\/es\/wp-json\/wp\/v2\/media?parent=45781"}],"wp:term":[{"taxonomy":"product_brand","embeddable":true,"href":"https:\/\/marqalicante-admin.qwair.com\/es\/wp-json\/wp\/v2\/product_brand?post=45781"},{"taxonomy":"product_cat","embeddable":true,"href":"https:\/\/marqalicante-admin.qwair.com\/es\/wp-json\/wp\/v2\/product_cat?post=45781"},{"taxonomy":"product_tag","embeddable":true,"href":"https:\/\/marqalicante-admin.qwair.com\/es\/wp-json\/wp\/v2\/product_tag?post=45781"}],"curies":[{"name":"wp","href":"https:\/\/api.w.org\/{rel}","templated":true}]}}