{"id":45775,"date":"2025-05-16T06:32:10","date_gmt":"2025-05-16T06:32:10","guid":{"rendered":"https:\/\/marqalicante-admin.qwair.com\/producto\/arte-mobiliar-paleolitico-en-la-vertiente-cantabrica-y-la-meseta\/"},"modified":"2025-06-04T16:24:34","modified_gmt":"2025-06-04T16:24:34","slug":"arte-mobiliar-paleolitico-en-la-vertiente-cantabrica-y-la-meseta","status":"publish","type":"product","link":"https:\/\/marqalicante-admin.qwair.com\/es\/producto\/arte-mobiliar-paleolitico-en-la-vertiente-cantabrica-y-la-meseta\/","title":{"rendered":"Arte mobiliar paleol\u00edtico en la vertiente cant\u00e1brica y la Meseta"},"content":{"rendered":"    \n    <div class=\"documento-item\">\n                    <h2 class=\"documento-title\">Arte mobiliar paleol\u00edtico en la vertiente cant\u00e1brica y la Meseta<\/h2>\n        \n                    <p class=\"documento-subtitle\">Ignacio Barandiar\u00e1n<\/p>\n        \n                    <a href=\"https:\/\/marqalicante.com\/contenido\/particulos\/pub_185.pdf\" class=\"documento-btn\" target=\"_blank\" rel=\"noopener\">\n                <i class=\"fas fa-file-pdf\"><\/i> Descargar PDF\n            <\/a>\n            <\/div>\n\n    \n","protected":false},"excerpt":{"rendered":"Arte mobiliar paleol\u00edtico en la vertiente cant\u00e1brica y la Meseta Ignacio Barandiar\u00e1n Descargar PDF","protected":false},"featured_media":45873,"template":"","meta":{"kia_subtitle":""},"product_brand":[],"product_cat":[2913],"product_tag":[],"class_list":{"0":"post-45775","1":"product","2":"type-product","3":"status-publish","4":"has-post-thumbnail","6":"product_cat-articulos","8":"first","9":"instock","10":"virtual","11":"product-type-simple"},"meta_box":{"ia_expediente":"","ia_ano":"","ia_fechas_de_actuacion":"","ia_municipios_comarcas":"","ia_directores":"","ia_periodos_culturales":"","ia_tipos_de_intervencion":"","ia_equipo_tecnico":"","ia_autores":"","ia_promotores":"","ia_deposito_de_materiales":"","ia_coordenadas_utm":""},"_links":{"self":[{"href":"https:\/\/marqalicante-admin.qwair.com\/es\/wp-json\/wp\/v2\/product\/45775","targetHints":{"allow":["GET"]}}],"collection":[{"href":"https:\/\/marqalicante-admin.qwair.com\/es\/wp-json\/wp\/v2\/product"}],"about":[{"href":"https:\/\/marqalicante-admin.qwair.com\/es\/wp-json\/wp\/v2\/types\/product"}],"wp:featuredmedia":[{"embeddable":true,"href":"https:\/\/marqalicante-admin.qwair.com\/es\/wp-json\/wp\/v2\/media\/45873"}],"wp:attachment":[{"href":"https:\/\/marqalicante-admin.qwair.com\/es\/wp-json\/wp\/v2\/media?parent=45775"}],"wp:term":[{"taxonomy":"product_brand","embeddable":true,"href":"https:\/\/marqalicante-admin.qwair.com\/es\/wp-json\/wp\/v2\/product_brand?post=45775"},{"taxonomy":"product_cat","embeddable":true,"href":"https:\/\/marqalicante-admin.qwair.com\/es\/wp-json\/wp\/v2\/product_cat?post=45775"},{"taxonomy":"product_tag","embeddable":true,"href":"https:\/\/marqalicante-admin.qwair.com\/es\/wp-json\/wp\/v2\/product_tag?post=45775"}],"curies":[{"name":"wp","href":"https:\/\/api.w.org\/{rel}","templated":true}]}}