{"id":45767,"date":"2025-05-16T06:32:07","date_gmt":"2025-05-16T06:32:07","guid":{"rendered":"https:\/\/marqalicante-admin.qwair.com\/producto\/propuesta-metodologica-para-optimizar-el-analisis-de-residuos-organicos-sobre-ceramica-arqueologica-el-caso-de-los-recipientes-argaricos\/"},"modified":"2025-06-04T16:24:33","modified_gmt":"2025-06-04T16:24:33","slug":"propuesta-metodologica-para-optimizar-el-analisis-de-residuos-organicos-sobre-ceramica-arqueologica-el-caso-de-los-recipientes-argaricos","status":"publish","type":"product","link":"https:\/\/marqalicante-admin.qwair.com\/es\/producto\/propuesta-metodologica-para-optimizar-el-analisis-de-residuos-organicos-sobre-ceramica-arqueologica-el-caso-de-los-recipientes-argaricos\/","title":{"rendered":"Propuesta metodol\u00f3gica para optimizar el an\u00e1lisis de residuos org\u00e1nicos sobre cer\u00e1mica arqueol\u00f3gica. El caso de los recipientes arg\u00e1ricos"},"content":{"rendered":"    \n    <div class=\"documento-item\">\n                    <h2 class=\"documento-title\">Propuesta metodol\u00f3gica para optimizar el an\u00e1lisis de residuos org\u00e1nicos sobre cer\u00e1mica arqueol\u00f3gica. El caso de los recipientes arg\u00e1ricos<\/h2>\n        \n                    <p class=\"documento-subtitle\">Elena Molina, Antoni Rosell-Mel\u00e9<\/p>\n        \n                    <a href=\"https:\/\/marqalicante.com\/contenido\/particulos\/pub_177.pdf\" class=\"documento-btn\" target=\"_blank\" rel=\"noopener\">\n                <i class=\"fas fa-file-pdf\"><\/i> Descargar PDF\n            <\/a>\n            <\/div>\n\n    \n","protected":false},"excerpt":{"rendered":"<p style=\"margin-left:0cm; margin-right:0cm\"><span style=\"font-size:11pt\"><span style=\"font-family:Calibri&#44;sans-serif\"><span style=\"font-size:9.0pt\"><span style=\"font-family:&quot;DIN2014-Regular&quot;&#44;sans-serif\">El an<\/span><\/span><span style=\"font-size:9.0pt\">&aacute;<\/span><span style=\"font-size:9.0pt\"><span style=\"font-family:&quot;DIN2014-Regular&quot;&#44;sans-serif\">lisis de residuos org<\/span><\/span><span style=\"font-size:9.0pt\">&aacute;<\/span><span style=\"font-size:9.0pt\"><span style=\"font-family:&quot;DIN2014-Regular&quot;&#44;sans-serif\">nicos sobre cer<\/span><\/span><span style=\"font-size:9.0pt\">&aacute;<\/span><span style=\"font-size:9.0pt\"><span style=\"font-family:&quot;DIN2014-Regular&quot;&#44;sans-serif\">micas arqueol<\/span><\/span><span style=\"font-size:9.0pt\">&oacute;<\/span><span style=\"font-size:9.0pt\"><span style=\"font-family:&quot;DIN2014-Regular&quot;&#44;sans-serif\">gicas es una herramienta capaz de caracterizar la funcionalidad de los recipientes analizados. Sin embargo&#44; las conservaciones de los residuos org<\/span><\/span><span style=\"font-size:9.0pt\">&aacute;<\/span><span style=\"font-size:9.0pt\"><span style=\"font-family:&quot;DIN2014-Regular&quot;&#44;sans-serif\">nicos en estos contextos pueden verse afectados por procesos de degradaci<\/span><\/span><span style=\"font-size:9.0pt\">&oacute;<\/span><span style=\"font-size:9.0pt\"><span style=\"font-family:&quot;DIN2014-Regular&quot;&#44;sans-serif\">n y contaminaci<\/span><\/span><span style=\"font-size:9.0pt\">&oacute;<\/span><span style=\"font-size:9.0pt\"><span style=\"font-family:&quot;DIN2014-Regular&quot;&#44;sans-serif\">n que alteran su composici<\/span><\/span><span style=\"font-size:9.0pt\">&oacute;<\/span><span style=\"font-size:9.0pt\"><span style=\"font-family:&quot;DIN2014-Regular&quot;&#44;sans-serif\">n originaria imposibilitando la identificaci<\/span><\/span><span style=\"font-size:9.0pt\">&oacute;<\/span><span style=\"font-size:9.0pt\"><span style=\"font-family:&quot;DIN2014-Regular&quot;&#44;sans-serif\">n de la sustancia de la que proceden. En este contexto&#44; el presente trabajo se centra en definir un protocolo de muestreo optimizado para minimizar dichos elementos. El estudio es precedido por un trabajo&#44; tambi<\/span><\/span><span style=\"font-size:9.0pt\">&eacute;<\/span><span style=\"font-size:9.0pt\"><span style=\"font-family:&quot;DIN2014-Regular&quot;&#44;sans-serif\">n de car<\/span><\/span><span style=\"font-size:9.0pt\">&aacute;<\/span><span style=\"font-size:9.0pt\"><span style=\"font-family:&quot;DIN2014-Regular&quot;&#44;sans-serif\">cter metodol<\/span><\/span><span style=\"font-size:9.0pt\">&oacute;<\/span><span style=\"font-size:9.0pt\"><span style=\"font-family:&quot;DIN2014-Regular&quot;&#44;sans-serif\">gico&#44; destinado a constatar la conservaci<\/span><\/span><span style=\"font-size:9.0pt\">&oacute;<\/span><span style=\"font-size:9.0pt\"><span style=\"font-family:&quot;DIN2014-Regular&quot;&#44;sans-serif\">n de los residuos org<\/span><\/span><span style=\"font-size:9.0pt\">&aacute;<\/span><span style=\"font-size:9.0pt\"><span style=\"font-family:&quot;DIN2014-Regular&quot;&#44;sans-serif\">nicos en el contexto de estudio. El conjunto de piezas incluidas en este estudio proceden de cuatro yacimientos del grupo arqueol<\/span><\/span><span style=\"font-size:9.0pt\">&oacute;<\/span><span style=\"font-size:9.0pt\"><span style=\"font-family:&quot;DIN2014-Regular&quot;&#44;sans-serif\">gico argarico: Gatas (Turre&#44; Almer<\/span><\/span><span style=\"font-size:9.0pt\">&iacute;<\/span><span style=\"font-size:9.0pt\"><span style=\"font-family:&quot;DIN2014-Regular&quot;&#44;sans-serif\">a)&#44; La Bastida (Totana&#44; Murcia)&#44; La Tira del Lienzo (Totana&#44; Murcia) y La Almoloya (Pliego&#44; Murcia)&#44; de los cuales se analizaron los residuos org<\/span><\/span><span style=\"font-size:9.0pt\">&aacute;<\/span><span style=\"font-size:9.0pt\"><span style=\"font-family:&quot;DIN2014-Regular&quot;&#44;sans-serif\">nicos de 85 recipientes procedentes de contextos habitacionales y funerarios datados a lo largo de la diacron<\/span><\/span><span style=\"font-size:9.0pt\">&iacute;<\/span><span style=\"font-size:9.0pt\"><span style=\"font-family:&quot;DIN2014-Regular&quot;&#44;sans-serif\">a argarica (2200-155o cal ANE). El an<\/span><\/span><span style=\"font-size:9.0pt\">&aacute;<\/span><span style=\"font-size:9.0pt\"><span style=\"font-family:&quot;DIN2014-Regular&quot;&#44;sans-serif\">lisis metodol<\/span><\/span><span style=\"font-size:9.0pt\">&oacute;<\/span><span style=\"font-size:9.0pt\"><span style=\"font-family:&quot;DIN2014-Regular&quot;&#44;sans-serif\">gico realizado sobre este <\/span><\/span><em><span style=\"font-size:9.0pt\"><span style=\"font-family:&quot;DIN2014-Italic&quot;&#44;sans-serif\">corpus <\/span><\/span><\/em><span style=\"font-size:9.0pt\"><span style=\"font-family:&quot;DIN2014-Regular&quot;&#44;sans-serif\">material ha permitido generar un protocolo <\/span><\/span><span style=\"font-size:9.0pt\">&uacute;<\/span><span style=\"font-size:9.0pt\"><span style=\"font-family:&quot;DIN2014-Regular&quot;&#44;sans-serif\">nico para el muestreo optimo&#44; en el que se minimizan los elementos de degradaci<\/span><\/span><span style=\"font-size:9.0pt\">&oacute;<\/span><span style=\"font-size:9.0pt\"><span style=\"font-family:&quot;DIN2014-Regular&quot;&#44;sans-serif\">n y contaminaci<\/span><\/span><span style=\"font-size:9.0pt\">&oacute;<\/span><span style=\"font-size:9.0pt\"><span style=\"font-family:&quot;DIN2014-Regular&quot;&#44;sans-serif\">n del contenido arqueol<\/span><\/span><span style=\"font-size:9.0pt\">&oacute;<\/span><span style=\"font-size:9.0pt\"><span style=\"font-family:&quot;DIN2014-Regular&quot;&#44;sans-serif\">gico y que servir<\/span><\/span><span style=\"font-size:9.0pt\">&aacute;<\/span><span style=\"font-size:9.0pt\"><span style=\"font-family:&quot;DIN2014-Regular&quot;&#44;sans-serif\"> como soporte metodol<\/span><\/span><span style=\"font-size:9.0pt\">&oacute;<\/span><span style=\"font-size:9.0pt\"><span style=\"font-family:&quot;DIN2014-Regular&quot;&#44;sans-serif\">gico para futuras investigaciones de residuos org<\/span><\/span><span style=\"font-size:9.0pt\">&aacute;<\/span><span style=\"font-size:9.0pt\"><span style=\"font-family:&quot;DIN2014-Regular&quot;&#44;sans-serif\">nicos.<\/span><\/span><\/span><\/span><\/p>\n","protected":false},"featured_media":45873,"template":"","meta":{"kia_subtitle":""},"product_brand":[],"product_cat":[2913],"product_tag":[],"class_list":{"0":"post-45767","1":"product","2":"type-product","3":"status-publish","4":"has-post-thumbnail","6":"product_cat-articulos","8":"first","9":"instock","10":"virtual","11":"product-type-simple"},"meta_box":{"ia_expediente":"","ia_ano":"","ia_fechas_de_actuacion":"","ia_municipios_comarcas":"","ia_directores":"","ia_periodos_culturales":"","ia_tipos_de_intervencion":"","ia_equipo_tecnico":"","ia_autores":"","ia_promotores":"","ia_deposito_de_materiales":"","ia_coordenadas_utm":""},"_links":{"self":[{"href":"https:\/\/marqalicante-admin.qwair.com\/es\/wp-json\/wp\/v2\/product\/45767","targetHints":{"allow":["GET"]}}],"collection":[{"href":"https:\/\/marqalicante-admin.qwair.com\/es\/wp-json\/wp\/v2\/product"}],"about":[{"href":"https:\/\/marqalicante-admin.qwair.com\/es\/wp-json\/wp\/v2\/types\/product"}],"wp:featuredmedia":[{"embeddable":true,"href":"https:\/\/marqalicante-admin.qwair.com\/es\/wp-json\/wp\/v2\/media\/45873"}],"wp:attachment":[{"href":"https:\/\/marqalicante-admin.qwair.com\/es\/wp-json\/wp\/v2\/media?parent=45767"}],"wp:term":[{"taxonomy":"product_brand","embeddable":true,"href":"https:\/\/marqalicante-admin.qwair.com\/es\/wp-json\/wp\/v2\/product_brand?post=45767"},{"taxonomy":"product_cat","embeddable":true,"href":"https:\/\/marqalicante-admin.qwair.com\/es\/wp-json\/wp\/v2\/product_cat?post=45767"},{"taxonomy":"product_tag","embeddable":true,"href":"https:\/\/marqalicante-admin.qwair.com\/es\/wp-json\/wp\/v2\/product_tag?post=45767"}],"curies":[{"name":"wp","href":"https:\/\/api.w.org\/{rel}","templated":true}]}}