{"id":45766,"date":"2025-05-16T06:32:07","date_gmt":"2025-05-16T06:32:07","guid":{"rendered":"https:\/\/marqalicante-admin.qwair.com\/producto\/arquitectura-megalitica-en-el-sureste-de-la-peninsula-iberica-analisis-inicial-de-los-sepulturas-de-corredor-camara-circular-y-cubierta-plana-de-las-necropolis-de-los-millares-los-rubialillos-y-las\/"},"modified":"2025-06-04T16:24:33","modified_gmt":"2025-06-04T16:24:33","slug":"arquitectura-megalitica-en-el-sureste-de-la-peninsula-iberica-analisis-inicial-de-los-sepulturas-de-corredor-camara-circular-y-cubierta-plana-de-las-necropolis-de-los-millares-los-rubialillos-y-las","status":"publish","type":"product","link":"https:\/\/marqalicante-admin.qwair.com\/es\/producto\/arquitectura-megalitica-en-el-sureste-de-la-peninsula-iberica-analisis-inicial-de-los-sepulturas-de-corredor-camara-circular-y-cubierta-plana-de-las-necropolis-de-los-millares-los-rubialillos-y-las\/","title":{"rendered":"Arquitectura megal\u00edtica en el sureste de la pen\u00ednsula ib\u00e9rica. An\u00e1lisis inicial de los sepulturas de corredor&#44; c\u00e1mara circular y cubierta plana de las necr\u00f3polis de Los Millares&#44; Los Rubialillos Y Las Pe\u00f1icas-El Tejar (Almer\u00eda)"},"content":{"rendered":"    \n    <div class=\"documento-item\">\n                    <h2 class=\"documento-title\">Arquitectura megal\u00edtica en el sureste de la pen\u00ednsula ib\u00e9rica. An\u00e1lisis inicial de los sepulturas de corredor, c\u00e1mara circular y cubierta plana de las necr\u00f3polis de Los Millares, Los Rubialillos Y Las Pe\u00f1icas-El Tejar (Almer\u00eda)<\/h2>\n        \n                    <p class=\"documento-subtitle\">Mar\u00eda Eugenia Calv\u00edn Velasco<\/p>\n        \n                    <a href=\"https:\/\/marqalicante.com\/contenido\/particulos\/pub_176.pdf\" class=\"documento-btn\" target=\"_blank\" rel=\"noopener\">\n                <i class=\"fas fa-file-pdf\"><\/i> Descargar PDF\n            <\/a>\n            <\/div>\n\n    \n","protected":false},"excerpt":{"rendered":"<p style=\"margin-left:0cm; margin-right:0cm\"><span style=\"font-size:11pt\"><span style=\"font-family:Calibri&#44;sans-serif\"><span style=\"font-size:9.0pt\"><span style=\"font-family:&quot;DIN2014-Regular&quot;&#44;sans-serif\">Se presenta el an<\/span><\/span><span style=\"font-size:9.0pt\">&aacute;<\/span><span style=\"font-size:9.0pt\"><span style=\"font-family:&quot;DIN2014-Regular&quot;&#44;sans-serif\">lisis arquitect<\/span><\/span><span style=\"font-size:9.0pt\">&oacute;<\/span><span style=\"font-size:9.0pt\"><span style=\"font-family:&quot;DIN2014-Regular&quot;&#44;sans-serif\">nico de una serie de necr<\/span><\/span><span style=\"font-size:9.0pt\">&oacute;<\/span><span style=\"font-size:9.0pt\"><span style=\"font-family:&quot;DIN2014-Regular&quot;&#44;sans-serif\">polis del Grupo Arqueol<\/span><\/span><span style=\"font-size:9.0pt\">&oacute;<\/span><span style=\"font-size:9.0pt\"><span style=\"font-family:&quot;DIN2014-Regular&quot;&#44;sans-serif\">gico de Los Millares con el objetivo de constatar la presencia de una nueva tipolog<\/span><\/span><span style=\"font-size:9.0pt\">&iacute;<\/span><span style=\"font-size:9.0pt\"><span style=\"font-family:&quot;DIN2014-Regular&quot;&#44;sans-serif\">a de sepulcros con corredor de acceso y c<\/span><\/span><span style=\"font-size:9.0pt\">&aacute;<\/span><span style=\"font-size:9.0pt\"><span style=\"font-family:&quot;DIN2014-Regular&quot;&#44;sans-serif\">mara circular. A trav<\/span><\/span><span style=\"font-size:9.0pt\">&eacute;<\/span><span style=\"font-size:9.0pt\"><span style=\"font-family:&quot;DIN2014-Regular&quot;&#44;sans-serif\">s del estudio&#44; principalmente del di<\/span><\/span><span style=\"font-size:9.0pt\">&aacute;<\/span><span style=\"font-size:9.0pt\"><span style=\"font-family:&quot;DIN2014-Regular&quot;&#44;sans-serif\">metro de la c<\/span><\/span><span style=\"font-size:9.0pt\">&aacute;<\/span><span style=\"font-size:9.0pt\"><span style=\"font-family:&quot;DIN2014-Regular&quot;&#44;sans-serif\">mara sepulcral&#44; y de la presencia de otros caracteres arquitect<\/span><\/span><span style=\"font-size:9.0pt\">&oacute;<\/span><span style=\"font-size:9.0pt\"><span style=\"font-family:&quot;DIN2014-Regular&quot;&#44;sans-serif\">nicos como los anillos conc<\/span><\/span><span style=\"font-size:9.0pt\">&eacute;<\/span><span style=\"font-size:9.0pt\"><span style=\"font-family:&quot;DIN2014-Regular&quot;&#44;sans-serif\">ntricos y lajas de piedra&#44; la excavaci<\/span><\/span><span style=\"font-size:9.0pt\">&oacute;<\/span><span style=\"font-size:9.0pt\"><span style=\"font-family:&quot;DIN2014-Regular&quot;&#44;sans-serif\">n de la construcci<\/span><\/span><span style=\"font-size:9.0pt\">&oacute;<\/span><span style=\"font-size:9.0pt\"><span style=\"font-family:&quot;DIN2014-Regular&quot;&#44;sans-serif\">n en el sustrato geol<\/span><\/span><span style=\"font-size:9.0pt\">&oacute;<\/span><span style=\"font-size:9.0pt\"><span style=\"font-family:&quot;DIN2014-Regular&quot;&#44;sans-serif\">gico y el tama<\/span><\/span><span style=\"font-size:9.0pt\">&ntilde;<\/span><span style=\"font-size:9.0pt\"><span style=\"font-family:&quot;DIN2014-Regular&quot;&#44;sans-serif\">o del t<\/span><\/span><span style=\"font-size:9.0pt\">&uacute;<\/span><span style=\"font-size:9.0pt\"><span style=\"font-family:&quot;DIN2014-Regular&quot;&#44;sans-serif\">mulo&#44; se establece una diferenciaci<\/span><\/span><span style=\"font-size:9.0pt\">&oacute;<\/span><span style=\"font-size:9.0pt\"><span style=\"font-family:&quot;DIN2014-Regular&quot;&#44;sans-serif\">n entre el tipo de cubrici<\/span><\/span><span style=\"font-size:9.0pt\">&oacute;<\/span><span style=\"font-size:9.0pt\"><span style=\"font-family:&quot;DIN2014-Regular&quot;&#44;sans-serif\">n de las sepulturas de c<\/span><\/span><span style=\"font-size:9.0pt\">&aacute;<\/span><span style=\"font-size:9.0pt\"><span style=\"font-family:&quot;DIN2014-Regular&quot;&#44;sans-serif\">mara circular&#44; los tradicionales tholoi o sepulturas de falsa c<\/span><\/span><span style=\"font-size:9.0pt\">&uacute;<\/span><span style=\"font-size:9.0pt\"><span style=\"font-family:&quot;DIN2014-Regular&quot;&#44;sans-serif\">pula&#44; y las sepulturas de cubierta plana. Posteriormente se procede a una breve evaluaci<\/span><\/span><span style=\"font-size:9.0pt\">&oacute;<\/span><span style=\"font-size:9.0pt\"><span style=\"font-family:&quot;DIN2014-Regular&quot;&#44;sans-serif\">n social a trav<\/span><\/span><span style=\"font-size:9.0pt\">&eacute;<\/span><span style=\"font-size:9.0pt\"><span style=\"font-family:&quot;DIN2014-Regular&quot;&#44;sans-serif\">s del an<\/span><\/span><span style=\"font-size:9.0pt\">&aacute;<\/span><span style=\"font-size:9.0pt\"><span style=\"font-family:&quot;DIN2014-Regular&quot;&#44;sans-serif\">lisis de los ajuares para tratar de establecer una vinculaci<\/span><\/span><span style=\"font-size:9.0pt\">&oacute;<\/span><span style=\"font-size:9.0pt\"><span style=\"font-family:&quot;DIN2014-Regular&quot;&#44;sans-serif\">n entre estatus social y tipolog<\/span><\/span><span style=\"font-size:9.0pt\">&iacute;<\/span><span style=\"font-size:9.0pt\"><span style=\"font-family:&quot;DIN2014-Regular&quot;&#44;sans-serif\">a arquitect<\/span><\/span><span style=\"font-size:9.0pt\">&oacute;<\/span><span style=\"font-size:9.0pt\"><span style=\"font-family:&quot;DIN2014-Regular&quot;&#44;sans-serif\">nica&#44; teniendo en cuenta la importancia del ritual funerario en los procesos de desarrollo de la desigualdad social durante el Calcolitico en el Sureste.<\/span><\/span><\/span><\/span><\/p>\n","protected":false},"featured_media":45873,"template":"","meta":{"kia_subtitle":""},"product_brand":[],"product_cat":[2913],"product_tag":[],"class_list":{"0":"post-45766","1":"product","2":"type-product","3":"status-publish","4":"has-post-thumbnail","6":"product_cat-articulos","8":"first","9":"instock","10":"virtual","11":"product-type-simple"},"meta_box":{"ia_expediente":"","ia_ano":"","ia_fechas_de_actuacion":"","ia_municipios_comarcas":"","ia_directores":"","ia_periodos_culturales":"","ia_tipos_de_intervencion":"","ia_equipo_tecnico":"","ia_autores":"","ia_promotores":"","ia_deposito_de_materiales":"","ia_coordenadas_utm":""},"_links":{"self":[{"href":"https:\/\/marqalicante-admin.qwair.com\/es\/wp-json\/wp\/v2\/product\/45766","targetHints":{"allow":["GET"]}}],"collection":[{"href":"https:\/\/marqalicante-admin.qwair.com\/es\/wp-json\/wp\/v2\/product"}],"about":[{"href":"https:\/\/marqalicante-admin.qwair.com\/es\/wp-json\/wp\/v2\/types\/product"}],"wp:featuredmedia":[{"embeddable":true,"href":"https:\/\/marqalicante-admin.qwair.com\/es\/wp-json\/wp\/v2\/media\/45873"}],"wp:attachment":[{"href":"https:\/\/marqalicante-admin.qwair.com\/es\/wp-json\/wp\/v2\/media?parent=45766"}],"wp:term":[{"taxonomy":"product_brand","embeddable":true,"href":"https:\/\/marqalicante-admin.qwair.com\/es\/wp-json\/wp\/v2\/product_brand?post=45766"},{"taxonomy":"product_cat","embeddable":true,"href":"https:\/\/marqalicante-admin.qwair.com\/es\/wp-json\/wp\/v2\/product_cat?post=45766"},{"taxonomy":"product_tag","embeddable":true,"href":"https:\/\/marqalicante-admin.qwair.com\/es\/wp-json\/wp\/v2\/product_tag?post=45766"}],"curies":[{"name":"wp","href":"https:\/\/api.w.org\/{rel}","templated":true}]}}