{"id":45765,"date":"2025-05-16T06:32:06","date_gmt":"2025-05-16T06:32:06","guid":{"rendered":"https:\/\/marqalicante-admin.qwair.com\/producto\/cerro-ortega-villanueva-de-la-fuente-ciudad-real-un-abrigo-sepulcral-con-inhumacion-multiple-durante-la-transicion-neolitico-calcolitico-al-sur-de-la-meseta\/"},"modified":"2025-06-04T16:24:32","modified_gmt":"2025-06-04T16:24:32","slug":"cerro-ortega-villanueva-de-la-fuente-ciudad-real-un-abrigo-sepulcral-con-inhumacion-multiple-durante-la-transicion-neolitico-calcolitico-al-sur-de-la-meseta","status":"publish","type":"product","link":"https:\/\/marqalicante-admin.qwair.com\/es\/producto\/cerro-ortega-villanueva-de-la-fuente-ciudad-real-un-abrigo-sepulcral-con-inhumacion-multiple-durante-la-transicion-neolitico-calcolitico-al-sur-de-la-meseta\/","title":{"rendered":"Cerro Ortega (Villanueva de la Fuente&#44; Ciudad Real): un abrigo sepulcral con inhumaci\u00f3n m\u00faltiple durante la transici\u00f3n neol\u00edtico-calcol\u00edtico al sur de la meseta"},"content":{"rendered":"    \n    <div class=\"documento-item\">\n                    <h2 class=\"documento-title\">Cerro Ortega (Villanueva de la Fuente, Ciudad Real): un abrigo sepulcral con inhumaci\u00f3n m\u00faltiple durante la transici\u00f3n neol\u00edtico-calcol\u00edtico al sur de la meseta<\/h2>\n        \n                    <p class=\"documento-subtitle\">Luis Benitez de Lugo Enrich, Luis Ala\u00f1on Flox, Carlos Barrio Aldea, Inmaculada Donate Carretero, Marta Frances Negro, Belen Marquez Mora, Gabriel Menchen Herreros, Jaime Moraleda Sierra, Juan Manuel Rojas Rodriguez Malo, Domingo C. Salazar-Garcia<\/p>\n        \n                    <a href=\"https:\/\/marqalicante.com\/contenido\/particulos\/pub_175.pdf\" class=\"documento-btn\" target=\"_blank\" rel=\"noopener\">\n                <i class=\"fas fa-file-pdf\"><\/i> Descargar PDF\n            <\/a>\n            <\/div>\n\n    \n","protected":false},"excerpt":{"rendered":"<p style=\"margin-left:0cm; margin-right:0cm\"><span style=\"font-size:11pt\"><span style=\"font-family:Calibri&#44;sans-serif\"><span style=\"font-size:9.0pt\"><span style=\"font-family:&quot;DIN2014-Regular&quot;&#44;sans-serif\">Este trabajo supone una actualizacion de la documentacion disponible sobre la necropolis del Cerro Ortega&#44; que incluye nuevas dataciones absolutas y su contexto cultural. Se aportan datos y materiales ineditos sobre algunos sitios arqueologicos fundamentales para comprender los procesos de cambio cultural entre los IV y III milenios cal BC en el interior peninsular: Cerro Ortega (Villanueva de la Fuente)&#44; Villamayor de Calatrava&#44; Vega de los Morales (Aldea del Rey)&#44; Cueva Maturras (Argamasilla de Alba) y La Jalbegada (San Lorenzo de Calatrava)&#44; entre otros. La presentacion de pulseras de piedra&#44; idolos&#44; adornos personales de concha&#44; hueso&#44; pizarra&#44; clinocloro&#44; clinoferrosilita y calcita&#44; asi como la orientacion a eventos astronomicos de un refugio sepulcral&#44; proporciona informacion sobre los aspectos simbolicos de las primeras comunidades productoras de La Mancha. El estudio permite avanzar en el conocimiento de las bases neoliticas que permitieron formar el substrato calcolitico de la Cultura de las Motillas.<\/span><\/span><\/span><\/span><\/p>\n","protected":false},"featured_media":45873,"template":"","meta":{"kia_subtitle":""},"product_brand":[],"product_cat":[2913],"product_tag":[],"class_list":{"0":"post-45765","1":"product","2":"type-product","3":"status-publish","4":"has-post-thumbnail","6":"product_cat-articulos","8":"first","9":"instock","10":"virtual","11":"product-type-simple"},"meta_box":{"ia_expediente":"","ia_ano":"","ia_fechas_de_actuacion":"","ia_municipios_comarcas":"","ia_directores":"","ia_periodos_culturales":"","ia_tipos_de_intervencion":"","ia_equipo_tecnico":"","ia_autores":"","ia_promotores":"","ia_deposito_de_materiales":"","ia_coordenadas_utm":""},"_links":{"self":[{"href":"https:\/\/marqalicante-admin.qwair.com\/es\/wp-json\/wp\/v2\/product\/45765","targetHints":{"allow":["GET"]}}],"collection":[{"href":"https:\/\/marqalicante-admin.qwair.com\/es\/wp-json\/wp\/v2\/product"}],"about":[{"href":"https:\/\/marqalicante-admin.qwair.com\/es\/wp-json\/wp\/v2\/types\/product"}],"wp:featuredmedia":[{"embeddable":true,"href":"https:\/\/marqalicante-admin.qwair.com\/es\/wp-json\/wp\/v2\/media\/45873"}],"wp:attachment":[{"href":"https:\/\/marqalicante-admin.qwair.com\/es\/wp-json\/wp\/v2\/media?parent=45765"}],"wp:term":[{"taxonomy":"product_brand","embeddable":true,"href":"https:\/\/marqalicante-admin.qwair.com\/es\/wp-json\/wp\/v2\/product_brand?post=45765"},{"taxonomy":"product_cat","embeddable":true,"href":"https:\/\/marqalicante-admin.qwair.com\/es\/wp-json\/wp\/v2\/product_cat?post=45765"},{"taxonomy":"product_tag","embeddable":true,"href":"https:\/\/marqalicante-admin.qwair.com\/es\/wp-json\/wp\/v2\/product_tag?post=45765"}],"curies":[{"name":"wp","href":"https:\/\/api.w.org\/{rel}","templated":true}]}}