{"id":45760,"date":"2025-05-16T06:32:04","date_gmt":"2025-05-16T06:32:04","guid":{"rendered":"https:\/\/marqalicante-admin.qwair.com\/producto\/un-conjunto-defensivo-andalusi-en-la-yibal-balansiya-resultados-preliminares-de-la-muralla-sureste-del-castellar-dalcoi-alicante\/"},"modified":"2025-06-04T16:24:32","modified_gmt":"2025-06-04T16:24:32","slug":"un-conjunto-defensivo-andalusi-en-la-yibal-balansiya-resultados-preliminares-de-la-muralla-sureste-del-castellar-dalcoi-alicante","status":"publish","type":"product","link":"https:\/\/marqalicante-admin.qwair.com\/es\/producto\/un-conjunto-defensivo-andalusi-en-la-yibal-balansiya-resultados-preliminares-de-la-muralla-sureste-del-castellar-dalcoi-alicante\/","title":{"rendered":"Un conjunto defensivo andalus\u00ed en la \u0176ib\u0101l Balansiya. Resultados preliminares de la muralla sureste del Castellar d\u00b4Alcoi (Alicante)"},"content":{"rendered":"    \n    <div class=\"documento-item\">\n                    <h2 class=\"documento-title\">Un conjunto defensivo andalus\u00ed en la \u0176ib\u0101l Balansiya. Resultados preliminares de la muralla sureste del Castellar d\u00b4Alcoi (Alicante)<\/h2>\n        \n                    <p class=\"documento-subtitle\">Germ\u00e1n P\u00e9rez Bot\u00ed<\/p>\n        \n                    <a href=\"https:\/\/marqalicante.com\/contenido\/particulos\/pub_170.pdf\" class=\"documento-btn\" target=\"_blank\" rel=\"noopener\">\n                <i class=\"fas fa-file-pdf\"><\/i> Descargar PDF\n            <\/a>\n            <\/div>\n\n    \n","protected":false},"excerpt":{"rendered":"<p>Presentamos los trabajos arqueol&oacute;gicos&#44; llevados a cabo durante las campa&ntilde;as de excavaci&oacute;n de 2016 y 2019 en el Sector 2 del Castellar d&#39;Alcoi (Alicante)&#44; enmarcados en el proyecto &ldquo;El h&icirc;\u1e63n isl&aacute;mico del Castellar d&acute;Alcoi&rdquo;. Los resultados de las intervenciones han sacado a la luz un conjunto defensivo de finales del siglo X y principios del siglo XI.<\/p>\n","protected":false},"featured_media":45873,"template":"","meta":{"kia_subtitle":""},"product_brand":[],"product_cat":[2913],"product_tag":[],"class_list":{"0":"post-45760","1":"product","2":"type-product","3":"status-publish","4":"has-post-thumbnail","6":"product_cat-articulos","8":"first","9":"instock","10":"virtual","11":"product-type-simple"},"meta_box":{"ia_expediente":"","ia_ano":"","ia_fechas_de_actuacion":"","ia_municipios_comarcas":"","ia_directores":"","ia_periodos_culturales":"","ia_tipos_de_intervencion":"","ia_equipo_tecnico":"","ia_autores":"","ia_promotores":"","ia_deposito_de_materiales":"","ia_coordenadas_utm":""},"_links":{"self":[{"href":"https:\/\/marqalicante-admin.qwair.com\/es\/wp-json\/wp\/v2\/product\/45760","targetHints":{"allow":["GET"]}}],"collection":[{"href":"https:\/\/marqalicante-admin.qwair.com\/es\/wp-json\/wp\/v2\/product"}],"about":[{"href":"https:\/\/marqalicante-admin.qwair.com\/es\/wp-json\/wp\/v2\/types\/product"}],"wp:featuredmedia":[{"embeddable":true,"href":"https:\/\/marqalicante-admin.qwair.com\/es\/wp-json\/wp\/v2\/media\/45873"}],"wp:attachment":[{"href":"https:\/\/marqalicante-admin.qwair.com\/es\/wp-json\/wp\/v2\/media?parent=45760"}],"wp:term":[{"taxonomy":"product_brand","embeddable":true,"href":"https:\/\/marqalicante-admin.qwair.com\/es\/wp-json\/wp\/v2\/product_brand?post=45760"},{"taxonomy":"product_cat","embeddable":true,"href":"https:\/\/marqalicante-admin.qwair.com\/es\/wp-json\/wp\/v2\/product_cat?post=45760"},{"taxonomy":"product_tag","embeddable":true,"href":"https:\/\/marqalicante-admin.qwair.com\/es\/wp-json\/wp\/v2\/product_tag?post=45760"}],"curies":[{"name":"wp","href":"https:\/\/api.w.org\/{rel}","templated":true}]}}