{"id":45759,"date":"2025-05-16T06:32:04","date_gmt":"2025-05-16T06:32:04","guid":{"rendered":"https:\/\/marqalicante-admin.qwair.com\/producto\/el-torso-del-guerrero-de-monforte-del-cid-alicante-y-otros-fragmentos-de-esculturas-halladas-en-la-necropolis-iberica-de-camino-del-rio\/"},"modified":"2025-06-04T16:24:31","modified_gmt":"2025-06-04T16:24:31","slug":"el-torso-del-guerrero-de-monforte-del-cid-alicante-y-otros-fragmentos-de-esculturas-halladas-en-la-necropolis-iberica-de-camino-del-rio","status":"publish","type":"product","link":"https:\/\/marqalicante-admin.qwair.com\/es\/producto\/el-torso-del-guerrero-de-monforte-del-cid-alicante-y-otros-fragmentos-de-esculturas-halladas-en-la-necropolis-iberica-de-camino-del-rio\/","title":{"rendered":"El torso del Guerrero de Monforte del Cid (Alicante) y otros fragmentos de esculturas halladas en la necr\u00f3polis ib\u00e9rica de Camino del R\u00edo"},"content":{"rendered":"    \n    <div class=\"documento-item\">\n                    <h2 class=\"documento-title\">El torso del Guerrero de Monforte del Cid (Alicante) y otros fragmentos de esculturas halladas en la necr\u00f3polis ib\u00e9rica de Camino del R\u00edo<\/h2>\n        \n                    <p class=\"documento-subtitle\">Francisco Andr\u00e9s Molina Mas<\/p>\n        \n                    <a href=\"https:\/\/marqalicante.com\/contenido\/particulos\/pub_169.pdf\" class=\"documento-btn\" target=\"_blank\" rel=\"noopener\">\n                <i class=\"fas fa-file-pdf\"><\/i> Descargar PDF\n            <\/a>\n            <\/div>\n\n    \n","protected":false},"excerpt":{"rendered":"<p>La excavaci&oacute;n arqueol&oacute;gica del yacimiento de Camino del R&iacute;o (Monforte del Cid&#44; Alicante) ha permitido conocer&#44; por fin&#44; la ubicaci&oacute;n de la necr&oacute;polis de &eacute;poca ib&eacute;rica a la que pertenecen el pilar-estela y las esculturas de toro halladas a principios de la d&eacute;cada de los 70 del siglo pasado en El Arenero&#44; a 500 m al Oeste. Adem&aacute;s&#44; en ella se encontraron nuevos fragmentos escult&oacute;ricos tallados sobre caliza de la cantera local de El Ferriol&#44; entre los que destaca el torso de un guerrero&#44; una mano&#44; un friso con palmetas y varios trozos de toros. Esas esculturas y las piezas de ajuar encontradas en los loculi datan la necr&oacute;polis entre finales del siglo VI y el &uacute;ltimo cuarto del siglo V a.C.<\/p>\n","protected":false},"featured_media":45873,"template":"","meta":{"kia_subtitle":""},"product_brand":[],"product_cat":[2913],"product_tag":[],"class_list":{"0":"post-45759","1":"product","2":"type-product","3":"status-publish","4":"has-post-thumbnail","6":"product_cat-articulos","8":"first","9":"instock","10":"virtual","11":"product-type-simple"},"meta_box":{"ia_expediente":"","ia_ano":"","ia_fechas_de_actuacion":"","ia_municipios_comarcas":"","ia_directores":"","ia_periodos_culturales":"","ia_tipos_de_intervencion":"","ia_equipo_tecnico":"","ia_autores":"","ia_promotores":"","ia_deposito_de_materiales":"","ia_coordenadas_utm":""},"_links":{"self":[{"href":"https:\/\/marqalicante-admin.qwair.com\/es\/wp-json\/wp\/v2\/product\/45759","targetHints":{"allow":["GET"]}}],"collection":[{"href":"https:\/\/marqalicante-admin.qwair.com\/es\/wp-json\/wp\/v2\/product"}],"about":[{"href":"https:\/\/marqalicante-admin.qwair.com\/es\/wp-json\/wp\/v2\/types\/product"}],"wp:featuredmedia":[{"embeddable":true,"href":"https:\/\/marqalicante-admin.qwair.com\/es\/wp-json\/wp\/v2\/media\/45873"}],"wp:attachment":[{"href":"https:\/\/marqalicante-admin.qwair.com\/es\/wp-json\/wp\/v2\/media?parent=45759"}],"wp:term":[{"taxonomy":"product_brand","embeddable":true,"href":"https:\/\/marqalicante-admin.qwair.com\/es\/wp-json\/wp\/v2\/product_brand?post=45759"},{"taxonomy":"product_cat","embeddable":true,"href":"https:\/\/marqalicante-admin.qwair.com\/es\/wp-json\/wp\/v2\/product_cat?post=45759"},{"taxonomy":"product_tag","embeddable":true,"href":"https:\/\/marqalicante-admin.qwair.com\/es\/wp-json\/wp\/v2\/product_tag?post=45759"}],"curies":[{"name":"wp","href":"https:\/\/api.w.org\/{rel}","templated":true}]}}