{"id":45757,"date":"2025-05-16T06:32:03","date_gmt":"2025-05-16T06:32:03","guid":{"rendered":"https:\/\/marqalicante-admin.qwair.com\/producto\/reutilizacion-y-arquitectura-a-proposito-del-reuso-de-materiales-en-la-edificacion-prehistorica-de-la-peninsula-iberica\/"},"modified":"2025-06-04T16:24:31","modified_gmt":"2025-06-04T16:24:31","slug":"reutilizacion-y-arquitectura-a-proposito-del-reuso-de-materiales-en-la-edificacion-prehistorica-de-la-peninsula-iberica","status":"publish","type":"product","link":"https:\/\/marqalicante-admin.qwair.com\/es\/producto\/reutilizacion-y-arquitectura-a-proposito-del-reuso-de-materiales-en-la-edificacion-prehistorica-de-la-peninsula-iberica\/","title":{"rendered":"Reutilizaci\u00f3n y arquitectura. A prop\u00f3sito del reuso de materiales en la edificaci\u00f3n prehist\u00f3rica de la pen\u00ednsula ib\u00e9rica"},"content":{"rendered":"    \n    <div class=\"documento-item\">\n                    <h2 class=\"documento-title\">Reutilizaci\u00f3n y arquitectura. A prop\u00f3sito del reuso de materiales en la edificaci\u00f3n prehist\u00f3rica de la pen\u00ednsula ib\u00e9rica<\/h2>\n        \n                    <p class=\"documento-subtitle\">Mar\u00eda Pastor Quiles<\/p>\n        \n                    <a href=\"https:\/\/marqalicante.com\/contenido\/particulos\/pub_167.pdf\" class=\"documento-btn\" target=\"_blank\" rel=\"noopener\">\n                <i class=\"fas fa-file-pdf\"><\/i> Descargar PDF\n            <\/a>\n            <\/div>\n\n    \n","protected":false},"excerpt":{"rendered":"<p>La reutilizaci&oacute;n de materias primas y artefactos se ha practicado por las comunidades humanas desde tiempos paleol&iacute;ticos. En el &aacute;mbito de la arquitectura&#44; la reutilizaci&oacute;n puede aplicarse a los espacios &minus;reuso de un edificio o de partes del mismo&minus; y a los materiales. Con este art&iacute;culo pretendemos contribuir a visibilizar la extensi&oacute;n y la importancia de las pr&aacute;cticas de reempleo de materiales en el &aacute;mbito de la construcci&oacute;n en la Prehistoria reciente de la pen&iacute;nsula ib&eacute;rica.<\/p>\n","protected":false},"featured_media":45873,"template":"","meta":{"kia_subtitle":""},"product_brand":[],"product_cat":[2913],"product_tag":[],"class_list":{"0":"post-45757","1":"product","2":"type-product","3":"status-publish","4":"has-post-thumbnail","6":"product_cat-articulos","8":"first","9":"instock","10":"virtual","11":"product-type-simple"},"meta_box":{"ia_expediente":"","ia_ano":"","ia_fechas_de_actuacion":"","ia_municipios_comarcas":"","ia_directores":"","ia_periodos_culturales":"","ia_tipos_de_intervencion":"","ia_equipo_tecnico":"","ia_autores":"","ia_promotores":"","ia_deposito_de_materiales":"","ia_coordenadas_utm":""},"_links":{"self":[{"href":"https:\/\/marqalicante-admin.qwair.com\/es\/wp-json\/wp\/v2\/product\/45757","targetHints":{"allow":["GET"]}}],"collection":[{"href":"https:\/\/marqalicante-admin.qwair.com\/es\/wp-json\/wp\/v2\/product"}],"about":[{"href":"https:\/\/marqalicante-admin.qwair.com\/es\/wp-json\/wp\/v2\/types\/product"}],"wp:featuredmedia":[{"embeddable":true,"href":"https:\/\/marqalicante-admin.qwair.com\/es\/wp-json\/wp\/v2\/media\/45873"}],"wp:attachment":[{"href":"https:\/\/marqalicante-admin.qwair.com\/es\/wp-json\/wp\/v2\/media?parent=45757"}],"wp:term":[{"taxonomy":"product_brand","embeddable":true,"href":"https:\/\/marqalicante-admin.qwair.com\/es\/wp-json\/wp\/v2\/product_brand?post=45757"},{"taxonomy":"product_cat","embeddable":true,"href":"https:\/\/marqalicante-admin.qwair.com\/es\/wp-json\/wp\/v2\/product_cat?post=45757"},{"taxonomy":"product_tag","embeddable":true,"href":"https:\/\/marqalicante-admin.qwair.com\/es\/wp-json\/wp\/v2\/product_tag?post=45757"}],"curies":[{"name":"wp","href":"https:\/\/api.w.org\/{rel}","templated":true}]}}