{"id":45756,"date":"2025-05-16T06:32:03","date_gmt":"2025-05-16T06:32:03","guid":{"rendered":"https:\/\/marqalicante-admin.qwair.com\/producto\/miguel-de-elizaicin-y-espana-1855-1932-militar-politico-y-promotor-incansable-del-museo-arqueologico-provincial-de-alicante\/"},"modified":"2025-06-04T16:24:31","modified_gmt":"2025-06-04T16:24:31","slug":"miguel-de-elizaicin-y-espana-1855-1932-militar-politico-y-promotor-incansable-del-museo-arqueologico-provincial-de-alicante","status":"publish","type":"product","link":"https:\/\/marqalicante-admin.qwair.com\/es\/producto\/miguel-de-elizaicin-y-espana-1855-1932-militar-politico-y-promotor-incansable-del-museo-arqueologico-provincial-de-alicante\/","title":{"rendered":"Miguel de Elizaicin y Espa\u00f1a (1855-1932): Militar&#44; pol\u00edtico y promotor incansable del Museo Arqueol\u00f3gico Provincial de Alicante"},"content":{"rendered":"    \n    <div class=\"documento-item\">\n                    <h2 class=\"documento-title\">Miguel de Elizaicin y Espa\u00f1a (1855-1932): Militar, pol\u00edtico y promotor incansable del Museo Arqueol\u00f3gico Provincial de Alicante<\/h2>\n        \n                    <p class=\"documento-subtitle\">Santiago Olcina Lagos<\/p>\n        \n                    <a href=\"https:\/\/marqalicante.com\/contenido\/particulos\/pub_166.pdf\" class=\"documento-btn\" target=\"_blank\" rel=\"noopener\">\n                <i class=\"fas fa-file-pdf\"><\/i> Descargar PDF\n            <\/a>\n            <\/div>\n\n    \n","protected":false},"excerpt":{"rendered":"<p>El presente art&iacute;culo&#44; pretende llevar a cabo un recorrido por la figura del general alicantino&#44; Miguel de Elizaicin y Espa&ntilde;a.<br \/>A trav&eacute;s de su biograf&iacute;a&#44; su direcci&oacute;n al frente de la revista &laquo;Museo-Exposici&oacute;n&raquo; y de la Comisi&oacute;n Provincial de Monumentos<br \/>de Alicante&#44; se propone analizar&#44; poner de manifiesto y dar a conocer sus intentos y su infatigable inter&eacute;s por hacer realidad<br \/>su proyecto: el Museo Provincial de Alicante. Todo ello&#44; con el apoyo de fuentes archiv&iacute;sticas y hemerogr&aacute;ficas.<\/p>\n","protected":false},"featured_media":45873,"template":"","meta":{"kia_subtitle":""},"product_brand":[],"product_cat":[2913],"product_tag":[],"class_list":{"0":"post-45756","1":"product","2":"type-product","3":"status-publish","4":"has-post-thumbnail","6":"product_cat-articulos","8":"first","9":"instock","10":"virtual","11":"product-type-simple"},"meta_box":{"ia_expediente":"","ia_ano":"","ia_fechas_de_actuacion":"","ia_municipios_comarcas":"","ia_directores":"","ia_periodos_culturales":"","ia_tipos_de_intervencion":"","ia_equipo_tecnico":"","ia_autores":"","ia_promotores":"","ia_deposito_de_materiales":"","ia_coordenadas_utm":""},"_links":{"self":[{"href":"https:\/\/marqalicante-admin.qwair.com\/es\/wp-json\/wp\/v2\/product\/45756","targetHints":{"allow":["GET"]}}],"collection":[{"href":"https:\/\/marqalicante-admin.qwair.com\/es\/wp-json\/wp\/v2\/product"}],"about":[{"href":"https:\/\/marqalicante-admin.qwair.com\/es\/wp-json\/wp\/v2\/types\/product"}],"wp:featuredmedia":[{"embeddable":true,"href":"https:\/\/marqalicante-admin.qwair.com\/es\/wp-json\/wp\/v2\/media\/45873"}],"wp:attachment":[{"href":"https:\/\/marqalicante-admin.qwair.com\/es\/wp-json\/wp\/v2\/media?parent=45756"}],"wp:term":[{"taxonomy":"product_brand","embeddable":true,"href":"https:\/\/marqalicante-admin.qwair.com\/es\/wp-json\/wp\/v2\/product_brand?post=45756"},{"taxonomy":"product_cat","embeddable":true,"href":"https:\/\/marqalicante-admin.qwair.com\/es\/wp-json\/wp\/v2\/product_cat?post=45756"},{"taxonomy":"product_tag","embeddable":true,"href":"https:\/\/marqalicante-admin.qwair.com\/es\/wp-json\/wp\/v2\/product_tag?post=45756"}],"curies":[{"name":"wp","href":"https:\/\/api.w.org\/{rel}","templated":true}]}}