{"id":45750,"date":"2025-05-16T06:32:00","date_gmt":"2025-05-16T06:32:00","guid":{"rendered":"https:\/\/marqalicante-admin.qwair.com\/producto\/calles-villavieja-30-y-paseo-ramiro-13-el-torreon-de-san-sebastian-y-la-torre-del-spero-casco-antiguo-de-alicante\/"},"modified":"2025-06-04T16:24:29","modified_gmt":"2025-06-04T16:24:29","slug":"calles-villavieja-30-y-paseo-ramiro-13-el-torreon-de-san-sebastian-y-la-torre-del-spero-casco-antiguo-de-alicante","status":"publish","type":"product","link":"https:\/\/marqalicante-admin.qwair.com\/es\/producto\/calles-villavieja-30-y-paseo-ramiro-13-el-torreon-de-san-sebastian-y-la-torre-del-spero-casco-antiguo-de-alicante\/","title":{"rendered":"Calles Villavieja&#44; 30 y Paseo Ramiro&#44; 13: el Torre\u00f3n de San Sebasti\u00e1n y la Torre del Sper\u00f3 (Casco Antiguo de Alicante)"},"content":{"rendered":"    \n    <div class=\"documento-item\">\n                    <h2 class=\"documento-title\">Calles Villavieja, 30 y Paseo Ramiro, 13: el Torre\u00f3n de San Sebasti\u00e1n y la Torre del Sper\u00f3 (Casco Antiguo de Alicante)<\/h2>\n        \n                    <p class=\"documento-subtitle\">Marga Borrego Colomer y Pablo Rosser Limi\u00f1ana<\/p>\n        \n                    <a href=\"https:\/\/marqalicante.com\/contenido\/particulos\/pub_160.pdf\" class=\"documento-btn\" target=\"_blank\" rel=\"noopener\">\n                <i class=\"fas fa-file-pdf\"><\/i> Descargar PDF\n            <\/a>\n            <\/div>\n\n    \n","protected":false},"excerpt":{"rendered":"<p>La actuaci&oacute;n arqueol&oacute;gica realizada en el solar sito entre la Calle Paseo de Ramiro 13 y Villavieja 30 nos ha permitido<br \/>documentar una parte importante del Torre&oacute;n de San Sebasti&aacute;n de &eacute;poca renacentista&#44; s. XVI; algunos vestigios de la Torre<br \/>Bajomedieval del Sper&ograve;&#44; ss. XIV-XV&#44; &eacute;sta vinculada a un conjunto de viviendas de igual cronolog&iacute;a y&#44; por &uacute;ltimo&#44; otra serie<br \/>de estructuras murarias de car&aacute;cter dom&eacute;stico del periodo isl&aacute;mico&#44; ss. XI-XIII.<\/p>\n","protected":false},"featured_media":45873,"template":"","meta":{"kia_subtitle":""},"product_brand":[],"product_cat":[2913],"product_tag":[],"class_list":{"0":"post-45750","1":"product","2":"type-product","3":"status-publish","4":"has-post-thumbnail","6":"product_cat-articulos","8":"first","9":"instock","10":"virtual","11":"product-type-simple"},"meta_box":{"ia_expediente":"","ia_ano":"","ia_fechas_de_actuacion":"","ia_municipios_comarcas":"","ia_directores":"","ia_periodos_culturales":"","ia_tipos_de_intervencion":"","ia_equipo_tecnico":"","ia_autores":"","ia_promotores":"","ia_deposito_de_materiales":"","ia_coordenadas_utm":""},"_links":{"self":[{"href":"https:\/\/marqalicante-admin.qwair.com\/es\/wp-json\/wp\/v2\/product\/45750","targetHints":{"allow":["GET"]}}],"collection":[{"href":"https:\/\/marqalicante-admin.qwair.com\/es\/wp-json\/wp\/v2\/product"}],"about":[{"href":"https:\/\/marqalicante-admin.qwair.com\/es\/wp-json\/wp\/v2\/types\/product"}],"wp:featuredmedia":[{"embeddable":true,"href":"https:\/\/marqalicante-admin.qwair.com\/es\/wp-json\/wp\/v2\/media\/45873"}],"wp:attachment":[{"href":"https:\/\/marqalicante-admin.qwair.com\/es\/wp-json\/wp\/v2\/media?parent=45750"}],"wp:term":[{"taxonomy":"product_brand","embeddable":true,"href":"https:\/\/marqalicante-admin.qwair.com\/es\/wp-json\/wp\/v2\/product_brand?post=45750"},{"taxonomy":"product_cat","embeddable":true,"href":"https:\/\/marqalicante-admin.qwair.com\/es\/wp-json\/wp\/v2\/product_cat?post=45750"},{"taxonomy":"product_tag","embeddable":true,"href":"https:\/\/marqalicante-admin.qwair.com\/es\/wp-json\/wp\/v2\/product_tag?post=45750"}],"curies":[{"name":"wp","href":"https:\/\/api.w.org\/{rel}","templated":true}]}}