{"id":45744,"date":"2025-05-16T06:31:58","date_gmt":"2025-05-16T06:31:58","guid":{"rendered":"https:\/\/marqalicante-admin.qwair.com\/producto\/las-canteras-de-ferriol-baix-vinalopo-elche-un-singular-proyecto-multidisciplinar-de-investigacion-historica\/"},"modified":"2025-06-04T16:24:29","modified_gmt":"2025-06-04T16:24:29","slug":"las-canteras-de-ferriol-baix-vinalopo-elche-un-singular-proyecto-multidisciplinar-de-investigacion-historica","status":"publish","type":"product","link":"https:\/\/marqalicante-admin.qwair.com\/es\/producto\/las-canteras-de-ferriol-baix-vinalopo-elche-un-singular-proyecto-multidisciplinar-de-investigacion-historica\/","title":{"rendered":"Las Canteras de Ferriol (Baix Vinalop\u00f3&#44; Elche)&#44; un singular proyecto multidisciplinar de investigaci\u00f3n hist\u00f3rica"},"content":{"rendered":"    \n    <div class=\"documento-item\">\n                    <h2 class=\"documento-title\">Las Canteras de Ferriol (Baix Vinalop\u00f3, Elche), un singular proyecto multidisciplinar de investigaci\u00f3n hist\u00f3rica<\/h2>\n        \n                    <p class=\"documento-subtitle\">Jes\u00fas Moratalla J\u00e1vega, Pierre Rouillard, Laurent Costa<\/p>\n        \n                    <a href=\"https:\/\/marqalicante.com\/contenido\/particulos\/pub_154.pdf\" class=\"documento-btn\" target=\"_blank\" rel=\"noopener\">\n                <i class=\"fas fa-file-pdf\"><\/i> Descargar PDF\n            <\/a>\n            <\/div>\n\n    \n","protected":false},"excerpt":{"rendered":"<p>Se presenta en este art&iacute;culo una primera recapitulaci&oacute;n de conjunto sobre la investigaci&oacute;n hist&oacute;rica realizada en las sierras que cierran por el norte el municipio de Elche. El trabajo efectuado por ge&oacute;logos&#44; top&oacute;grafos&#44; arque&oacute;logos e historiadores viene a corroborar la alta densidad de frentes de talla abiertos y la larga secuencia de actividad en la zona&#44; que ha propiciado una elevada transformaci&oacute;n del paisaje&#44; muy probablemente iniciada ya en &eacute;poca ib&eacute;rica&#44; como parece mostrar la excavaci&oacute;n de uno de estos frentes.<\/p>\n","protected":false},"featured_media":45873,"template":"","meta":{"kia_subtitle":""},"product_brand":[],"product_cat":[2913],"product_tag":[],"class_list":{"0":"post-45744","1":"product","2":"type-product","3":"status-publish","4":"has-post-thumbnail","6":"product_cat-articulos","8":"first","9":"instock","10":"virtual","11":"product-type-simple"},"meta_box":{"ia_expediente":"","ia_ano":"","ia_fechas_de_actuacion":"","ia_municipios_comarcas":"","ia_directores":"","ia_periodos_culturales":"","ia_tipos_de_intervencion":"","ia_equipo_tecnico":"","ia_autores":"","ia_promotores":"","ia_deposito_de_materiales":"","ia_coordenadas_utm":""},"_links":{"self":[{"href":"https:\/\/marqalicante-admin.qwair.com\/es\/wp-json\/wp\/v2\/product\/45744","targetHints":{"allow":["GET"]}}],"collection":[{"href":"https:\/\/marqalicante-admin.qwair.com\/es\/wp-json\/wp\/v2\/product"}],"about":[{"href":"https:\/\/marqalicante-admin.qwair.com\/es\/wp-json\/wp\/v2\/types\/product"}],"wp:featuredmedia":[{"embeddable":true,"href":"https:\/\/marqalicante-admin.qwair.com\/es\/wp-json\/wp\/v2\/media\/45873"}],"wp:attachment":[{"href":"https:\/\/marqalicante-admin.qwair.com\/es\/wp-json\/wp\/v2\/media?parent=45744"}],"wp:term":[{"taxonomy":"product_brand","embeddable":true,"href":"https:\/\/marqalicante-admin.qwair.com\/es\/wp-json\/wp\/v2\/product_brand?post=45744"},{"taxonomy":"product_cat","embeddable":true,"href":"https:\/\/marqalicante-admin.qwair.com\/es\/wp-json\/wp\/v2\/product_cat?post=45744"},{"taxonomy":"product_tag","embeddable":true,"href":"https:\/\/marqalicante-admin.qwair.com\/es\/wp-json\/wp\/v2\/product_tag?post=45744"}],"curies":[{"name":"wp","href":"https:\/\/api.w.org\/{rel}","templated":true}]}}