{"id":45734,"date":"2025-05-16T06:31:54","date_gmt":"2025-05-16T06:31:54","guid":{"rendered":"https:\/\/marqalicante-admin.qwair.com\/producto\/excavaciones-arqueologicas-en-el-poblado-iberico-de-la-escuera-san-fulgencio-bajo-segura-nuevos-datos-sobre-su-acceso-sur-y-su-relacion-con-el-complejo-sacro\/"},"modified":"2025-06-04T16:24:27","modified_gmt":"2025-06-04T16:24:27","slug":"excavaciones-arqueologicas-en-el-poblado-iberico-de-la-escuera-san-fulgencio-bajo-segura-nuevos-datos-sobre-su-acceso-sur-y-su-relacion-con-el-complejo-sacro","status":"publish","type":"product","link":"https:\/\/marqalicante-admin.qwair.com\/es\/producto\/excavaciones-arqueologicas-en-el-poblado-iberico-de-la-escuera-san-fulgencio-bajo-segura-nuevos-datos-sobre-su-acceso-sur-y-su-relacion-con-el-complejo-sacro\/","title":{"rendered":"Excavaciones arqueol\u00f3gicas en el poblado ib\u00e9rico de La Escuera (San Fulgencio&#44; Bajo Segura): nuevos datos sobre su acceso sur y su relaci\u00f3n con el complejo sacro"},"content":{"rendered":"    \n    <div class=\"documento-item\">\n                    <h2 class=\"documento-title\">Excavaciones arqueol\u00f3gicas en el poblado ib\u00e9rico de La Escuera (San Fulgencio, Bajo Segura): nuevos datos sobre su acceso sur y su relaci\u00f3n con el complejo sacro<\/h2>\n        \n                    <p class=\"documento-subtitle\">Lorenzo Abad Casal, Feliciana Sala Sell\u00e9s y Jes\u00fas Moratalla J\u00e1vega<\/p>\n        \n                    <a href=\"https:\/\/marqalicante.com\/contenido\/particulos\/pub_144.pdf\" class=\"documento-btn\" target=\"_blank\" rel=\"noopener\">\n                <i class=\"fas fa-file-pdf\"><\/i> Descargar PDF\n            <\/a>\n            <\/div>\n\n    \n","protected":false},"excerpt":{"rendered":"<p>Primer avance de los nuevos resultados alcanzados en las campa&ntilde;as de excavaci&oacute;n de 2010 a 2012 realizadas en el poblado ib&eacute;rico&#44; concretamente en el sector que ata&ntilde;e a la puerta meridional del oppidum e&#44; inmediatamente a levante&#44; al espacio existente entre el templo descubierto por S. Nordstr&ouml;m y los cortes abiertos por L. Abad en 1984 y 1985. El objetivo es exhumar la fachada occidental del edificio sacro y observar su relaci&oacute;n con la calle que arranca desde la puerta.<\/p>\n","protected":false},"featured_media":45873,"template":"","meta":{"kia_subtitle":""},"product_brand":[],"product_cat":[2913],"product_tag":[],"class_list":{"0":"post-45734","1":"product","2":"type-product","3":"status-publish","4":"has-post-thumbnail","6":"product_cat-articulos","8":"first","9":"instock","10":"virtual","11":"product-type-simple"},"meta_box":{"ia_expediente":"","ia_ano":"","ia_fechas_de_actuacion":"","ia_municipios_comarcas":"","ia_directores":"","ia_periodos_culturales":"","ia_tipos_de_intervencion":"","ia_equipo_tecnico":"","ia_autores":"","ia_promotores":"","ia_deposito_de_materiales":"","ia_coordenadas_utm":""},"_links":{"self":[{"href":"https:\/\/marqalicante-admin.qwair.com\/es\/wp-json\/wp\/v2\/product\/45734","targetHints":{"allow":["GET"]}}],"collection":[{"href":"https:\/\/marqalicante-admin.qwair.com\/es\/wp-json\/wp\/v2\/product"}],"about":[{"href":"https:\/\/marqalicante-admin.qwair.com\/es\/wp-json\/wp\/v2\/types\/product"}],"wp:featuredmedia":[{"embeddable":true,"href":"https:\/\/marqalicante-admin.qwair.com\/es\/wp-json\/wp\/v2\/media\/45873"}],"wp:attachment":[{"href":"https:\/\/marqalicante-admin.qwair.com\/es\/wp-json\/wp\/v2\/media?parent=45734"}],"wp:term":[{"taxonomy":"product_brand","embeddable":true,"href":"https:\/\/marqalicante-admin.qwair.com\/es\/wp-json\/wp\/v2\/product_brand?post=45734"},{"taxonomy":"product_cat","embeddable":true,"href":"https:\/\/marqalicante-admin.qwair.com\/es\/wp-json\/wp\/v2\/product_cat?post=45734"},{"taxonomy":"product_tag","embeddable":true,"href":"https:\/\/marqalicante-admin.qwair.com\/es\/wp-json\/wp\/v2\/product_tag?post=45734"}],"curies":[{"name":"wp","href":"https:\/\/api.w.org\/{rel}","templated":true}]}}