{"id":45732,"date":"2025-05-16T06:31:54","date_gmt":"2025-05-16T06:31:54","guid":{"rendered":"https:\/\/marqalicante-admin.qwair.com\/producto\/la-arqueologia-de-epoca-moderna-y-contemporanea-en-alicante-una-mirada-desde-el-siglo-xxi\/"},"modified":"2025-06-04T16:24:26","modified_gmt":"2025-06-04T16:24:26","slug":"la-arqueologia-de-epoca-moderna-y-contemporanea-en-alicante-una-mirada-desde-el-siglo-xxi","status":"publish","type":"product","link":"https:\/\/marqalicante-admin.qwair.com\/es\/producto\/la-arqueologia-de-epoca-moderna-y-contemporanea-en-alicante-una-mirada-desde-el-siglo-xxi\/","title":{"rendered":"LA ARQUEOLOG\u00cdA DE \u00c9POCA MODERNA Y CONTEMPOR\u00c1NEA EN ALICANTE: UNA MIRADA DESDE EL SIGLO XXI"},"content":{"rendered":"    \n    <div class=\"documento-item\">\n                    <h2 class=\"documento-title\">LA ARQUEOLOG\u00cdA DE \u00c9POCA MODERNA Y CONTEMPOR\u00c1NEA EN ALICANTE: UNA MIRADA DESDE EL SIGLO XXI<\/h2>\n        \n                    <p class=\"documento-subtitle\">Sonia Guti\u00e9rrez Lloret y Carolina Dom\u00e9nech Belda<\/p>\n        \n                    <a href=\"https:\/\/marqalicante.com\/contenido\/particulos\/pub_142.pdf\" class=\"documento-btn\" target=\"_blank\" rel=\"noopener\">\n                <i class=\"fas fa-file-pdf\"><\/i> Descargar PDF\n            <\/a>\n            <\/div>\n\n    \n","protected":false},"excerpt":{"rendered":"<p>El presente texto surge de una serie de reflexiones personales<br \/>y de una dilatada experiencia docente en el &aacute;mbito universitario.<br \/>El planteamiento de cuestiones y problem&aacute;ticas<br \/>referidas a las arqueolog&iacute;as postcl&aacute;sicas en el marco de algunas<br \/>asignaturas de especialidad de los antiguos t&iacute;tulos de<br \/>licenciatura o en los m&aacute;s recientes estudios de postgrado&#44;<br \/>han dado lugar a debates que han enriquecido considerablemente<br \/>las reflexiones que aqu&iacute; se vierten.<\/p>\n","protected":false},"featured_media":45873,"template":"","meta":{"kia_subtitle":""},"product_brand":[],"product_cat":[2913],"product_tag":[],"class_list":{"0":"post-45732","1":"product","2":"type-product","3":"status-publish","4":"has-post-thumbnail","6":"product_cat-articulos","8":"first","9":"instock","10":"virtual","11":"product-type-simple"},"meta_box":{"ia_expediente":"","ia_ano":"","ia_fechas_de_actuacion":"","ia_municipios_comarcas":"","ia_directores":"","ia_periodos_culturales":"","ia_tipos_de_intervencion":"","ia_equipo_tecnico":"","ia_autores":"","ia_promotores":"","ia_deposito_de_materiales":"","ia_coordenadas_utm":""},"_links":{"self":[{"href":"https:\/\/marqalicante-admin.qwair.com\/es\/wp-json\/wp\/v2\/product\/45732","targetHints":{"allow":["GET"]}}],"collection":[{"href":"https:\/\/marqalicante-admin.qwair.com\/es\/wp-json\/wp\/v2\/product"}],"about":[{"href":"https:\/\/marqalicante-admin.qwair.com\/es\/wp-json\/wp\/v2\/types\/product"}],"wp:featuredmedia":[{"embeddable":true,"href":"https:\/\/marqalicante-admin.qwair.com\/es\/wp-json\/wp\/v2\/media\/45873"}],"wp:attachment":[{"href":"https:\/\/marqalicante-admin.qwair.com\/es\/wp-json\/wp\/v2\/media?parent=45732"}],"wp:term":[{"taxonomy":"product_brand","embeddable":true,"href":"https:\/\/marqalicante-admin.qwair.com\/es\/wp-json\/wp\/v2\/product_brand?post=45732"},{"taxonomy":"product_cat","embeddable":true,"href":"https:\/\/marqalicante-admin.qwair.com\/es\/wp-json\/wp\/v2\/product_cat?post=45732"},{"taxonomy":"product_tag","embeddable":true,"href":"https:\/\/marqalicante-admin.qwair.com\/es\/wp-json\/wp\/v2\/product_tag?post=45732"}],"curies":[{"name":"wp","href":"https:\/\/api.w.org\/{rel}","templated":true}]}}