{"id":45728,"date":"2025-05-16T06:31:53","date_gmt":"2025-05-16T06:31:53","guid":{"rendered":"https:\/\/marqalicante-admin.qwair.com\/producto\/primeras-aportaciones-del-proyecto-de-excavaciones-arqueologicas-en-el-poblado-campaniforme-del-penon-de-la-zorra-villena-alicante\/"},"modified":"2025-06-04T16:24:26","modified_gmt":"2025-06-04T16:24:26","slug":"primeras-aportaciones-del-proyecto-de-excavaciones-arqueologicas-en-el-poblado-campaniforme-del-penon-de-la-zorra-villena-alicante","status":"publish","type":"product","link":"https:\/\/marqalicante-admin.qwair.com\/es\/producto\/primeras-aportaciones-del-proyecto-de-excavaciones-arqueologicas-en-el-poblado-campaniforme-del-penon-de-la-zorra-villena-alicante\/","title":{"rendered":"Primeras aportaciones del proyecto de excavaciones arqueol\u00f3gicas en el poblado campaniforme del Pe\u00f1\u00f3n de la Zorra (Villena&#44; Alicante)"},"content":{"rendered":"    \n    <div class=\"documento-item\">\n                    <h2 class=\"documento-title\">Primeras aportaciones del proyecto de excavaciones arqueol\u00f3gicas en el poblado campaniforme del Pe\u00f1\u00f3n de la Zorra (Villena, Alicante)<\/h2>\n        \n                    <p class=\"documento-subtitle\">Gabriel Garc\u00eda Ati\u00e9nzar<\/p>\n        \n                    <a href=\"https:\/\/marqalicante.com\/contenido\/particulos\/pub_138.pdf\" class=\"documento-btn\" target=\"_blank\" rel=\"noopener\">\n                <i class=\"fas fa-file-pdf\"><\/i> Descargar PDF\n            <\/a>\n            <\/div>\n\n    \n","protected":false},"excerpt":{"rendered":"<p>Se presentan los datos obtenidos de la excavaci&oacute;n en la terraza superior del Pe&ntilde;&oacute;n de la Zorra (Villena). El yacimiento es conocido desde la d&eacute;cada de los 60 gracias a los trabajos de J.M&ordf;. Soler&#44; quien relacion&oacute; la ocupaci&oacute;n con el campaniforme. Los trabajos llevados a cabo han permitido conocer mejor las caracter&iacute;sticas urban&iacute;sticas del asentamiento&#44; as&iacute; como obtener datos preliminares para la definici&oacute;n social de sus ocupantes.<\/p>\n","protected":false},"featured_media":45873,"template":"","meta":{"kia_subtitle":""},"product_brand":[],"product_cat":[2913],"product_tag":[],"class_list":{"0":"post-45728","1":"product","2":"type-product","3":"status-publish","4":"has-post-thumbnail","6":"product_cat-articulos","8":"first","9":"instock","10":"virtual","11":"product-type-simple"},"meta_box":{"ia_expediente":"","ia_ano":"","ia_fechas_de_actuacion":"","ia_municipios_comarcas":"","ia_directores":"","ia_periodos_culturales":"","ia_tipos_de_intervencion":"","ia_equipo_tecnico":"","ia_autores":"","ia_promotores":"","ia_deposito_de_materiales":"","ia_coordenadas_utm":""},"_links":{"self":[{"href":"https:\/\/marqalicante-admin.qwair.com\/es\/wp-json\/wp\/v2\/product\/45728","targetHints":{"allow":["GET"]}}],"collection":[{"href":"https:\/\/marqalicante-admin.qwair.com\/es\/wp-json\/wp\/v2\/product"}],"about":[{"href":"https:\/\/marqalicante-admin.qwair.com\/es\/wp-json\/wp\/v2\/types\/product"}],"wp:featuredmedia":[{"embeddable":true,"href":"https:\/\/marqalicante-admin.qwair.com\/es\/wp-json\/wp\/v2\/media\/45873"}],"wp:attachment":[{"href":"https:\/\/marqalicante-admin.qwair.com\/es\/wp-json\/wp\/v2\/media?parent=45728"}],"wp:term":[{"taxonomy":"product_brand","embeddable":true,"href":"https:\/\/marqalicante-admin.qwair.com\/es\/wp-json\/wp\/v2\/product_brand?post=45728"},{"taxonomy":"product_cat","embeddable":true,"href":"https:\/\/marqalicante-admin.qwair.com\/es\/wp-json\/wp\/v2\/product_cat?post=45728"},{"taxonomy":"product_tag","embeddable":true,"href":"https:\/\/marqalicante-admin.qwair.com\/es\/wp-json\/wp\/v2\/product_tag?post=45728"}],"curies":[{"name":"wp","href":"https:\/\/api.w.org\/{rel}","templated":true}]}}