{"id":45727,"date":"2025-05-16T06:31:53","date_gmt":"2025-05-16T06:31:53","guid":{"rendered":"https:\/\/marqalicante-admin.qwair.com\/producto\/excavaciones-en-la-cova-del-randero-pedreguer-alicante-antecedentes-y-avance-de-resultados\/"},"modified":"2025-06-04T16:24:26","modified_gmt":"2025-06-04T16:24:26","slug":"excavaciones-en-la-cova-del-randero-pedreguer-alicante-antecedentes-y-avance-de-resultados","status":"publish","type":"product","link":"https:\/\/marqalicante-admin.qwair.com\/es\/producto\/excavaciones-en-la-cova-del-randero-pedreguer-alicante-antecedentes-y-avance-de-resultados\/","title":{"rendered":"Excavaciones en la Cova del Randero (Pedreguer&#44; Alicante). Antecedentes y avance de resultados"},"content":{"rendered":"    \n    <div class=\"documento-item\">\n                    <h2 class=\"documento-title\">Excavaciones en la Cova del Randero (Pedreguer, Alicante). Antecedentes y avance de resultados<\/h2>\n        \n                    <p class=\"documento-subtitle\">Jorge A. Soler D\u00edaz, Olga G\u00f3mez P\u00e9rez y Consuelo Roca de Togores Mu\u00f1oz<\/p>\n        \n                    <a href=\"https:\/\/marqalicante.com\/contenido\/particulos\/pub_137.pdf\" class=\"documento-btn\" target=\"_blank\" rel=\"noopener\">\n                <i class=\"fas fa-file-pdf\"><\/i> Descargar PDF\n            <\/a>\n            <\/div>\n\n    \n","protected":false},"excerpt":{"rendered":"<p>En el presente art&iacute;culo se describen brevemente los trabajos llevados a cabo en la intervenci&oacute;n arqueol&oacute;gica realizada en la Cova del Randero de Pedreguer desde el a&ntilde;o 2007&#44; evalu&aacute;ndose los da&ntilde;os ocasionados por actividades ilegales de diferente &iacute;ndole anteriores a la excavaci&oacute;n. El resultado de las mismas permite afirmar que esta cueva&#44; adem&aacute;s de utilizada en &eacute;poca hist&oacute;rica&#44; fue habitada en &eacute;poca prehist&oacute;rica&#44; destacando su ocupaci&oacute;n por pastores que utilizaron la cueva para estabular ganado en el Neol&iacute;tico Medio.<\/p>\n","protected":false},"featured_media":45873,"template":"","meta":{"kia_subtitle":""},"product_brand":[],"product_cat":[2913],"product_tag":[],"class_list":{"0":"post-45727","1":"product","2":"type-product","3":"status-publish","4":"has-post-thumbnail","6":"product_cat-articulos","8":"first","9":"instock","10":"virtual","11":"product-type-simple"},"meta_box":{"ia_expediente":"","ia_ano":"","ia_fechas_de_actuacion":"","ia_municipios_comarcas":"","ia_directores":"","ia_periodos_culturales":"","ia_tipos_de_intervencion":"","ia_equipo_tecnico":"","ia_autores":"","ia_promotores":"","ia_deposito_de_materiales":"","ia_coordenadas_utm":""},"_links":{"self":[{"href":"https:\/\/marqalicante-admin.qwair.com\/es\/wp-json\/wp\/v2\/product\/45727","targetHints":{"allow":["GET"]}}],"collection":[{"href":"https:\/\/marqalicante-admin.qwair.com\/es\/wp-json\/wp\/v2\/product"}],"about":[{"href":"https:\/\/marqalicante-admin.qwair.com\/es\/wp-json\/wp\/v2\/types\/product"}],"wp:featuredmedia":[{"embeddable":true,"href":"https:\/\/marqalicante-admin.qwair.com\/es\/wp-json\/wp\/v2\/media\/45873"}],"wp:attachment":[{"href":"https:\/\/marqalicante-admin.qwair.com\/es\/wp-json\/wp\/v2\/media?parent=45727"}],"wp:term":[{"taxonomy":"product_brand","embeddable":true,"href":"https:\/\/marqalicante-admin.qwair.com\/es\/wp-json\/wp\/v2\/product_brand?post=45727"},{"taxonomy":"product_cat","embeddable":true,"href":"https:\/\/marqalicante-admin.qwair.com\/es\/wp-json\/wp\/v2\/product_cat?post=45727"},{"taxonomy":"product_tag","embeddable":true,"href":"https:\/\/marqalicante-admin.qwair.com\/es\/wp-json\/wp\/v2\/product_tag?post=45727"}],"curies":[{"name":"wp","href":"https:\/\/api.w.org\/{rel}","templated":true}]}}