{"id":45726,"date":"2025-05-16T06:31:52","date_gmt":"2025-05-16T06:31:52","guid":{"rendered":"https:\/\/marqalicante-admin.qwair.com\/producto\/campanas-de-excavacion-recientes-en-el-yacimiento-del-mas-dis-penaguila-alacant\/"},"modified":"2025-06-04T16:24:25","modified_gmt":"2025-06-04T16:24:25","slug":"campanas-de-excavacion-recientes-en-el-yacimiento-del-mas-dis-penaguila-alacant","status":"publish","type":"product","link":"https:\/\/marqalicante-admin.qwair.com\/es\/producto\/campanas-de-excavacion-recientes-en-el-yacimiento-del-mas-dis-penaguila-alacant\/","title":{"rendered":"Campa\u00f1as de excavaci\u00f3n recientes en el yacimiento del Mas d\u2019Is (Pen\u00e0guila&#44; Alacant)"},"content":{"rendered":"    \n    <div class=\"documento-item\">\n                    <h2 class=\"documento-title\">Campa\u00f1as de excavaci\u00f3n recientes en el yacimiento del Mas d\u2019Is (Pen\u00e0guila, Alacant)<\/h2>\n        \n                    <p class=\"documento-subtitle\">Joan Bernabeu Aub\u00e1n, Agust\u00edn Diez Castillo yTeresa Orozco K\u00f6hler<\/p>\n        \n                    <a href=\"https:\/\/marqalicante.com\/contenido\/particulos\/pub_136.pdf\" class=\"documento-btn\" target=\"_blank\" rel=\"noopener\">\n                <i class=\"fas fa-file-pdf\"><\/i> Descargar PDF\n            <\/a>\n            <\/div>\n\n    \n","protected":false},"excerpt":{"rendered":"<p>Las diferentes actuaciones arqueol&oacute;gicas realizadas en el yacimiento del Mas d&rsquo;Is (Pen&agrave;guila&#44; Alacant) han mostrado dep&oacute;sitos que datan del Holoceno Antiguo &#8211; Medio. El trabajo de campo en este emplazamiento neol&iacute;tico es uno de los proyectos que el Departament de Prehist&ograve;ria i Arqueologia de la Universitat de Val&egrave;ncia lleva a cabo en esta regi&oacute;n.<br \/>Las campa&ntilde;as previas han puesto de manifiesto la existencia de grandes estructuras negativas en el extremo norte del yacimiento. Presentamos aqu&iacute; los resultados obtenidos en los ultimos a&ntilde;os.<\/p>\n","protected":false},"featured_media":45873,"template":"","meta":{"kia_subtitle":""},"product_brand":[],"product_cat":[2913],"product_tag":[],"class_list":{"0":"post-45726","1":"product","2":"type-product","3":"status-publish","4":"has-post-thumbnail","6":"product_cat-articulos","8":"first","9":"instock","10":"virtual","11":"product-type-simple"},"meta_box":{"ia_expediente":"","ia_ano":"","ia_fechas_de_actuacion":"","ia_municipios_comarcas":"","ia_directores":"","ia_periodos_culturales":"","ia_tipos_de_intervencion":"","ia_equipo_tecnico":"","ia_autores":"","ia_promotores":"","ia_deposito_de_materiales":"","ia_coordenadas_utm":""},"_links":{"self":[{"href":"https:\/\/marqalicante-admin.qwair.com\/es\/wp-json\/wp\/v2\/product\/45726","targetHints":{"allow":["GET"]}}],"collection":[{"href":"https:\/\/marqalicante-admin.qwair.com\/es\/wp-json\/wp\/v2\/product"}],"about":[{"href":"https:\/\/marqalicante-admin.qwair.com\/es\/wp-json\/wp\/v2\/types\/product"}],"wp:featuredmedia":[{"embeddable":true,"href":"https:\/\/marqalicante-admin.qwair.com\/es\/wp-json\/wp\/v2\/media\/45873"}],"wp:attachment":[{"href":"https:\/\/marqalicante-admin.qwair.com\/es\/wp-json\/wp\/v2\/media?parent=45726"}],"wp:term":[{"taxonomy":"product_brand","embeddable":true,"href":"https:\/\/marqalicante-admin.qwair.com\/es\/wp-json\/wp\/v2\/product_brand?post=45726"},{"taxonomy":"product_cat","embeddable":true,"href":"https:\/\/marqalicante-admin.qwair.com\/es\/wp-json\/wp\/v2\/product_cat?post=45726"},{"taxonomy":"product_tag","embeddable":true,"href":"https:\/\/marqalicante-admin.qwair.com\/es\/wp-json\/wp\/v2\/product_tag?post=45726"}],"curies":[{"name":"wp","href":"https:\/\/api.w.org\/{rel}","templated":true}]}}