{"id":45725,"date":"2025-05-16T06:31:52","date_gmt":"2025-05-16T06:31:52","guid":{"rendered":"https:\/\/marqalicante-admin.qwair.com\/producto\/prospeccion-documentacion-y-contextualizacion-de-arte-rupestre-en-las-comarcas-alicantinas-de-lalcoia-el-comtat-la-marina-alta-y-la-marina-baixa-1a-anualidad-sectores-geograficos-4-y-6\/"},"modified":"2025-06-04T16:24:25","modified_gmt":"2025-06-04T16:24:25","slug":"prospeccion-documentacion-y-contextualizacion-de-arte-rupestre-en-las-comarcas-alicantinas-de-lalcoia-el-comtat-la-marina-alta-y-la-marina-baixa-1a-anualidad-sectores-geograficos-4-y-6","status":"publish","type":"product","link":"https:\/\/marqalicante-admin.qwair.com\/es\/producto\/prospeccion-documentacion-y-contextualizacion-de-arte-rupestre-en-las-comarcas-alicantinas-de-lalcoia-el-comtat-la-marina-alta-y-la-marina-baixa-1a-anualidad-sectores-geograficos-4-y-6\/","title":{"rendered":"Prospecci\u00f3n&#44; documentaci\u00f3n y contextualizaci\u00f3n de arte rupestre en las comarcas alicantinas de l\u2019Alcoi\u00e0&#44; El Comtat&#44; La Marina Alta y La Marina Baixa. 1\u00aa anualidad: sectores geogr\u00e1ficos 4 y 6"},"content":{"rendered":"    \n    <div class=\"documento-item\">\n                    <h2 class=\"documento-title\">Prospecci\u00f3n, documentaci\u00f3n y contextualizaci\u00f3n de arte rupestre en las comarcas alicantinas de l\u2019Alcoi\u00e0, El Comtat, La Marina Alta y La Marina Baixa. 1\u00aa anualidad: sectores geogr\u00e1ficos 4 y 6<\/h2>\n        \n                    <p class=\"documento-subtitle\">Virginia Barciela Gonz\u00e1lez y Francisco Javier Molina Hern\u00e1ndez<\/p>\n        \n                    <a href=\"https:\/\/marqalicante.com\/contenido\/particulos\/pub_135.pdf\" class=\"documento-btn\" target=\"_blank\" rel=\"noopener\">\n                <i class=\"fas fa-file-pdf\"><\/i> Descargar PDF\n            <\/a>\n            <\/div>\n\n    \n","protected":false},"excerpt":{"rendered":"<p>El presente art&iacute;culo tiene como objetivo dar a conocer los trabajos de prospecci&oacute;n e investigaci&oacute;n sobre Arte Rupestre neol&iacute;tico que se est&aacute;n desarrollando en la Sierra de Aitana (Alicante)&#44; fruto de los cuales se han descubierto ocho abrigos con Arte Esquem&aacute;tico. El texto se centra&#44; especialmente&#44; en dos de ellos&#44; en los que se han finalizado las tareas de calco. Los nuevos conjuntos analizados se han relacionado&#44; desde el punto de vista tipol&oacute;gico&#44; con el resto de yacimientos de arte<br \/>de este territorio.<\/p>\n","protected":false},"featured_media":45873,"template":"","meta":{"kia_subtitle":""},"product_brand":[],"product_cat":[2913],"product_tag":[],"class_list":{"0":"post-45725","1":"product","2":"type-product","3":"status-publish","4":"has-post-thumbnail","6":"product_cat-articulos","8":"first","9":"instock","10":"virtual","11":"product-type-simple"},"meta_box":{"ia_expediente":"","ia_ano":"","ia_fechas_de_actuacion":"","ia_municipios_comarcas":"","ia_directores":"","ia_periodos_culturales":"","ia_tipos_de_intervencion":"","ia_equipo_tecnico":"","ia_autores":"","ia_promotores":"","ia_deposito_de_materiales":"","ia_coordenadas_utm":""},"_links":{"self":[{"href":"https:\/\/marqalicante-admin.qwair.com\/es\/wp-json\/wp\/v2\/product\/45725","targetHints":{"allow":["GET"]}}],"collection":[{"href":"https:\/\/marqalicante-admin.qwair.com\/es\/wp-json\/wp\/v2\/product"}],"about":[{"href":"https:\/\/marqalicante-admin.qwair.com\/es\/wp-json\/wp\/v2\/types\/product"}],"wp:featuredmedia":[{"embeddable":true,"href":"https:\/\/marqalicante-admin.qwair.com\/es\/wp-json\/wp\/v2\/media\/45873"}],"wp:attachment":[{"href":"https:\/\/marqalicante-admin.qwair.com\/es\/wp-json\/wp\/v2\/media?parent=45725"}],"wp:term":[{"taxonomy":"product_brand","embeddable":true,"href":"https:\/\/marqalicante-admin.qwair.com\/es\/wp-json\/wp\/v2\/product_brand?post=45725"},{"taxonomy":"product_cat","embeddable":true,"href":"https:\/\/marqalicante-admin.qwair.com\/es\/wp-json\/wp\/v2\/product_cat?post=45725"},{"taxonomy":"product_tag","embeddable":true,"href":"https:\/\/marqalicante-admin.qwair.com\/es\/wp-json\/wp\/v2\/product_tag?post=45725"}],"curies":[{"name":"wp","href":"https:\/\/api.w.org\/{rel}","templated":true}]}}