{"id":45724,"date":"2025-05-16T06:31:51","date_gmt":"2025-05-16T06:31:51","guid":{"rendered":"https:\/\/marqalicante-admin.qwair.com\/producto\/actualizacion-y-realizacion-del-inventario-de-los-yacimientos-arqueologicos-con-arte-rupestre-de-la-comunidad-valenciana-provincia-de-alicante\/"},"modified":"2025-06-04T16:24:24","modified_gmt":"2025-06-04T16:24:24","slug":"actualizacion-y-realizacion-del-inventario-de-los-yacimientos-arqueologicos-con-arte-rupestre-de-la-comunidad-valenciana-provincia-de-alicante","status":"publish","type":"product","link":"https:\/\/marqalicante-admin.qwair.com\/es\/producto\/actualizacion-y-realizacion-del-inventario-de-los-yacimientos-arqueologicos-con-arte-rupestre-de-la-comunidad-valenciana-provincia-de-alicante\/","title":{"rendered":"Actualizaci\u00f3n y realizaci\u00f3n del inventario de los yacimientos arqueol\u00f3gicos con Arte Rupestre de la Comunidad Valenciana. Provincia de Alicante"},"content":{"rendered":"    \n    <div class=\"documento-item\">\n                    <h2 class=\"documento-title\">Actualizaci\u00f3n y realizaci\u00f3n del inventario de los yacimientos arqueol\u00f3gicos con Arte Rupestre de la Comunidad Valenciana. Provincia de Alicante<\/h2>\n        \n                    <p class=\"documento-subtitle\">Mauro S. Hern\u00e1ndez P\u00e9rez, Gabriel Garc\u00eda Atienzar, Virginia Barciela Gonz\u00e1lez, Ximo Martorell Briz y Francisco Javier Molina Hern\u00e1ndez<\/p>\n        \n                    <a href=\"https:\/\/marqalicante.com\/contenido\/particulos\/pub_134.pdf\" class=\"documento-btn\" target=\"_blank\" rel=\"noopener\">\n                <i class=\"fas fa-file-pdf\"><\/i> Descargar PDF\n            <\/a>\n            <\/div>\n\n    \n","protected":false},"excerpt":{"rendered":"<p>La consideraci&oacute;n del Arte Rupestre del Arco Mediterr&aacute;neo como Bien de Inter&eacute;s Cultural y su inclusi&oacute;n en la lista de<br \/>Patrimonio de la Humanidad por la UNESCO implica el cumplimiento de una serie preceptos necesarios para su mejor<br \/>conocimiento y&#44; consecuentemente&#44; conservaci&oacute;n. Por ello&#44; en la Comunidad Valenciana se ha llevado a cabo un proyecto de<br \/>actualizaci&oacute;n del cat&aacute;logo de este tipo de yacimientos&#44; iniciado&#44; en el a&ntilde;o 2010&#44; con el inventario de la provincia de Alicante.<\/p>\n","protected":false},"featured_media":45873,"template":"","meta":{"kia_subtitle":""},"product_brand":[],"product_cat":[2913],"product_tag":[],"class_list":{"0":"post-45724","1":"product","2":"type-product","3":"status-publish","4":"has-post-thumbnail","6":"product_cat-articulos","8":"first","9":"instock","10":"virtual","11":"product-type-simple"},"meta_box":{"ia_expediente":"","ia_ano":"","ia_fechas_de_actuacion":"","ia_municipios_comarcas":"","ia_directores":"","ia_periodos_culturales":"","ia_tipos_de_intervencion":"","ia_equipo_tecnico":"","ia_autores":"","ia_promotores":"","ia_deposito_de_materiales":"","ia_coordenadas_utm":""},"_links":{"self":[{"href":"https:\/\/marqalicante-admin.qwair.com\/es\/wp-json\/wp\/v2\/product\/45724","targetHints":{"allow":["GET"]}}],"collection":[{"href":"https:\/\/marqalicante-admin.qwair.com\/es\/wp-json\/wp\/v2\/product"}],"about":[{"href":"https:\/\/marqalicante-admin.qwair.com\/es\/wp-json\/wp\/v2\/types\/product"}],"wp:featuredmedia":[{"embeddable":true,"href":"https:\/\/marqalicante-admin.qwair.com\/es\/wp-json\/wp\/v2\/media\/45873"}],"wp:attachment":[{"href":"https:\/\/marqalicante-admin.qwair.com\/es\/wp-json\/wp\/v2\/media?parent=45724"}],"wp:term":[{"taxonomy":"product_brand","embeddable":true,"href":"https:\/\/marqalicante-admin.qwair.com\/es\/wp-json\/wp\/v2\/product_brand?post=45724"},{"taxonomy":"product_cat","embeddable":true,"href":"https:\/\/marqalicante-admin.qwair.com\/es\/wp-json\/wp\/v2\/product_cat?post=45724"},{"taxonomy":"product_tag","embeddable":true,"href":"https:\/\/marqalicante-admin.qwair.com\/es\/wp-json\/wp\/v2\/product_tag?post=45724"}],"curies":[{"name":"wp","href":"https:\/\/api.w.org\/{rel}","templated":true}]}}