{"id":45720,"date":"2025-05-16T06:31:50","date_gmt":"2025-05-16T06:31:50","guid":{"rendered":"https:\/\/marqalicante-admin.qwair.com\/producto\/arqueologia-romana-y-mundo-tardoantiguo\/"},"modified":"2025-06-04T16:24:24","modified_gmt":"2025-06-04T16:24:24","slug":"arqueologia-romana-y-mundo-tardoantiguo","status":"publish","type":"product","link":"https:\/\/marqalicante-admin.qwair.com\/es\/producto\/arqueologia-romana-y-mundo-tardoantiguo\/","title":{"rendered":"ARQUEOLOG\u00cdA ROMANA Y MUNDO TARDOANTIGUO"},"content":{"rendered":"    \n    <div class=\"documento-item\">\n                    <h2 class=\"documento-title\">ARQUEOLOG\u00cdA ROMANA Y MUNDO TARDOANTIGUO<\/h2>\n        \n                    <p class=\"documento-subtitle\">Manuel H. Olcina Dom\u00e9nech y M\u00aa Teresa Xim\u00e9nez de Emb\u00fan S\u00e1nchez<\/p>\n        \n                    <a href=\"https:\/\/marqalicante.com\/contenido\/particulos\/pub_130.pdf\" class=\"documento-btn\" target=\"_blank\" rel=\"noopener\">\n                <i class=\"fas fa-file-pdf\"><\/i> Descargar PDF\n            <\/a>\n            <\/div>\n\n    \n","protected":false},"excerpt":{"rendered":"<p>En este apartado se repasan las novedades de la investigaci&oacute;n<br \/>arqueol&oacute;gica de &eacute;poca romana y tardorromana en<br \/>la provincia de Alicante en la &uacute;ltima d&eacute;cada&#44; aunque este<br \/>marco temporal actual no es r&iacute;gido sino que&#44; para centrar<br \/>algunos de los aportes recientes&#44; hemos de remontarnos algunos<br \/>a&ntilde;os atr&aacute;s.<\/p>\n","protected":false},"featured_media":45873,"template":"","meta":{"kia_subtitle":""},"product_brand":[],"product_cat":[2913],"product_tag":[],"class_list":{"0":"post-45720","1":"product","2":"type-product","3":"status-publish","4":"has-post-thumbnail","6":"product_cat-articulos","8":"first","9":"instock","10":"virtual","11":"product-type-simple"},"meta_box":{"ia_expediente":"","ia_ano":"","ia_fechas_de_actuacion":"","ia_municipios_comarcas":"","ia_directores":"","ia_periodos_culturales":"","ia_tipos_de_intervencion":"","ia_equipo_tecnico":"","ia_autores":"","ia_promotores":"","ia_deposito_de_materiales":"","ia_coordenadas_utm":""},"_links":{"self":[{"href":"https:\/\/marqalicante-admin.qwair.com\/es\/wp-json\/wp\/v2\/product\/45720","targetHints":{"allow":["GET"]}}],"collection":[{"href":"https:\/\/marqalicante-admin.qwair.com\/es\/wp-json\/wp\/v2\/product"}],"about":[{"href":"https:\/\/marqalicante-admin.qwair.com\/es\/wp-json\/wp\/v2\/types\/product"}],"wp:featuredmedia":[{"embeddable":true,"href":"https:\/\/marqalicante-admin.qwair.com\/es\/wp-json\/wp\/v2\/media\/45873"}],"wp:attachment":[{"href":"https:\/\/marqalicante-admin.qwair.com\/es\/wp-json\/wp\/v2\/media?parent=45720"}],"wp:term":[{"taxonomy":"product_brand","embeddable":true,"href":"https:\/\/marqalicante-admin.qwair.com\/es\/wp-json\/wp\/v2\/product_brand?post=45720"},{"taxonomy":"product_cat","embeddable":true,"href":"https:\/\/marqalicante-admin.qwair.com\/es\/wp-json\/wp\/v2\/product_cat?post=45720"},{"taxonomy":"product_tag","embeddable":true,"href":"https:\/\/marqalicante-admin.qwair.com\/es\/wp-json\/wp\/v2\/product_tag?post=45720"}],"curies":[{"name":"wp","href":"https:\/\/api.w.org\/{rel}","templated":true}]}}