{"id":45713,"date":"2025-05-16T06:31:48","date_gmt":"2025-05-16T06:31:48","guid":{"rendered":"https:\/\/marqalicante-admin.qwair.com\/producto\/museos-y-yacimientos-arqueologicos-musealizados-panorama-en-alicante-en-la-primera-decada-del-s-xxi\/"},"modified":"2025-06-04T16:24:23","modified_gmt":"2025-06-04T16:24:23","slug":"museos-y-yacimientos-arqueologicos-musealizados-panorama-en-alicante-en-la-primera-decada-del-s-xxi","status":"publish","type":"product","link":"https:\/\/marqalicante-admin.qwair.com\/es\/producto\/museos-y-yacimientos-arqueologicos-musealizados-panorama-en-alicante-en-la-primera-decada-del-s-xxi\/","title":{"rendered":"MUSEOS Y YACIMIENTOS ARQUEOL\u00d3GICOS MUSEALIZADOS. PANORAMA EN ALICANTE EN LA PRIMERA D\u00c9CADA DEL S. XXI"},"content":{"rendered":"    \n    <div class=\"documento-item\">\n                    <h2 class=\"documento-title\">MUSEOS Y YACIMIENTOS ARQUEOL\u00d3GICOS MUSEALIZADOS. PANORAMA EN ALICANTE EN LA PRIMERA D\u00c9CADA DEL S. XXI<\/h2>\n        \n                    <p class=\"documento-subtitle\">Manuel H. Olcina Dom\u00e9nech, Jorge A. Soler D\u00edaz y Rafael P\u00e9rez Jim\u00e9nez<\/p>\n        \n                    <a href=\"https:\/\/marqalicante.com\/contenido\/particulos\/pub_123.pdf\" class=\"documento-btn\" target=\"_blank\" rel=\"noopener\">\n                <i class=\"fas fa-file-pdf\"><\/i> Descargar PDF\n            <\/a>\n            <\/div>\n\n    \n","protected":false},"excerpt":{"rendered":"<p>A diferencia de la d&eacute;cada de los 90 del pasado siglo&#44; cuando<br \/>en la provincia de Alicante se percib&iacute;a un panorama de museos<br \/>arqueol&oacute;gicos reforzado tras el advenimiento de la democracia<br \/>con entidades de titularidad municipal en las que<br \/>primaba la conservaci&oacute;n de bienes hallados en el t&eacute;rmino y<br \/>la difusi&oacute;n hacia la propia vecindad&#44; la primera d&eacute;cada del s.<br \/>XXI ha hecho de Alicante referencia europea de su museolog&iacute;a&#44;<br \/>observ&aacute;ndose al amparo del desarrollo econ&oacute;mico un<br \/>crecimiento en algunas instituciones de largo recorrido que<br \/>ahora se reconocen del todo provechosas en un amplio sentido<br \/>social&#44; cultural y econ&oacute;mico.<\/p>\n","protected":false},"featured_media":45873,"template":"","meta":{"kia_subtitle":""},"product_brand":[],"product_cat":[2913],"product_tag":[],"class_list":{"0":"post-45713","1":"product","2":"type-product","3":"status-publish","4":"has-post-thumbnail","6":"product_cat-articulos","8":"first","9":"instock","10":"virtual","11":"product-type-simple"},"meta_box":{"ia_expediente":"","ia_ano":"","ia_fechas_de_actuacion":"","ia_municipios_comarcas":"","ia_directores":"","ia_periodos_culturales":"","ia_tipos_de_intervencion":"","ia_equipo_tecnico":"","ia_autores":"","ia_promotores":"","ia_deposito_de_materiales":"","ia_coordenadas_utm":""},"_links":{"self":[{"href":"https:\/\/marqalicante-admin.qwair.com\/es\/wp-json\/wp\/v2\/product\/45713","targetHints":{"allow":["GET"]}}],"collection":[{"href":"https:\/\/marqalicante-admin.qwair.com\/es\/wp-json\/wp\/v2\/product"}],"about":[{"href":"https:\/\/marqalicante-admin.qwair.com\/es\/wp-json\/wp\/v2\/types\/product"}],"wp:featuredmedia":[{"embeddable":true,"href":"https:\/\/marqalicante-admin.qwair.com\/es\/wp-json\/wp\/v2\/media\/45873"}],"wp:attachment":[{"href":"https:\/\/marqalicante-admin.qwair.com\/es\/wp-json\/wp\/v2\/media?parent=45713"}],"wp:term":[{"taxonomy":"product_brand","embeddable":true,"href":"https:\/\/marqalicante-admin.qwair.com\/es\/wp-json\/wp\/v2\/product_brand?post=45713"},{"taxonomy":"product_cat","embeddable":true,"href":"https:\/\/marqalicante-admin.qwair.com\/es\/wp-json\/wp\/v2\/product_cat?post=45713"},{"taxonomy":"product_tag","embeddable":true,"href":"https:\/\/marqalicante-admin.qwair.com\/es\/wp-json\/wp\/v2\/product_tag?post=45713"}],"curies":[{"name":"wp","href":"https:\/\/api.w.org\/{rel}","templated":true}]}}