{"id":45706,"date":"2025-05-16T06:31:47","date_gmt":"2025-05-16T06:31:47","guid":{"rendered":"https:\/\/marqalicante-admin.qwair.com\/producto\/datos-preliminares-acerca-de-los-recursos-litologicos-en-el-sur-de-alicante-espana-el-silex-veleta-y-el-ejemplo-del-area-de-captacion-y-talla-del-paleolitico-medio-de-bardissa-hondon-de-las-nieves\/"},"modified":"2025-06-04T16:24:21","modified_gmt":"2025-06-04T16:24:21","slug":"datos-preliminares-acerca-de-los-recursos-litologicos-en-el-sur-de-alicante-espana-el-silex-veleta-y-el-ejemplo-del-area-de-captacion-y-talla-del-paleolitico-medio-de-bardissa-hondon-de-las-nieves","status":"publish","type":"product","link":"https:\/\/marqalicante-admin.qwair.com\/es\/producto\/datos-preliminares-acerca-de-los-recursos-litologicos-en-el-sur-de-alicante-espana-el-silex-veleta-y-el-ejemplo-del-area-de-captacion-y-talla-del-paleolitico-medio-de-bardissa-hondon-de-las-nieves\/","title":{"rendered":"Datos preliminares acerca de los recursos litol\u00f3gicos en el sur de Alicante (Espa\u00f1a): El s\u00edlex veleta y el ejemplo del \u00e1rea de captaci\u00f3n y talla del Paleol\u00edtico medio de Bardissa (Hond\u00f3n de las Nieves)"},"content":{"rendered":"    \n    <div class=\"documento-item\">\n                    <h2 class=\"documento-title\">Datos preliminares acerca de los recursos litol\u00f3gicos en el sur de Alicante (Espa\u00f1a): El s\u00edlex veleta y el ejemplo del \u00e1rea de captaci\u00f3n y talla del Paleol\u00edtico medio de Bardissa (Hond\u00f3n de las Nieves)<\/h2>\n        \n                    <p class=\"documento-subtitle\">Francisco Javier Molina Hern\u00e1ndez, Daniel Belmonte Mas, Ana Satorre P\u00e9rez, Antonio Tarri\u00f1o Vinagre, Cristo Manuel Hern\u00e1ndez G\u00f3mez, Bertila Galv\u00e1n Santos<\/p>\n        \n                    <a href=\"https:\/\/marqalicante.com\/contenido\/particulos\/pub_116.pdf\" class=\"documento-btn\" target=\"_blank\" rel=\"noopener\">\n                <i class=\"fas fa-file-pdf\"><\/i> Descargar PDF\n            <\/a>\n            <\/div>\n\n    \n","protected":false},"excerpt":{"rendered":"<p>En el presente trabajo se dan a conocer los resultados preliminares de la prospecci&oacute;n geoarqueol&oacute;gica efectuada en el sur de la provincia de Alicante&#44; incluyendo las comarcas del Camp d&rsquo;Alacant&#44; Medio y Bajo Vinalop&oacute; y Bajo Segura. El objetivo se ha centrado en documentar los recursos sil&iacute;ceos&#44; cartografi&aacute;ndose un total de 19 unidades geol&oacute;gicas; 12 correspondientes a s&iacute;lex primario y 7 a formaciones detr&iacute;ticas que contienen litolog&iacute;as variadas&#44; tanto locales como al&oacute;ctonas. Los primeros resultados se&ntilde;alan que uno de los recursos litol&oacute;gicos de mayor calidad y uso durante el Pleistoceno fue el s&iacute;lex tipo Veleta&#44; cuyos afloramientos primarios se circunscriben a la cubeta de los Hondones. En ella se est&aacute; documentando una elevada actividad de captaci&oacute;n y talla que permite obtener nuevos datos con respecto a la ocupaci&oacute;n de este &aacute;mbito geogr&aacute;fico durante el Paleol&iacute;tico medio.<\/p>\n","protected":false},"featured_media":45873,"template":"","meta":{"kia_subtitle":""},"product_brand":[],"product_cat":[2913],"product_tag":[],"class_list":{"0":"post-45706","1":"product","2":"type-product","3":"status-publish","4":"has-post-thumbnail","6":"product_cat-articulos","8":"first","9":"instock","10":"virtual","11":"product-type-simple"},"meta_box":{"ia_expediente":"","ia_ano":"","ia_fechas_de_actuacion":"","ia_municipios_comarcas":"","ia_directores":"","ia_periodos_culturales":"","ia_tipos_de_intervencion":"","ia_equipo_tecnico":"","ia_autores":"","ia_promotores":"","ia_deposito_de_materiales":"","ia_coordenadas_utm":""},"_links":{"self":[{"href":"https:\/\/marqalicante-admin.qwair.com\/es\/wp-json\/wp\/v2\/product\/45706","targetHints":{"allow":["GET"]}}],"collection":[{"href":"https:\/\/marqalicante-admin.qwair.com\/es\/wp-json\/wp\/v2\/product"}],"about":[{"href":"https:\/\/marqalicante-admin.qwair.com\/es\/wp-json\/wp\/v2\/types\/product"}],"wp:featuredmedia":[{"embeddable":true,"href":"https:\/\/marqalicante-admin.qwair.com\/es\/wp-json\/wp\/v2\/media\/45873"}],"wp:attachment":[{"href":"https:\/\/marqalicante-admin.qwair.com\/es\/wp-json\/wp\/v2\/media?parent=45706"}],"wp:term":[{"taxonomy":"product_brand","embeddable":true,"href":"https:\/\/marqalicante-admin.qwair.com\/es\/wp-json\/wp\/v2\/product_brand?post=45706"},{"taxonomy":"product_cat","embeddable":true,"href":"https:\/\/marqalicante-admin.qwair.com\/es\/wp-json\/wp\/v2\/product_cat?post=45706"},{"taxonomy":"product_tag","embeddable":true,"href":"https:\/\/marqalicante-admin.qwair.com\/es\/wp-json\/wp\/v2\/product_tag?post=45706"}],"curies":[{"name":"wp","href":"https:\/\/api.w.org\/{rel}","templated":true}]}}