{"id":45702,"date":"2025-05-16T06:31:46","date_gmt":"2025-05-16T06:31:46","guid":{"rendered":"https:\/\/marqalicante-admin.qwair.com\/producto\/investigacion-conservacion-y-puesta-en-valor-en-el-abrigo-con-arte-rupestre-de-pinos-benissa-alicante\/"},"modified":"2025-06-04T16:24:21","modified_gmt":"2025-06-04T16:24:21","slug":"investigacion-conservacion-y-puesta-en-valor-en-el-abrigo-con-arte-rupestre-de-pinos-benissa-alicante","status":"publish","type":"product","link":"https:\/\/marqalicante-admin.qwair.com\/es\/producto\/investigacion-conservacion-y-puesta-en-valor-en-el-abrigo-con-arte-rupestre-de-pinos-benissa-alicante\/","title":{"rendered":"Investigaci\u00f3n&#44; conservaci\u00f3n y puesta en valor en el abrigo con arte rupestre de Pinos (Benissa&#44; Alicante)"},"content":{"rendered":"    \n    <div class=\"documento-item\">\n                    <h2 class=\"documento-title\">Investigaci\u00f3n, conservaci\u00f3n y puesta en valor en el abrigo con arte rupestre de Pinos (Benissa, Alicante)<\/h2>\n        \n                    <p class=\"documento-subtitle\">Virginia Barciela Gonz\u00e1lez, Fco. Javier Molina Hern\u00e1ndez, Rub\u00e9n Vidal Bertomeu y Eduardo L\u00f3pez Segu\u00ed<\/p>\n        \n                    <a href=\"https:\/\/marqalicante.com\/contenido\/particulos\/pub_112.pdf\" class=\"documento-btn\" target=\"_blank\" rel=\"noopener\">\n                <i class=\"fas fa-file-pdf\"><\/i> Descargar PDF\n            <\/a>\n            <\/div>\n\n    \n","protected":false},"excerpt":{"rendered":"<p>El Abrigo de Pinos (Benissa&#44; Alicante) constituye uno de los m&aacute;s de 200 yacimientos con arte rupestre de cronolog&iacute;a&nbsp;neol&iacute;tica que se conocen en la provincia de Alicante. Adem&aacute;s de su consideraci&oacute;n como Bien de Inter&eacute;s Cultural&#44; en 1998&nbsp;fue incluido dentro del conjunto de Arte Rupestre del Arco Mediterr&aacute;neo de la Pen&iacute;nsula Ib&eacute;rica&#44; declarado Patrimonio&nbsp;de la Humanidad por la UNESCO. Esta declaraci&oacute;n&#44; unida al inter&eacute;s del municipio por el enclave&#44; ha permitido desarrollar&nbsp;diferentes proyectos de conservaci&oacute;n&#44; estudio y difusi&oacute;n&#44; el &uacute;ltimo de los cuales ha motivado una revisi&oacute;n acerca de las&nbsp;representaciones en el yacimiento&#44; cuyos resultados se presentan en este art&iacute;culo.&nbsp;<\/p>\n","protected":false},"featured_media":45873,"template":"","meta":{"kia_subtitle":""},"product_brand":[],"product_cat":[2913],"product_tag":[],"class_list":{"0":"post-45702","1":"product","2":"type-product","3":"status-publish","4":"has-post-thumbnail","6":"product_cat-articulos","8":"first","9":"instock","10":"virtual","11":"product-type-simple"},"meta_box":{"ia_expediente":"","ia_ano":"","ia_fechas_de_actuacion":"","ia_municipios_comarcas":"","ia_directores":"","ia_periodos_culturales":"","ia_tipos_de_intervencion":"","ia_equipo_tecnico":"","ia_autores":"","ia_promotores":"","ia_deposito_de_materiales":"","ia_coordenadas_utm":""},"_links":{"self":[{"href":"https:\/\/marqalicante-admin.qwair.com\/es\/wp-json\/wp\/v2\/product\/45702","targetHints":{"allow":["GET"]}}],"collection":[{"href":"https:\/\/marqalicante-admin.qwair.com\/es\/wp-json\/wp\/v2\/product"}],"about":[{"href":"https:\/\/marqalicante-admin.qwair.com\/es\/wp-json\/wp\/v2\/types\/product"}],"wp:featuredmedia":[{"embeddable":true,"href":"https:\/\/marqalicante-admin.qwair.com\/es\/wp-json\/wp\/v2\/media\/45873"}],"wp:attachment":[{"href":"https:\/\/marqalicante-admin.qwair.com\/es\/wp-json\/wp\/v2\/media?parent=45702"}],"wp:term":[{"taxonomy":"product_brand","embeddable":true,"href":"https:\/\/marqalicante-admin.qwair.com\/es\/wp-json\/wp\/v2\/product_brand?post=45702"},{"taxonomy":"product_cat","embeddable":true,"href":"https:\/\/marqalicante-admin.qwair.com\/es\/wp-json\/wp\/v2\/product_cat?post=45702"},{"taxonomy":"product_tag","embeddable":true,"href":"https:\/\/marqalicante-admin.qwair.com\/es\/wp-json\/wp\/v2\/product_tag?post=45702"}],"curies":[{"name":"wp","href":"https:\/\/api.w.org\/{rel}","templated":true}]}}