{"id":45696,"date":"2025-05-16T06:31:44","date_gmt":"2025-05-16T06:31:44","guid":{"rendered":"https:\/\/marqalicante-admin.qwair.com\/producto\/arqueologia-de-la-fortificacion-de-la-costa-de-alicante-en-epoca-medieval-y-moderna-el-caso-del-sistema-defensivo-de-calp\/"},"modified":"2025-06-04T16:24:20","modified_gmt":"2025-06-04T16:24:20","slug":"arqueologia-de-la-fortificacion-de-la-costa-de-alicante-en-epoca-medieval-y-moderna-el-caso-del-sistema-defensivo-de-calp","status":"publish","type":"product","link":"https:\/\/marqalicante-admin.qwair.com\/es\/producto\/arqueologia-de-la-fortificacion-de-la-costa-de-alicante-en-epoca-medieval-y-moderna-el-caso-del-sistema-defensivo-de-calp\/","title":{"rendered":"Arqueolog\u00eda de la fortificaci\u00f3n de la costa de Alicante en \u00e9poca medieval y moderna. El caso del sistema defensivo de Calp"},"content":{"rendered":"    \n    <div class=\"documento-item\">\n                    <h2 class=\"documento-title\">Arqueolog\u00eda de la fortificaci\u00f3n de la costa de Alicante en \u00e9poca medieval y moderna. El caso del sistema defensivo de Calp<\/h2>\n        \n                    <p class=\"documento-subtitle\">Jos\u00e9 Luis Men\u00e9ndez Fueyo y Joaqu\u00edn Pina Mira<\/p>\n        \n                    <a href=\"https:\/\/marqalicante.com\/contenido\/particulos\/pub_106.pdf\" class=\"documento-btn\" target=\"_blank\" rel=\"noopener\">\n                <i class=\"fas fa-file-pdf\"><\/i> Descargar PDF\n            <\/a>\n            <\/div>\n\n    \n","protected":false},"excerpt":{"rendered":"<p>Este trabajo pretende abordar el interesante caso del recinto amurallado de Calp (Alicante)&#44; un sistema defensivo construido&nbsp;en &eacute;poca medieval del que a&uacute;n se conservan su traza y buena parte de los restos de sus murallas&#44; torres y fortificaciones.&nbsp;Dicho sistema es modificado a inicios del siglo XVI coincidiendo con los planes propuestos por el Duque de Calabria en&nbsp;el a&ntilde;o 1534&#44; donde se incorporan una serie de defensas que podemos ubicar dentro de lo que se viene definiendo como&nbsp;fortificaciones pre-abaluartadas.<\/p>\n","protected":false},"featured_media":45873,"template":"","meta":{"kia_subtitle":""},"product_brand":[],"product_cat":[2913],"product_tag":[],"class_list":{"0":"post-45696","1":"product","2":"type-product","3":"status-publish","4":"has-post-thumbnail","6":"product_cat-articulos","8":"first","9":"instock","10":"virtual","11":"product-type-simple"},"meta_box":{"ia_expediente":"","ia_ano":"","ia_fechas_de_actuacion":"","ia_municipios_comarcas":"","ia_directores":"","ia_periodos_culturales":"","ia_tipos_de_intervencion":"","ia_equipo_tecnico":"","ia_autores":"","ia_promotores":"","ia_deposito_de_materiales":"","ia_coordenadas_utm":""},"_links":{"self":[{"href":"https:\/\/marqalicante-admin.qwair.com\/es\/wp-json\/wp\/v2\/product\/45696","targetHints":{"allow":["GET"]}}],"collection":[{"href":"https:\/\/marqalicante-admin.qwair.com\/es\/wp-json\/wp\/v2\/product"}],"about":[{"href":"https:\/\/marqalicante-admin.qwair.com\/es\/wp-json\/wp\/v2\/types\/product"}],"wp:featuredmedia":[{"embeddable":true,"href":"https:\/\/marqalicante-admin.qwair.com\/es\/wp-json\/wp\/v2\/media\/45873"}],"wp:attachment":[{"href":"https:\/\/marqalicante-admin.qwair.com\/es\/wp-json\/wp\/v2\/media?parent=45696"}],"wp:term":[{"taxonomy":"product_brand","embeddable":true,"href":"https:\/\/marqalicante-admin.qwair.com\/es\/wp-json\/wp\/v2\/product_brand?post=45696"},{"taxonomy":"product_cat","embeddable":true,"href":"https:\/\/marqalicante-admin.qwair.com\/es\/wp-json\/wp\/v2\/product_cat?post=45696"},{"taxonomy":"product_tag","embeddable":true,"href":"https:\/\/marqalicante-admin.qwair.com\/es\/wp-json\/wp\/v2\/product_tag?post=45696"}],"curies":[{"name":"wp","href":"https:\/\/api.w.org\/{rel}","templated":true}]}}