{"id":45694,"date":"2025-05-16T06:31:43","date_gmt":"2025-05-16T06:31:43","guid":{"rendered":"https:\/\/marqalicante-admin.qwair.com\/producto\/rapitas-en-el-limite-occidental-del-islam-medieval-su-incidencia-en-la-configuracion-del-paisaje-fronterizo-en-el-sector-oriental-del-valle-del-ebro-altomedieval-la-rapita-lleida\/"},"modified":"2025-06-04T16:24:18","modified_gmt":"2025-06-04T16:24:18","slug":"rapitas-en-el-limite-occidental-del-islam-medieval-su-incidencia-en-la-configuracion-del-paisaje-fronterizo-en-el-sector-oriental-del-valle-del-ebro-altomedieval-la-rapita-lleida","status":"publish","type":"product","link":"https:\/\/marqalicante-admin.qwair.com\/es\/producto\/rapitas-en-el-limite-occidental-del-islam-medieval-su-incidencia-en-la-configuracion-del-paisaje-fronterizo-en-el-sector-oriental-del-valle-del-ebro-altomedieval-la-rapita-lleida\/","title":{"rendered":"R\u00e1pitas en el l\u00edmite occidental del Islam medieval. Su incidencia en la configuraci\u00f3n del paisaje fronterizo en el sector oriental del valle del Ebro altomedieval: La R\u00e0pita (Lleida)"},"content":{"rendered":"    \n    <div class=\"documento-item\">\n                    <h2 class=\"documento-title\">R\u00e1pitas en el l\u00edmite occidental del Islam medieval. Su incidencia en la configuraci\u00f3n del paisaje fronterizo en el sector oriental del valle del Ebro altomedieval: La R\u00e0pita (Lleida)<\/h2>\n        \n                    <p class=\"documento-subtitle\">Jes\u00fas Brufal Sucarrat<\/p>\n        \n                    <a href=\"https:\/\/marqalicante.com\/contenido\/particulos\/pub_104.pdf\" class=\"documento-btn\" target=\"_blank\" rel=\"noopener\">\n                <i class=\"fas fa-file-pdf\"><\/i> Descargar PDF\n            <\/a>\n            <\/div>\n\n    \n","protected":false},"excerpt":{"rendered":"<p>En el contexto isl&aacute;mico medieval&#44; el valle del Ebro se convierte en un enorme espacio fronterizo ante la cristiandad. En&nbsp;su consolidaci&oacute;n y defensa participan las r&aacute;pitas&#44; emplazamientos isl&aacute;micos que acogen a fieles musulmanes que van de&nbsp;rib\u0101\u1e6d a la Frontera. Adem&aacute;s&#44; su ubicaci&oacute;n en el espacio responde al aprovechamiento de los recursos naturales.<\/p>\n","protected":false},"featured_media":45873,"template":"","meta":{"kia_subtitle":""},"product_brand":[],"product_cat":[2913],"product_tag":[],"class_list":{"0":"post-45694","1":"product","2":"type-product","3":"status-publish","4":"has-post-thumbnail","6":"product_cat-articulos","8":"first","9":"instock","10":"virtual","11":"product-type-simple"},"meta_box":{"ia_expediente":"","ia_ano":"","ia_fechas_de_actuacion":"","ia_municipios_comarcas":"","ia_directores":"","ia_periodos_culturales":"","ia_tipos_de_intervencion":"","ia_equipo_tecnico":"","ia_autores":"","ia_promotores":"","ia_deposito_de_materiales":"","ia_coordenadas_utm":""},"_links":{"self":[{"href":"https:\/\/marqalicante-admin.qwair.com\/es\/wp-json\/wp\/v2\/product\/45694","targetHints":{"allow":["GET"]}}],"collection":[{"href":"https:\/\/marqalicante-admin.qwair.com\/es\/wp-json\/wp\/v2\/product"}],"about":[{"href":"https:\/\/marqalicante-admin.qwair.com\/es\/wp-json\/wp\/v2\/types\/product"}],"wp:featuredmedia":[{"embeddable":true,"href":"https:\/\/marqalicante-admin.qwair.com\/es\/wp-json\/wp\/v2\/media\/45873"}],"wp:attachment":[{"href":"https:\/\/marqalicante-admin.qwair.com\/es\/wp-json\/wp\/v2\/media?parent=45694"}],"wp:term":[{"taxonomy":"product_brand","embeddable":true,"href":"https:\/\/marqalicante-admin.qwair.com\/es\/wp-json\/wp\/v2\/product_brand?post=45694"},{"taxonomy":"product_cat","embeddable":true,"href":"https:\/\/marqalicante-admin.qwair.com\/es\/wp-json\/wp\/v2\/product_cat?post=45694"},{"taxonomy":"product_tag","embeddable":true,"href":"https:\/\/marqalicante-admin.qwair.com\/es\/wp-json\/wp\/v2\/product_tag?post=45694"}],"curies":[{"name":"wp","href":"https:\/\/api.w.org\/{rel}","templated":true}]}}