{"id":45688,"date":"2025-05-16T06:31:41","date_gmt":"2025-05-16T06:31:41","guid":{"rendered":"https:\/\/marqalicante-admin.qwair.com\/producto\/galanet-elche-alicante-nuevas-evidencias-de-ocupacion-humana-del-camp-delx-durante-el-neolitico-final\/"},"modified":"2025-06-04T16:24:17","modified_gmt":"2025-06-04T16:24:17","slug":"galanet-elche-alicante-nuevas-evidencias-de-ocupacion-humana-del-camp-delx-durante-el-neolitico-final","status":"publish","type":"product","link":"https:\/\/marqalicante-admin.qwair.com\/es\/producto\/galanet-elche-alicante-nuevas-evidencias-de-ocupacion-humana-del-camp-delx-durante-el-neolitico-final\/","title":{"rendered":"Galanet (Elche&#44; Alicante). Nuevas evidencias de ocupaci\u00f3n humana del Camp d\u2019Elx durante el Neol\u00edtico final"},"content":{"rendered":"    \n    <div class=\"documento-item\">\n                    <h2 class=\"documento-title\">Galanet (Elche, Alicante). Nuevas evidencias de ocupaci\u00f3n humana del Camp d\u2019Elx durante el Neol\u00edtico final<\/h2>\n        \n                    <p class=\"documento-subtitle\">Palmira Torregrosa Gim\u00e9nez y Eduardo L\u00f3pez Segu\u00ed<\/p>\n        \n                    <a href=\"https:\/\/marqalicante.com\/contenido\/particulos\/pub_98.pdf\" class=\"documento-btn\" target=\"_blank\" rel=\"noopener\">\n                <i class=\"fas fa-file-pdf\"><\/i> Descargar PDF\n            <\/a>\n            <\/div>\n\n    \n","protected":false},"excerpt":{"rendered":"<p>En este art&iacute;culo se presentan los resultados de las intervenciones arqueol&oacute;gicas llevadas a cabo en diversas &aacute;reas&nbsp;pr&oacute;ximas&#44; integradas todas ellas bajo la denominaci&oacute;n del yacimiento de Galanet (Elche&#44; Alicante). La excavaci&oacute;n de un&nbsp;amplio conjunto de estructuras negativas y la recuperaci&oacute;n de un importante n&uacute;mero de restos materiales han permitido&nbsp;datar el yacimiento entre finales del IV e inicios del III milenio cal BC. La distribuci&oacute;n y n&uacute;mero de estructuras lo convierten en el yacimiento m&aacute;s extenso de estos momentos en las tierras del r&iacute;o Vinalop&oacute;.<\/p>\n","protected":false},"featured_media":45873,"template":"","meta":{"kia_subtitle":""},"product_brand":[],"product_cat":[2913],"product_tag":[],"class_list":{"0":"post-45688","1":"product","2":"type-product","3":"status-publish","4":"has-post-thumbnail","6":"product_cat-articulos","8":"first","9":"instock","10":"virtual","11":"product-type-simple"},"meta_box":{"ia_expediente":"","ia_ano":"","ia_fechas_de_actuacion":"","ia_municipios_comarcas":"","ia_directores":"","ia_periodos_culturales":"","ia_tipos_de_intervencion":"","ia_equipo_tecnico":"","ia_autores":"","ia_promotores":"","ia_deposito_de_materiales":"","ia_coordenadas_utm":""},"_links":{"self":[{"href":"https:\/\/marqalicante-admin.qwair.com\/es\/wp-json\/wp\/v2\/product\/45688","targetHints":{"allow":["GET"]}}],"collection":[{"href":"https:\/\/marqalicante-admin.qwair.com\/es\/wp-json\/wp\/v2\/product"}],"about":[{"href":"https:\/\/marqalicante-admin.qwair.com\/es\/wp-json\/wp\/v2\/types\/product"}],"wp:featuredmedia":[{"embeddable":true,"href":"https:\/\/marqalicante-admin.qwair.com\/es\/wp-json\/wp\/v2\/media\/45873"}],"wp:attachment":[{"href":"https:\/\/marqalicante-admin.qwair.com\/es\/wp-json\/wp\/v2\/media?parent=45688"}],"wp:term":[{"taxonomy":"product_brand","embeddable":true,"href":"https:\/\/marqalicante-admin.qwair.com\/es\/wp-json\/wp\/v2\/product_brand?post=45688"},{"taxonomy":"product_cat","embeddable":true,"href":"https:\/\/marqalicante-admin.qwair.com\/es\/wp-json\/wp\/v2\/product_cat?post=45688"},{"taxonomy":"product_tag","embeddable":true,"href":"https:\/\/marqalicante-admin.qwair.com\/es\/wp-json\/wp\/v2\/product_tag?post=45688"}],"curies":[{"name":"wp","href":"https:\/\/api.w.org\/{rel}","templated":true}]}}