{"id":45683,"date":"2025-05-16T06:31:40","date_gmt":"2025-05-16T06:31:40","guid":{"rendered":"https:\/\/marqalicante-admin.qwair.com\/producto\/el-registro-funerario-de-cabezo-pardo-san-isidro-granja-de-rocamora-alicante\/"},"modified":"2025-06-04T16:24:17","modified_gmt":"2025-06-04T16:24:17","slug":"el-registro-funerario-de-cabezo-pardo-san-isidro-granja-de-rocamora-alicante","status":"publish","type":"product","link":"https:\/\/marqalicante-admin.qwair.com\/es\/producto\/el-registro-funerario-de-cabezo-pardo-san-isidro-granja-de-rocamora-alicante\/","title":{"rendered":"El registro funerario de Cabezo Pardo (San Isidro \/ Granja de Rocamora&#44; Alicante)"},"content":{"rendered":"    \n    <div class=\"documento-item\">\n                    <h2 class=\"documento-title\">El registro funerario de Cabezo Pardo (San Isidro \/ Granja de Rocamora, Alicante)<\/h2>\n        \n                    <p class=\"documento-subtitle\">Juan Antonio L\u00f3pez Padilla, M\u00aa Teresa Xim\u00e9nez de Emb\u00fan S\u00e1nchez, Susana G\u00f3mez Gonz\u00e1lez, Alejandro Romero Rameta<\/p>\n        \n                    <a href=\"https:\/\/marqalicante.com\/contenido\/particulos\/pub_93.pdf\" class=\"documento-btn\" target=\"_blank\" rel=\"noopener\">\n                <i class=\"fas fa-file-pdf\"><\/i> Descargar PDF\n            <\/a>\n            <\/div>\n\n    \n","protected":false},"excerpt":{"rendered":"<p>Se presenta el registro funerario del yacimiento arqueol&oacute;gico de Cabezo Pardo. Las excavaciones realizadas han&nbsp;revelado la existencia de dos momentos de ocupaci&oacute;n muy distantes cronol&oacute;gicamente entre s&iacute;: un primer asentamiento&nbsp;perteneciente a la Edad del Bronce (c. 1950-1550 cal BC) y otro de &eacute;poca emiral (c. s.VIII-IX d.C.). Los trabajos han&nbsp;permitido documentar la existencia de sepulturas correspondientes a ambos periodos&#44; as&iacute; como tambi&eacute;n un conjunto de<br \/>restos &oacute;seos humanos carentes de contexto arqueol&oacute;gico que no es&nbsp;posible asignar a una u otra etapa.<\/p>\n","protected":false},"featured_media":45873,"template":"","meta":{"kia_subtitle":""},"product_brand":[],"product_cat":[2913],"product_tag":[],"class_list":{"0":"post-45683","1":"product","2":"type-product","3":"status-publish","4":"has-post-thumbnail","6":"product_cat-articulos","8":"first","9":"instock","10":"virtual","11":"product-type-simple"},"meta_box":{"ia_expediente":"","ia_ano":"","ia_fechas_de_actuacion":"","ia_municipios_comarcas":"","ia_directores":"","ia_periodos_culturales":"","ia_tipos_de_intervencion":"","ia_equipo_tecnico":"","ia_autores":"","ia_promotores":"","ia_deposito_de_materiales":"","ia_coordenadas_utm":""},"_links":{"self":[{"href":"https:\/\/marqalicante-admin.qwair.com\/es\/wp-json\/wp\/v2\/product\/45683","targetHints":{"allow":["GET"]}}],"collection":[{"href":"https:\/\/marqalicante-admin.qwair.com\/es\/wp-json\/wp\/v2\/product"}],"about":[{"href":"https:\/\/marqalicante-admin.qwair.com\/es\/wp-json\/wp\/v2\/types\/product"}],"wp:featuredmedia":[{"embeddable":true,"href":"https:\/\/marqalicante-admin.qwair.com\/es\/wp-json\/wp\/v2\/media\/45873"}],"wp:attachment":[{"href":"https:\/\/marqalicante-admin.qwair.com\/es\/wp-json\/wp\/v2\/media?parent=45683"}],"wp:term":[{"taxonomy":"product_brand","embeddable":true,"href":"https:\/\/marqalicante-admin.qwair.com\/es\/wp-json\/wp\/v2\/product_brand?post=45683"},{"taxonomy":"product_cat","embeddable":true,"href":"https:\/\/marqalicante-admin.qwair.com\/es\/wp-json\/wp\/v2\/product_cat?post=45683"},{"taxonomy":"product_tag","embeddable":true,"href":"https:\/\/marqalicante-admin.qwair.com\/es\/wp-json\/wp\/v2\/product_tag?post=45683"}],"curies":[{"name":"wp","href":"https:\/\/api.w.org\/{rel}","templated":true}]}}