{"id":45677,"date":"2025-05-16T06:31:39","date_gmt":"2025-05-16T06:31:39","guid":{"rendered":"https:\/\/marqalicante-admin.qwair.com\/producto\/evidencias-de-extraccion-de-soportes-como-metodo-para-la-elaboracion-de-artefactos-oseos-durante-el-ii-milenio-ac-en-la-peninsula-iberica\/"},"modified":"2025-06-04T16:24:16","modified_gmt":"2025-06-04T16:24:16","slug":"evidencias-de-extraccion-de-soportes-como-metodo-para-la-elaboracion-de-artefactos-oseos-durante-el-ii-milenio-ac-en-la-peninsula-iberica","status":"publish","type":"product","link":"https:\/\/marqalicante-admin.qwair.com\/es\/producto\/evidencias-de-extraccion-de-soportes-como-metodo-para-la-elaboracion-de-artefactos-oseos-durante-el-ii-milenio-ac-en-la-peninsula-iberica\/","title":{"rendered":"Evidencias de extracci\u00f3n de soportes como m\u00e9todo para la elaboraci\u00f3n de artefactos \u00f3seos durante el II milenio AC en la Pen\u00ednsula Ib\u00e9rica"},"content":{"rendered":"    \n    <div class=\"documento-item\">\n                    <h2 class=\"documento-title\">Evidencias de extracci\u00f3n de soportes como m\u00e9todo para la elaboraci\u00f3n de artefactos \u00f3seos durante el II milenio AC en la Pen\u00ednsula Ib\u00e9rica<\/h2>\n        \n                    <p class=\"documento-subtitle\">Manuel Altamirano Garc\u00eda<\/p>\n        \n                    <a href=\"https:\/\/marqalicante.com\/contenido\/particulos\/pub_87.pdf\" class=\"documento-btn\" target=\"_blank\" rel=\"noopener\">\n                <i class=\"fas fa-file-pdf\"><\/i> Descargar PDF\n            <\/a>\n            <\/div>\n\n    \n","protected":false},"excerpt":{"rendered":"<p>En el presente art&iacute;culo se analiza el proceso de manufactura de un grupo de puntas de proyectil realizadas en asta de&nbsp;ciervo cuya producci&oacute;n parece estar bastante normalizada. Para ello&#44; se emplearon de forma sistem&aacute;tica porciones&nbsp;obtenidas por extracci&oacute;n de la percha A o B del asta&#44; obteni&eacute;ndose soportes regularizados de formas rectangulares a&nbsp;partir de los cuales manufacturar las puntas poniendo en pr&aacute;ctica diversas t&eacute;cnicas.<\/p>\n","protected":false},"featured_media":45873,"template":"","meta":{"kia_subtitle":""},"product_brand":[],"product_cat":[2913],"product_tag":[],"class_list":{"0":"post-45677","1":"product","2":"type-product","3":"status-publish","4":"has-post-thumbnail","6":"product_cat-articulos","8":"first","9":"instock","10":"virtual","11":"product-type-simple"},"meta_box":{"ia_expediente":"","ia_ano":"","ia_fechas_de_actuacion":"","ia_municipios_comarcas":"","ia_directores":"","ia_periodos_culturales":"","ia_tipos_de_intervencion":"","ia_equipo_tecnico":"","ia_autores":"","ia_promotores":"","ia_deposito_de_materiales":"","ia_coordenadas_utm":""},"_links":{"self":[{"href":"https:\/\/marqalicante-admin.qwair.com\/es\/wp-json\/wp\/v2\/product\/45677","targetHints":{"allow":["GET"]}}],"collection":[{"href":"https:\/\/marqalicante-admin.qwair.com\/es\/wp-json\/wp\/v2\/product"}],"about":[{"href":"https:\/\/marqalicante-admin.qwair.com\/es\/wp-json\/wp\/v2\/types\/product"}],"wp:featuredmedia":[{"embeddable":true,"href":"https:\/\/marqalicante-admin.qwair.com\/es\/wp-json\/wp\/v2\/media\/45873"}],"wp:attachment":[{"href":"https:\/\/marqalicante-admin.qwair.com\/es\/wp-json\/wp\/v2\/media?parent=45677"}],"wp:term":[{"taxonomy":"product_brand","embeddable":true,"href":"https:\/\/marqalicante-admin.qwair.com\/es\/wp-json\/wp\/v2\/product_brand?post=45677"},{"taxonomy":"product_cat","embeddable":true,"href":"https:\/\/marqalicante-admin.qwair.com\/es\/wp-json\/wp\/v2\/product_cat?post=45677"},{"taxonomy":"product_tag","embeddable":true,"href":"https:\/\/marqalicante-admin.qwair.com\/es\/wp-json\/wp\/v2\/product_tag?post=45677"}],"curies":[{"name":"wp","href":"https:\/\/api.w.org\/{rel}","templated":true}]}}