{"id":45672,"date":"2025-05-16T06:31:37","date_gmt":"2025-05-16T06:31:37","guid":{"rendered":"https:\/\/marqalicante-admin.qwair.com\/producto\/revisando-la-transicion-el-final-de-la-antiguedad-tardia-en-el-yacimiento-de-fontcalent-alicante\/"},"modified":"2025-06-04T16:24:15","modified_gmt":"2025-06-04T16:24:15","slug":"revisando-la-transicion-el-final-de-la-antiguedad-tardia-en-el-yacimiento-de-fontcalent-alicante","status":"publish","type":"product","link":"https:\/\/marqalicante-admin.qwair.com\/es\/producto\/revisando-la-transicion-el-final-de-la-antiguedad-tardia-en-el-yacimiento-de-fontcalent-alicante\/","title":{"rendered":"Revisando la transici\u00f3n. El final de la Antig\u00fcedad Tard\u00eda en el yacimiento de Fontcalent (Alicante)"},"content":{"rendered":"    \n    <div class=\"documento-item\">\n                    <h2 class=\"documento-title\">Revisando la transici\u00f3n. El final de la Antig\u00fcedad Tard\u00eda en el yacimiento de Fontcalent (Alicante)<\/h2>\n        \n                    <p class=\"documento-subtitle\">M\u00aa Teresa Xim\u00e9nez de Emb\u00fan S\u00e1nchez<\/p>\n        \n                    <a href=\"https:\/\/marqalicante.com\/contenido\/particulos\/pub_82.pdf\" class=\"documento-btn\" target=\"_blank\" rel=\"noopener\">\n                <i class=\"fas fa-file-pdf\"><\/i> Descargar PDF\n            <\/a>\n            <\/div>\n\n    \n","protected":false},"excerpt":{"rendered":"<p>El yacimiento de Fontcalent&#44; localizado al pie de una sierra de mismo nombre a escasos kil&oacute;metros de la ciudad de&nbsp;Alicante&#44; se revela como uno de los pocos conjuntos identificados como asentamiento rural de car&aacute;cter visigodo en&nbsp;el sureste peninsular. Su particular cultura material fue objeto de estudio durante d&eacute;cadas&#44; pero una revisi&oacute;n actual&nbsp;de los fondos procedentes del yacimiento depositados en el MARQ&#44; podr&iacute;an aportar una visi&oacute;n algo m&aacute;s perfilada&nbsp;sobre sus or&iacute;genes y cronolog&iacute;a.<\/p>\n","protected":false},"featured_media":45873,"template":"","meta":{"kia_subtitle":""},"product_brand":[],"product_cat":[2913],"product_tag":[],"class_list":{"0":"post-45672","1":"product","2":"type-product","3":"status-publish","4":"has-post-thumbnail","6":"product_cat-articulos","8":"first","9":"instock","10":"virtual","11":"product-type-simple"},"meta_box":{"ia_expediente":"","ia_ano":"","ia_fechas_de_actuacion":"","ia_municipios_comarcas":"","ia_directores":"","ia_periodos_culturales":"","ia_tipos_de_intervencion":"","ia_equipo_tecnico":"","ia_autores":"","ia_promotores":"","ia_deposito_de_materiales":"","ia_coordenadas_utm":""},"_links":{"self":[{"href":"https:\/\/marqalicante-admin.qwair.com\/es\/wp-json\/wp\/v2\/product\/45672","targetHints":{"allow":["GET"]}}],"collection":[{"href":"https:\/\/marqalicante-admin.qwair.com\/es\/wp-json\/wp\/v2\/product"}],"about":[{"href":"https:\/\/marqalicante-admin.qwair.com\/es\/wp-json\/wp\/v2\/types\/product"}],"wp:featuredmedia":[{"embeddable":true,"href":"https:\/\/marqalicante-admin.qwair.com\/es\/wp-json\/wp\/v2\/media\/45873"}],"wp:attachment":[{"href":"https:\/\/marqalicante-admin.qwair.com\/es\/wp-json\/wp\/v2\/media?parent=45672"}],"wp:term":[{"taxonomy":"product_brand","embeddable":true,"href":"https:\/\/marqalicante-admin.qwair.com\/es\/wp-json\/wp\/v2\/product_brand?post=45672"},{"taxonomy":"product_cat","embeddable":true,"href":"https:\/\/marqalicante-admin.qwair.com\/es\/wp-json\/wp\/v2\/product_cat?post=45672"},{"taxonomy":"product_tag","embeddable":true,"href":"https:\/\/marqalicante-admin.qwair.com\/es\/wp-json\/wp\/v2\/product_tag?post=45672"}],"curies":[{"name":"wp","href":"https:\/\/api.w.org\/{rel}","templated":true}]}}