{"id":45670,"date":"2025-05-16T06:31:37","date_gmt":"2025-05-16T06:31:37","guid":{"rendered":"https:\/\/marqalicante-admin.qwair.com\/producto\/un-fragmento-de-ceramica-iberica-pintada-del-tossal-de-manises-atribuido-a-castillo-del-rio-aspe\/"},"modified":"2025-06-04T16:24:15","modified_gmt":"2025-06-04T16:24:15","slug":"un-fragmento-de-ceramica-iberica-pintada-del-tossal-de-manises-atribuido-a-castillo-del-rio-aspe","status":"publish","type":"product","link":"https:\/\/marqalicante-admin.qwair.com\/es\/producto\/un-fragmento-de-ceramica-iberica-pintada-del-tossal-de-manises-atribuido-a-castillo-del-rio-aspe\/","title":{"rendered":"Un fragmento de cer\u00e1mica ib\u00e9rica pintada del Tossal de Manises atribuido a Castillo del R\u00edo (Aspe)"},"content":{"rendered":"    \n    <div class=\"documento-item\">\n                    <h2 class=\"documento-title\">Un fragmento de cer\u00e1mica ib\u00e9rica pintada del Tossal de Manises atribuido a Castillo del R\u00edo (Aspe)<\/h2>\n        \n                    <p class=\"documento-subtitle\">Enric Verd\u00fa Parra, Manuel H. Olcina Dom\u00e9nech<\/p>\n        \n                    <a href=\"https:\/\/marqalicante.com\/contenido\/particulos\/pub_80.pdf\" class=\"documento-btn\" target=\"_blank\" rel=\"noopener\">\n                <i class=\"fas fa-file-pdf\"><\/i> Descargar PDF\n            <\/a>\n            <\/div>\n\n    \n","protected":false},"excerpt":{"rendered":"<p>Como resultado de los actuales trabajos de revisi&oacute;n de los fondos materiales conservados en los almacenes del&nbsp;Museo Arqueol&oacute;gico de Alicante-MARQ ha sido identificada una nueva forma cer&aacute;mica ib&eacute;rica no constatada con&nbsp;anterioridad en el yacimiento del Tossal de Manises&#44; la cual ha podido reconstruirse a partir de diversos fragmentos&nbsp;publicados desde los a&ntilde;os 30 del siglo XX.<\/p>\n","protected":false},"featured_media":45873,"template":"","meta":{"kia_subtitle":""},"product_brand":[],"product_cat":[2913],"product_tag":[],"class_list":{"0":"post-45670","1":"product","2":"type-product","3":"status-publish","4":"has-post-thumbnail","6":"product_cat-articulos","8":"first","9":"instock","10":"virtual","11":"product-type-simple"},"meta_box":{"ia_expediente":"","ia_ano":"","ia_fechas_de_actuacion":"","ia_municipios_comarcas":"","ia_directores":"","ia_periodos_culturales":"","ia_tipos_de_intervencion":"","ia_equipo_tecnico":"","ia_autores":"","ia_promotores":"","ia_deposito_de_materiales":"","ia_coordenadas_utm":""},"_links":{"self":[{"href":"https:\/\/marqalicante-admin.qwair.com\/es\/wp-json\/wp\/v2\/product\/45670","targetHints":{"allow":["GET"]}}],"collection":[{"href":"https:\/\/marqalicante-admin.qwair.com\/es\/wp-json\/wp\/v2\/product"}],"about":[{"href":"https:\/\/marqalicante-admin.qwair.com\/es\/wp-json\/wp\/v2\/types\/product"}],"wp:featuredmedia":[{"embeddable":true,"href":"https:\/\/marqalicante-admin.qwair.com\/es\/wp-json\/wp\/v2\/media\/45873"}],"wp:attachment":[{"href":"https:\/\/marqalicante-admin.qwair.com\/es\/wp-json\/wp\/v2\/media?parent=45670"}],"wp:term":[{"taxonomy":"product_brand","embeddable":true,"href":"https:\/\/marqalicante-admin.qwair.com\/es\/wp-json\/wp\/v2\/product_brand?post=45670"},{"taxonomy":"product_cat","embeddable":true,"href":"https:\/\/marqalicante-admin.qwair.com\/es\/wp-json\/wp\/v2\/product_cat?post=45670"},{"taxonomy":"product_tag","embeddable":true,"href":"https:\/\/marqalicante-admin.qwair.com\/es\/wp-json\/wp\/v2\/product_tag?post=45670"}],"curies":[{"name":"wp","href":"https:\/\/api.w.org\/{rel}","templated":true}]}}