{"id":45668,"date":"2025-05-16T06:31:36","date_gmt":"2025-05-16T06:31:36","guid":{"rendered":"https:\/\/marqalicante-admin.qwair.com\/producto\/a-medio-camino-excavaciones-arqueologicas-en-el-negret-agost-alicante\/"},"modified":"2025-06-04T16:24:14","modified_gmt":"2025-06-04T16:24:14","slug":"a-medio-camino-excavaciones-arqueologicas-en-el-negret-agost-alicante","status":"publish","type":"product","link":"https:\/\/marqalicante-admin.qwair.com\/es\/producto\/a-medio-camino-excavaciones-arqueologicas-en-el-negret-agost-alicante\/","title":{"rendered":"A medio camino. Excavaciones arqueol\u00f3gicas en El Negret (Agost&#44; Alicante)"},"content":{"rendered":"    \n    <div class=\"documento-item\">\n                    <h2 class=\"documento-title\">A medio camino. Excavaciones arqueol\u00f3gicas en El Negret (Agost, Alicante)<\/h2>\n        \n                    <p class=\"documento-subtitle\">Virginia Barciela Gonz\u00e1lez, Mauro S. Hern\u00e1ndez P\u00e9rez, Eduardo L\u00f3pez Segu\u00ed, Palmira Torregrosa Gim\u00e9nez<\/p>\n        \n                    <a href=\"https:\/\/marqalicante.com\/contenido\/particulos\/pub_78.pdf\" class=\"documento-btn\" target=\"_blank\" rel=\"noopener\">\n                <i class=\"fas fa-file-pdf\"><\/i> Descargar PDF\n            <\/a>\n            <\/div>\n\n    \n","protected":false},"excerpt":{"rendered":"<p>El presente art&iacute;culo recoge los primeros resultados de las excavaciones realizadas en el yacimiento de El Negret&nbsp;(Agost&#44; Alicante). Las dataciones absolutas obtenidas y el an&aacute;lisis de determinados materiales&#44; procedentes de la excavaci&oacute;n&nbsp;y de las prospecciones previas&#44; han permitido adscribir este poblado al Bronce Tard&iacute;o y relacionarlo con otros&nbsp;enclaves del mismo per&iacute;odo. Su entorno privilegiado&#44; con abundante agua y tierras f&eacute;rtiles&#44; as&iacute; como su ubicaci&oacute;n entre la cuenca del r&iacute;o Vinalop&oacute; -donde el Bronce Tard&iacute;o se encuentra bien representado- y la costa mediterr&aacute;nea&#44; explican&nbsp;su dilatado marco cronol&oacute;gico y la riqueza y variedad de los contextos arqueol&oacute;gicos documentados.<\/p>\n","protected":false},"featured_media":45873,"template":"","meta":{"kia_subtitle":""},"product_brand":[],"product_cat":[2913],"product_tag":[],"class_list":{"0":"post-45668","1":"product","2":"type-product","3":"status-publish","4":"has-post-thumbnail","6":"product_cat-articulos","8":"first","9":"instock","10":"virtual","11":"product-type-simple"},"meta_box":{"ia_expediente":"","ia_ano":"","ia_fechas_de_actuacion":"","ia_municipios_comarcas":"","ia_directores":"","ia_periodos_culturales":"","ia_tipos_de_intervencion":"","ia_equipo_tecnico":"","ia_autores":"","ia_promotores":"","ia_deposito_de_materiales":"","ia_coordenadas_utm":""},"_links":{"self":[{"href":"https:\/\/marqalicante-admin.qwair.com\/es\/wp-json\/wp\/v2\/product\/45668","targetHints":{"allow":["GET"]}}],"collection":[{"href":"https:\/\/marqalicante-admin.qwair.com\/es\/wp-json\/wp\/v2\/product"}],"about":[{"href":"https:\/\/marqalicante-admin.qwair.com\/es\/wp-json\/wp\/v2\/types\/product"}],"wp:featuredmedia":[{"embeddable":true,"href":"https:\/\/marqalicante-admin.qwair.com\/es\/wp-json\/wp\/v2\/media\/45873"}],"wp:attachment":[{"href":"https:\/\/marqalicante-admin.qwair.com\/es\/wp-json\/wp\/v2\/media?parent=45668"}],"wp:term":[{"taxonomy":"product_brand","embeddable":true,"href":"https:\/\/marqalicante-admin.qwair.com\/es\/wp-json\/wp\/v2\/product_brand?post=45668"},{"taxonomy":"product_cat","embeddable":true,"href":"https:\/\/marqalicante-admin.qwair.com\/es\/wp-json\/wp\/v2\/product_cat?post=45668"},{"taxonomy":"product_tag","embeddable":true,"href":"https:\/\/marqalicante-admin.qwair.com\/es\/wp-json\/wp\/v2\/product_tag?post=45668"}],"curies":[{"name":"wp","href":"https:\/\/api.w.org\/{rel}","templated":true}]}}