{"id":45665,"date":"2025-05-16T06:31:36","date_gmt":"2025-05-16T06:31:36","guid":{"rendered":"https:\/\/marqalicante-admin.qwair.com\/producto\/mas-dis-y-las-construcciones-con-fosos-del-vi-al-iii-milenio-cal-a-c\/"},"modified":"2025-06-04T16:24:14","modified_gmt":"2025-06-04T16:24:14","slug":"mas-dis-y-las-construcciones-con-fosos-del-vi-al-iii-milenio-cal-a-c","status":"publish","type":"product","link":"https:\/\/marqalicante-admin.qwair.com\/es\/producto\/mas-dis-y-las-construcciones-con-fosos-del-vi-al-iii-milenio-cal-a-c\/","title":{"rendered":"Mas d\u2019Is y las construcciones con fosos del VI al III milenio cal a.C."},"content":{"rendered":"    \n    <div class=\"documento-item\">\n                    <h2 class=\"documento-title\">Mas d\u2019Is y las construcciones con fosos del VI al III milenio cal a.C.<\/h2>\n        \n                    <p class=\"documento-subtitle\">Joan Bernabeu Aub\u00e1n, Teresa Orozco K\u00f6hler, Agust\u00edn Diez Castillo<\/p>\n        \n                    <a href=\"https:\/\/marqalicante.com\/contenido\/particulos\/pub_75.pdf\" class=\"documento-btn\" target=\"_blank\" rel=\"noopener\">\n                <i class=\"fas fa-file-pdf\"><\/i> Descargar PDF\n            <\/a>\n            <\/div>\n\n    \n","protected":false},"excerpt":{"rendered":"<p>Desde el VI milenio cal a.C. se documentan en toda Europa cierta clase de estructuras excavadas de dimensiones y morfolog&iacute;a variables&#44; com&uacute;nmente conocidas como Fosos. En la Pen&iacute;nsula Ib&eacute;rica&#44; el desarrollo de la arqueolog&iacute;a de campo ha proporcionado en las dos &uacute;ltimas d&eacute;cadas un notable incremento de esta clase de estructuras asociadas a poblados con silos y hoyos que suelen ocupar amplias extensiones. Su morfolog&iacute;a y su cronolog&iacute;a son diversos; as&iacute;&#44; aunque se han dado a conocer fosos que remontan al VI milenio cal a.C.&#44; no est&aacute; claro que puedan relacionarse con los cl&aacute;sicos Recintos de Fosos que parecen ser caracter&iacute;sticos del IV y III milenios cal a.C. En el presente trabajo pretendemos reflexionar sobre la cronolog&iacute;a&#44; variabilidad e interpretaci&oacute;n de estas estructuras a partir de la informaci&oacute;n proporcionada por los hallazgos realizados en el este de la pen&iacute;nsula Ib&eacute;rica y&#44; en especial&#44; la zona del Valle del Serpis.<\/p>\n","protected":false},"featured_media":45873,"template":"","meta":{"kia_subtitle":""},"product_brand":[],"product_cat":[2913],"product_tag":[],"class_list":{"0":"post-45665","1":"product","2":"type-product","3":"status-publish","4":"has-post-thumbnail","6":"product_cat-articulos","8":"first","9":"instock","10":"virtual","11":"product-type-simple"},"meta_box":{"ia_expediente":"","ia_ano":"","ia_fechas_de_actuacion":"","ia_municipios_comarcas":"","ia_directores":"","ia_periodos_culturales":"","ia_tipos_de_intervencion":"","ia_equipo_tecnico":"","ia_autores":"","ia_promotores":"","ia_deposito_de_materiales":"","ia_coordenadas_utm":""},"_links":{"self":[{"href":"https:\/\/marqalicante-admin.qwair.com\/es\/wp-json\/wp\/v2\/product\/45665","targetHints":{"allow":["GET"]}}],"collection":[{"href":"https:\/\/marqalicante-admin.qwair.com\/es\/wp-json\/wp\/v2\/product"}],"about":[{"href":"https:\/\/marqalicante-admin.qwair.com\/es\/wp-json\/wp\/v2\/types\/product"}],"wp:featuredmedia":[{"embeddable":true,"href":"https:\/\/marqalicante-admin.qwair.com\/es\/wp-json\/wp\/v2\/media\/45873"}],"wp:attachment":[{"href":"https:\/\/marqalicante-admin.qwair.com\/es\/wp-json\/wp\/v2\/media?parent=45665"}],"wp:term":[{"taxonomy":"product_brand","embeddable":true,"href":"https:\/\/marqalicante-admin.qwair.com\/es\/wp-json\/wp\/v2\/product_brand?post=45665"},{"taxonomy":"product_cat","embeddable":true,"href":"https:\/\/marqalicante-admin.qwair.com\/es\/wp-json\/wp\/v2\/product_cat?post=45665"},{"taxonomy":"product_tag","embeddable":true,"href":"https:\/\/marqalicante-admin.qwair.com\/es\/wp-json\/wp\/v2\/product_tag?post=45665"}],"curies":[{"name":"wp","href":"https:\/\/api.w.org\/{rel}","templated":true}]}}