{"id":45664,"date":"2025-05-16T06:31:35","date_gmt":"2025-05-16T06:31:35","guid":{"rendered":"https:\/\/marqalicante-admin.qwair.com\/producto\/las-industrias-de-la-cova-dels-blaus-la-vall-duixo-castello-aportacion-a-la-transicion-paleolitico-epipaleolitico-en-las-comarcas-septentrionales-del-pais-valenciano\/"},"modified":"2025-06-04T16:24:13","modified_gmt":"2025-06-04T16:24:13","slug":"las-industrias-de-la-cova-dels-blaus-la-vall-duixo-castello-aportacion-a-la-transicion-paleolitico-epipaleolitico-en-las-comarcas-septentrionales-del-pais-valenciano","status":"publish","type":"product","link":"https:\/\/marqalicante-admin.qwair.com\/es\/producto\/las-industrias-de-la-cova-dels-blaus-la-vall-duixo-castello-aportacion-a-la-transicion-paleolitico-epipaleolitico-en-las-comarcas-septentrionales-del-pais-valenciano\/","title":{"rendered":"Las industrias de la Cova dels Blaus (La Vall d\u2019Uix\u00f3&#44; Castell\u00f3). Aportaci\u00f3n a la transici\u00f3n paleol\u00edtico-epipaleol\u00edtico en las comarcas septentrionales del Pa\u00eds Valenciano"},"content":{"rendered":"    \n    <div class=\"documento-item\">\n                    <h2 class=\"documento-title\">Las industrias de la Cova dels Blaus (La Vall d\u2019Uix\u00f3, Castell\u00f3). Aportaci\u00f3n a la transici\u00f3n paleol\u00edtico-epipaleol\u00edtico en las comarcas septentrionales del Pa\u00eds Valenciano<\/h2>\n        \n                    <p class=\"documento-subtitle\">Josep A. Casab\u00f3 i Bernad<\/p>\n        \n                    <a href=\"https:\/\/marqalicante.com\/contenido\/particulos\/pub_74.pdf\" class=\"documento-btn\" target=\"_blank\" rel=\"noopener\">\n                <i class=\"fas fa-file-pdf\"><\/i> Descargar PDF\n            <\/a>\n            <\/div>\n\n    \n","protected":false},"excerpt":{"rendered":"<p>Las excavaciones en la Cova del Blaus han exhumado un extraordinario dep&oacute;sito arqueol&oacute;gico&#44; fundamental para el&nbsp;estudio de la transici&oacute;n paleol&iacute;tico-epipaleol&iacute;tico en el norte de la Comunidad Valenciana. La sucesi&oacute;n Magdaleniense-Epimagdaleniense a lo largo del duod&eacute;cimo milenio y el inicio precoz del Sauveterriense en torno a mediados del&nbsp;decimo primer milenio pueden ahora documentarse a partir de un importante conjunto industrial.<\/p>\n","protected":false},"featured_media":45873,"template":"","meta":{"kia_subtitle":""},"product_brand":[],"product_cat":[2913],"product_tag":[],"class_list":{"0":"post-45664","1":"product","2":"type-product","3":"status-publish","4":"has-post-thumbnail","6":"product_cat-articulos","8":"first","9":"instock","10":"virtual","11":"product-type-simple"},"meta_box":{"ia_expediente":"","ia_ano":"","ia_fechas_de_actuacion":"","ia_municipios_comarcas":"","ia_directores":"","ia_periodos_culturales":"","ia_tipos_de_intervencion":"","ia_equipo_tecnico":"","ia_autores":"","ia_promotores":"","ia_deposito_de_materiales":"","ia_coordenadas_utm":""},"_links":{"self":[{"href":"https:\/\/marqalicante-admin.qwair.com\/es\/wp-json\/wp\/v2\/product\/45664","targetHints":{"allow":["GET"]}}],"collection":[{"href":"https:\/\/marqalicante-admin.qwair.com\/es\/wp-json\/wp\/v2\/product"}],"about":[{"href":"https:\/\/marqalicante-admin.qwair.com\/es\/wp-json\/wp\/v2\/types\/product"}],"wp:featuredmedia":[{"embeddable":true,"href":"https:\/\/marqalicante-admin.qwair.com\/es\/wp-json\/wp\/v2\/media\/45873"}],"wp:attachment":[{"href":"https:\/\/marqalicante-admin.qwair.com\/es\/wp-json\/wp\/v2\/media?parent=45664"}],"wp:term":[{"taxonomy":"product_brand","embeddable":true,"href":"https:\/\/marqalicante-admin.qwair.com\/es\/wp-json\/wp\/v2\/product_brand?post=45664"},{"taxonomy":"product_cat","embeddable":true,"href":"https:\/\/marqalicante-admin.qwair.com\/es\/wp-json\/wp\/v2\/product_cat?post=45664"},{"taxonomy":"product_tag","embeddable":true,"href":"https:\/\/marqalicante-admin.qwair.com\/es\/wp-json\/wp\/v2\/product_tag?post=45664"}],"curies":[{"name":"wp","href":"https:\/\/api.w.org\/{rel}","templated":true}]}}