{"id":45655,"date":"2025-05-16T06:31:32","date_gmt":"2025-05-16T06:31:32","guid":{"rendered":"https:\/\/marqalicante-admin.qwair.com\/producto\/intervencion-restauratoria-e-investigacion-historica-el-sistema-de-accesos-al-castillo-medieval-de-alicante\/"},"modified":"2025-06-04T16:24:12","modified_gmt":"2025-06-04T16:24:12","slug":"intervencion-restauratoria-e-investigacion-historica-el-sistema-de-accesos-al-castillo-medieval-de-alicante","status":"publish","type":"product","link":"https:\/\/marqalicante-admin.qwair.com\/es\/producto\/intervencion-restauratoria-e-investigacion-historica-el-sistema-de-accesos-al-castillo-medieval-de-alicante\/","title":{"rendered":"Intervenci\u00f3n restauratoria e investigaci\u00f3n hist\u00f3rica. El sistema de accesos al Castillo medieval de Alicante"},"content":{"rendered":"    \n    <div class=\"documento-item\">\n                    <h2 class=\"documento-title\">Intervenci\u00f3n restauratoria e investigaci\u00f3n hist\u00f3rica. El sistema de accesos al Castillo medieval de Alicante<\/h2>\n        \n                    <p class=\"documento-subtitle\">M\u00e0rius Bevi\u00e0 i Garc\u00eda, Silvia Yus Cecilia y Jaime Giner Mart\u00ednez<\/p>\n        \n                    <a href=\"https:\/\/marqalicante.com\/contenido\/particulos\/pub_65.pdf\" class=\"documento-btn\" target=\"_blank\" rel=\"noopener\">\n                <i class=\"fas fa-file-pdf\"><\/i> Descargar PDF\n            <\/a>\n            <\/div>\n\n    \n","protected":false},"excerpt":{"rendered":"<p>En el presente trabajo se describe el m&eacute;todo de intervenci&oacute;n e investigaci&oacute;n sobre las arquitecturas del Castillo de&nbsp;Alicante y se desarrolla el proyecto realizado de puesta en valor en el sistema de accesos del castillo medieval<\/p>\n","protected":false},"featured_media":45873,"template":"","meta":{"kia_subtitle":""},"product_brand":[],"product_cat":[2913],"product_tag":[],"class_list":{"0":"post-45655","1":"product","2":"type-product","3":"status-publish","4":"has-post-thumbnail","6":"product_cat-articulos","8":"first","9":"instock","10":"virtual","11":"product-type-simple"},"meta_box":{"ia_expediente":"","ia_ano":"","ia_fechas_de_actuacion":"","ia_municipios_comarcas":"","ia_directores":"","ia_periodos_culturales":"","ia_tipos_de_intervencion":"","ia_equipo_tecnico":"","ia_autores":"","ia_promotores":"","ia_deposito_de_materiales":"","ia_coordenadas_utm":""},"_links":{"self":[{"href":"https:\/\/marqalicante-admin.qwair.com\/es\/wp-json\/wp\/v2\/product\/45655","targetHints":{"allow":["GET"]}}],"collection":[{"href":"https:\/\/marqalicante-admin.qwair.com\/es\/wp-json\/wp\/v2\/product"}],"about":[{"href":"https:\/\/marqalicante-admin.qwair.com\/es\/wp-json\/wp\/v2\/types\/product"}],"wp:featuredmedia":[{"embeddable":true,"href":"https:\/\/marqalicante-admin.qwair.com\/es\/wp-json\/wp\/v2\/media\/45873"}],"wp:attachment":[{"href":"https:\/\/marqalicante-admin.qwair.com\/es\/wp-json\/wp\/v2\/media?parent=45655"}],"wp:term":[{"taxonomy":"product_brand","embeddable":true,"href":"https:\/\/marqalicante-admin.qwair.com\/es\/wp-json\/wp\/v2\/product_brand?post=45655"},{"taxonomy":"product_cat","embeddable":true,"href":"https:\/\/marqalicante-admin.qwair.com\/es\/wp-json\/wp\/v2\/product_cat?post=45655"},{"taxonomy":"product_tag","embeddable":true,"href":"https:\/\/marqalicante-admin.qwair.com\/es\/wp-json\/wp\/v2\/product_tag?post=45655"}],"curies":[{"name":"wp","href":"https:\/\/api.w.org\/{rel}","templated":true}]}}