{"id":45653,"date":"2025-05-16T06:31:32","date_gmt":"2025-05-16T06:31:32","guid":{"rendered":"https:\/\/marqalicante-admin.qwair.com\/producto\/campana-de-excavacion-arqueologica-de-urgencia-en-caramoro-ii-elx-alacant\/"},"modified":"2025-06-04T16:24:12","modified_gmt":"2025-06-04T16:24:12","slug":"campana-de-excavacion-arqueologica-de-urgencia-en-caramoro-ii-elx-alacant","status":"publish","type":"product","link":"https:\/\/marqalicante-admin.qwair.com\/es\/producto\/campana-de-excavacion-arqueologica-de-urgencia-en-caramoro-ii-elx-alacant\/","title":{"rendered":"Campa\u00f1a de excavaci\u00f3n arqueol\u00f3gica de urgencia en Caramoro II (Elx&#44; Alacant)"},"content":{"rendered":"    \n    <div class=\"documento-item\">\n                    <h2 class=\"documento-title\">Campa\u00f1a de excavaci\u00f3n arqueol\u00f3gica de urgencia en Caramoro II (Elx, Alacant)<\/h2>\n        \n                    <p class=\"documento-subtitle\">Pablo Garc\u00eda Borja, Yolanda Carri\u00f3n Marco, Isabel Collado Beneyto, Ignacio Montero Ruiz, Manuel Mu\u00f1oz Abril, Guillem P\u00e9rez Jord\u00e1, Clodoaldo Rold\u00e1n Garc\u00eda, D\u00eddac Roman Monroig, Carmen Tormo Cu\u00f1at, Carlos Verdasco Cebri\u00e1n, Jaime Vives-Ferr\u00e1ndiz<\/p>\n        \n                    <a href=\"https:\/\/marqalicante.com\/contenido\/particulos\/pub_63.pdf\" class=\"documento-btn\" target=\"_blank\" rel=\"noopener\">\n                <i class=\"fas fa-file-pdf\"><\/i> Descargar PDF\n            <\/a>\n            <\/div>\n\n    \n","protected":false},"excerpt":{"rendered":"<p>Con motivo de las obras de ampliaci&oacute;n de la A-7 a su paso por la localidad de Elx&#44; se realiz&oacute; una intervenci&oacute;n arqueol&oacute;gica en el yacimiento de Caramoro&#44; documentando la presencia de una estructura de piedra asociada a niveles fechados en el Bronce final. En ellos tambi&eacute;n se documentaron restos humanos depositados en una urna.<\/p>\n","protected":false},"featured_media":45873,"template":"","meta":{"kia_subtitle":""},"product_brand":[],"product_cat":[2913],"product_tag":[],"class_list":{"0":"post-45653","1":"product","2":"type-product","3":"status-publish","4":"has-post-thumbnail","6":"product_cat-articulos","8":"first","9":"instock","10":"virtual","11":"product-type-simple"},"meta_box":{"ia_expediente":"","ia_ano":"","ia_fechas_de_actuacion":"","ia_municipios_comarcas":"","ia_directores":"","ia_periodos_culturales":"","ia_tipos_de_intervencion":"","ia_equipo_tecnico":"","ia_autores":"","ia_promotores":"","ia_deposito_de_materiales":"","ia_coordenadas_utm":""},"_links":{"self":[{"href":"https:\/\/marqalicante-admin.qwair.com\/es\/wp-json\/wp\/v2\/product\/45653","targetHints":{"allow":["GET"]}}],"collection":[{"href":"https:\/\/marqalicante-admin.qwair.com\/es\/wp-json\/wp\/v2\/product"}],"about":[{"href":"https:\/\/marqalicante-admin.qwair.com\/es\/wp-json\/wp\/v2\/types\/product"}],"wp:featuredmedia":[{"embeddable":true,"href":"https:\/\/marqalicante-admin.qwair.com\/es\/wp-json\/wp\/v2\/media\/45873"}],"wp:attachment":[{"href":"https:\/\/marqalicante-admin.qwair.com\/es\/wp-json\/wp\/v2\/media?parent=45653"}],"wp:term":[{"taxonomy":"product_brand","embeddable":true,"href":"https:\/\/marqalicante-admin.qwair.com\/es\/wp-json\/wp\/v2\/product_brand?post=45653"},{"taxonomy":"product_cat","embeddable":true,"href":"https:\/\/marqalicante-admin.qwair.com\/es\/wp-json\/wp\/v2\/product_cat?post=45653"},{"taxonomy":"product_tag","embeddable":true,"href":"https:\/\/marqalicante-admin.qwair.com\/es\/wp-json\/wp\/v2\/product_tag?post=45653"}],"curies":[{"name":"wp","href":"https:\/\/api.w.org\/{rel}","templated":true}]}}