{"id":45630,"date":"2025-05-16T06:31:25","date_gmt":"2025-05-16T06:31:25","guid":{"rendered":"https:\/\/marqalicante-admin.qwair.com\/producto\/nuevas-evidencias-de-la-ocupacion-de-benalua-alicante-durante-los-siglos-vi-vii-dc\/"},"modified":"2025-06-04T16:24:08","modified_gmt":"2025-06-04T16:24:08","slug":"nuevas-evidencias-de-la-ocupacion-de-benalua-alicante-durante-los-siglos-vi-vii-dc","status":"publish","type":"product","link":"https:\/\/marqalicante-admin.qwair.com\/es\/producto\/nuevas-evidencias-de-la-ocupacion-de-benalua-alicante-durante-los-siglos-vi-vii-dc\/","title":{"rendered":"Nuevas evidencias de la ocupaci\u00f3n de Benal\u00faa (Alicante) durante los siglos VI-VII dC"},"content":{"rendered":"    \n    <div class=\"documento-item\">\n                    <h2 class=\"documento-title\">Nuevas evidencias de la ocupaci\u00f3n de Benal\u00faa (Alicante) durante los siglos VI-VII dC<\/h2>\n        \n                    <p class=\"documento-subtitle\">Gabriel Lara Vives, Jes\u00fas Garc\u00eda Guardiola, Eduardo L\u00f3pez Segu\u00ed, Cristina E. Rizo Ant\u00f3n, Mar\u00eda Dolores S\u00e1nchez de Prado<\/p>\n        \n                    <a href=\"https:\/\/marqalicante.com\/contenido\/particulos\/pub_35.pdf\" class=\"documento-btn\" target=\"_blank\" rel=\"noopener\">\n                <i class=\"fas fa-file-pdf\"><\/i> Descargar PDF\n            <\/a>\n            <\/div>\n\n    \n","protected":false},"excerpt":{"rendered":"<p>En el presente trabajo analizamos los restos arqueol&oacute;gicos recuperados en el relleno de una fosa localizada en la&nbsp;avenida Catedr&aacute;tico Soler de Alicante&#44; en el barrio de Benal&uacute;a&#44; cuya cronolog&iacute;a tardorromana permiten establecer<br \/>nuevas valoraciones sobre la ocupaci&oacute;n de esta zona entre los siglos VI-VII dC.<\/p>\n","protected":false},"featured_media":45873,"template":"","meta":{"kia_subtitle":""},"product_brand":[],"product_cat":[2913],"product_tag":[],"class_list":{"0":"post-45630","1":"product","2":"type-product","3":"status-publish","4":"has-post-thumbnail","6":"product_cat-articulos","8":"first","9":"instock","10":"virtual","11":"product-type-simple"},"meta_box":{"ia_expediente":"","ia_ano":"","ia_fechas_de_actuacion":"","ia_municipios_comarcas":"","ia_directores":"","ia_periodos_culturales":"","ia_tipos_de_intervencion":"","ia_equipo_tecnico":"","ia_autores":"","ia_promotores":"","ia_deposito_de_materiales":"","ia_coordenadas_utm":""},"_links":{"self":[{"href":"https:\/\/marqalicante-admin.qwair.com\/es\/wp-json\/wp\/v2\/product\/45630","targetHints":{"allow":["GET"]}}],"collection":[{"href":"https:\/\/marqalicante-admin.qwair.com\/es\/wp-json\/wp\/v2\/product"}],"about":[{"href":"https:\/\/marqalicante-admin.qwair.com\/es\/wp-json\/wp\/v2\/types\/product"}],"wp:featuredmedia":[{"embeddable":true,"href":"https:\/\/marqalicante-admin.qwair.com\/es\/wp-json\/wp\/v2\/media\/45873"}],"wp:attachment":[{"href":"https:\/\/marqalicante-admin.qwair.com\/es\/wp-json\/wp\/v2\/media?parent=45630"}],"wp:term":[{"taxonomy":"product_brand","embeddable":true,"href":"https:\/\/marqalicante-admin.qwair.com\/es\/wp-json\/wp\/v2\/product_brand?post=45630"},{"taxonomy":"product_cat","embeddable":true,"href":"https:\/\/marqalicante-admin.qwair.com\/es\/wp-json\/wp\/v2\/product_cat?post=45630"},{"taxonomy":"product_tag","embeddable":true,"href":"https:\/\/marqalicante-admin.qwair.com\/es\/wp-json\/wp\/v2\/product_tag?post=45630"}],"curies":[{"name":"wp","href":"https:\/\/api.w.org\/{rel}","templated":true}]}}