{"id":45629,"date":"2025-05-16T06:31:25","date_gmt":"2025-05-16T06:31:25","guid":{"rendered":"https:\/\/marqalicante-admin.qwair.com\/producto\/los-abrigos-rupestres-del-raco-de-cortes-y-de-la-cova-de-la-romera-orxeta-alicante-aportaciones-al-arte-neolitico-de-las-comarcas-centro-meridionales-valencianas\/"},"modified":"2025-06-04T16:24:08","modified_gmt":"2025-06-04T16:24:08","slug":"los-abrigos-rupestres-del-raco-de-cortes-y-de-la-cova-de-la-romera-orxeta-alicante-aportaciones-al-arte-neolitico-de-las-comarcas-centro-meridionales-valencianas","status":"publish","type":"product","link":"https:\/\/marqalicante-admin.qwair.com\/es\/producto\/los-abrigos-rupestres-del-raco-de-cortes-y-de-la-cova-de-la-romera-orxeta-alicante-aportaciones-al-arte-neolitico-de-las-comarcas-centro-meridionales-valencianas\/","title":{"rendered":"Los abrigos rupestres del Rac\u00f3 de Cort\u00e9s y de la Cova de la Romera (Orxeta&#44; Alicante): aportaciones al Arte Neol\u00edtico de las comarcas centro-meridionales valencianas"},"content":{"rendered":"    \n    <div class=\"documento-item\">\n                    <h2 class=\"documento-title\">Los abrigos rupestres del Rac\u00f3 de Cort\u00e9s y de la Cova de la Romera (Orxeta, Alicante): aportaciones al Arte Neol\u00edtico de las comarcas centro-meridionales valencianas<\/h2>\n        \n                    <p class=\"documento-subtitle\">Mar\u00eda Francia Galiana Botella, Palmira Torregrosa Gim\u00e9nez<\/p>\n        \n                    <a href=\"https:\/\/marqalicante.com\/contenido\/particulos\/pub_26.pdf\" class=\"documento-btn\" target=\"_blank\" rel=\"noopener\">\n                <i class=\"fas fa-file-pdf\"><\/i> Descargar PDF\n            <\/a>\n            <\/div>\n\n    \n","protected":false},"excerpt":{"rendered":"<p>El descubrimiento de dos conjuntos pict&oacute;ricos en el t&eacute;rmino municipal de Orxeta (Alicante) viene a incrementar el cat&aacute;logo del arte rupestre neol&iacute;tico de la Marina Baixa y de la Comunidad Valenciana en general. Se trata de dos&nbsp;abrigos rupestres&#44; el Rac&oacute; de Cort&eacute;s con Arte Levantino y la Cova de la Romera con Arte Esquem&aacute;tico&#44; ubicados en zonas&nbsp;geogr&aacute;ficas muy cercanas dentro de la cuenca del r&iacute;o Amadorio. Tienen la particularidad geogr&aacute;fica de ser&#44; hasta la actualidad&#44; dos de los conjuntos m&aacute;s meridionales del territorio valenciano con ambas manifestaciones art&iacute;sticas.<br \/>Las representaciones levantinas presentan algunos aspectos figurativos que tienen sus paralelos en otros conjuntos de las comarcas adyacentes y con ello se plantea un territorio estil&iacute;stico con rasgos particulares. As&iacute;mismo&#44; la lectura de un conjunto de motivos semiesf&eacute;ricos permite ofrecer una hip&oacute;tesis sobre la representaci&oacute;n de un paisaje con<br \/>carrascas.<\/p>\n","protected":false},"featured_media":45873,"template":"","meta":{"kia_subtitle":""},"product_brand":[],"product_cat":[2913],"product_tag":[],"class_list":{"0":"post-45629","1":"product","2":"type-product","3":"status-publish","4":"has-post-thumbnail","6":"product_cat-articulos","8":"first","9":"instock","10":"virtual","11":"product-type-simple"},"meta_box":{"ia_expediente":"","ia_ano":"","ia_fechas_de_actuacion":"","ia_municipios_comarcas":"","ia_directores":"","ia_periodos_culturales":"","ia_tipos_de_intervencion":"","ia_equipo_tecnico":"","ia_autores":"","ia_promotores":"","ia_deposito_de_materiales":"","ia_coordenadas_utm":""},"_links":{"self":[{"href":"https:\/\/marqalicante-admin.qwair.com\/es\/wp-json\/wp\/v2\/product\/45629","targetHints":{"allow":["GET"]}}],"collection":[{"href":"https:\/\/marqalicante-admin.qwair.com\/es\/wp-json\/wp\/v2\/product"}],"about":[{"href":"https:\/\/marqalicante-admin.qwair.com\/es\/wp-json\/wp\/v2\/types\/product"}],"wp:featuredmedia":[{"embeddable":true,"href":"https:\/\/marqalicante-admin.qwair.com\/es\/wp-json\/wp\/v2\/media\/45873"}],"wp:attachment":[{"href":"https:\/\/marqalicante-admin.qwair.com\/es\/wp-json\/wp\/v2\/media?parent=45629"}],"wp:term":[{"taxonomy":"product_brand","embeddable":true,"href":"https:\/\/marqalicante-admin.qwair.com\/es\/wp-json\/wp\/v2\/product_brand?post=45629"},{"taxonomy":"product_cat","embeddable":true,"href":"https:\/\/marqalicante-admin.qwair.com\/es\/wp-json\/wp\/v2\/product_cat?post=45629"},{"taxonomy":"product_tag","embeddable":true,"href":"https:\/\/marqalicante-admin.qwair.com\/es\/wp-json\/wp\/v2\/product_tag?post=45629"}],"curies":[{"name":"wp","href":"https:\/\/api.w.org\/{rel}","templated":true}]}}