{"id":45624,"date":"2025-05-16T06:31:24","date_gmt":"2025-05-16T06:31:24","guid":{"rendered":"https:\/\/marqalicante-admin.qwair.com\/producto\/el-museo-de-santa-pola-alicante\/"},"modified":"2025-06-04T16:24:07","modified_gmt":"2025-06-04T16:24:07","slug":"el-museo-de-santa-pola-alicante","status":"publish","type":"product","link":"https:\/\/marqalicante-admin.qwair.com\/es\/producto\/el-museo-de-santa-pola-alicante\/","title":{"rendered":"El museo de Santa Pola (Alicante)"},"content":{"rendered":"    \n    <div class=\"documento-item\">\n                    <h2 class=\"documento-title\">El museo de Santa Pola (Alicante)<\/h2>\n        \n                    <p class=\"documento-subtitle\">Mar\u00eda Jos\u00e9 S\u00e1nchez Fern\u00e1ndez<\/p>\n        \n                    <a href=\"https:\/\/marqalicante.com\/contenido\/particulos\/pub_21.pdf\" class=\"documento-btn\" target=\"_blank\" rel=\"noopener\">\n                <i class=\"fas fa-file-pdf\"><\/i> Descargar PDF\n            <\/a>\n            <\/div>\n\n    \n","protected":false},"excerpt":{"rendered":"<p>El Museo del Mar&#44; creado en 1982&#44; es una instituci&oacute;n que presenta la historia&#44; desarrollo y forma de ser y vivir de la poblaci&oacute;n de Santa Pola&#44; teniendo el mar como hilo conductor del discurso museogr&aacute;fico. Tiene su sede en el Castillo-Fortaleza&#44; construido en el siglo XVI para defensa del puerto. Las colecciones de arqueolog&iacute;a y etnograf&iacute;a constituyen la mayor parte de sus fondos. El modelo museol&oacute;gico est&aacute; ligado a una oferta l&uacute;dica de tiempo libre&#44; consistente sobre todo en elaborar nuevas formas de transmisi&oacute;n de mensajes&#44; mostrando siempre los objetos en relaci&oacute;n dial&eacute;ctica con su entorno. Otros aspectos relevantes est&aacute;n referidos a la comunicaci&oacute;n&#44; la conservaci&oacute;n&#44; la seguridad y los recursos humanos.<br \/>Es destacable la propuesta did&aacute;ctica dirigida a escolares&#44; y los servicios y actividades culturales para todo tipo de p&uacute;blico. Asimismo se aborda la investigaci&oacute;n y el programa cient&iacute;fico como uno de los pilares fundamentales del Centro.<\/p>\n","protected":false},"featured_media":45873,"template":"","meta":{"kia_subtitle":""},"product_brand":[],"product_cat":[2913],"product_tag":[],"class_list":{"0":"post-45624","1":"product","2":"type-product","3":"status-publish","4":"has-post-thumbnail","6":"product_cat-articulos","8":"first","9":"instock","10":"virtual","11":"product-type-simple"},"meta_box":{"ia_expediente":"","ia_ano":"","ia_fechas_de_actuacion":"","ia_municipios_comarcas":"","ia_directores":"","ia_periodos_culturales":"","ia_tipos_de_intervencion":"","ia_equipo_tecnico":"","ia_autores":"","ia_promotores":"","ia_deposito_de_materiales":"","ia_coordenadas_utm":""},"_links":{"self":[{"href":"https:\/\/marqalicante-admin.qwair.com\/es\/wp-json\/wp\/v2\/product\/45624","targetHints":{"allow":["GET"]}}],"collection":[{"href":"https:\/\/marqalicante-admin.qwair.com\/es\/wp-json\/wp\/v2\/product"}],"about":[{"href":"https:\/\/marqalicante-admin.qwair.com\/es\/wp-json\/wp\/v2\/types\/product"}],"wp:featuredmedia":[{"embeddable":true,"href":"https:\/\/marqalicante-admin.qwair.com\/es\/wp-json\/wp\/v2\/media\/45873"}],"wp:attachment":[{"href":"https:\/\/marqalicante-admin.qwair.com\/es\/wp-json\/wp\/v2\/media?parent=45624"}],"wp:term":[{"taxonomy":"product_brand","embeddable":true,"href":"https:\/\/marqalicante-admin.qwair.com\/es\/wp-json\/wp\/v2\/product_brand?post=45624"},{"taxonomy":"product_cat","embeddable":true,"href":"https:\/\/marqalicante-admin.qwair.com\/es\/wp-json\/wp\/v2\/product_cat?post=45624"},{"taxonomy":"product_tag","embeddable":true,"href":"https:\/\/marqalicante-admin.qwair.com\/es\/wp-json\/wp\/v2\/product_tag?post=45624"}],"curies":[{"name":"wp","href":"https:\/\/api.w.org\/{rel}","templated":true}]}}