{"id":45621,"date":"2025-05-16T06:31:23","date_gmt":"2025-05-16T06:31:23","guid":{"rendered":"https:\/\/marqalicante-admin.qwair.com\/producto\/entre-la-metafora-y-el-mito-la-representacion-simbolica-de-lo-femenino-en-la-sociedad-iberica\/"},"modified":"2025-06-04T16:24:07","modified_gmt":"2025-06-04T16:24:07","slug":"entre-la-metafora-y-el-mito-la-representacion-simbolica-de-lo-femenino-en-la-sociedad-iberica","status":"publish","type":"product","link":"https:\/\/marqalicante-admin.qwair.com\/es\/producto\/entre-la-metafora-y-el-mito-la-representacion-simbolica-de-lo-femenino-en-la-sociedad-iberica\/","title":{"rendered":"Entre la met\u00e1fora y el mito. La representaci\u00f3n simb\u00f3lica de lo femenino en la sociedad ib\u00e9rica"},"content":{"rendered":"    \n    <div class=\"documento-item\">\n                    <h2 class=\"documento-title\">Entre la met\u00e1fora y el mito. La representaci\u00f3n simb\u00f3lica de lo femenino en la sociedad ib\u00e9rica<\/h2>\n        \n                    <p class=\"documento-subtitle\">Alicia Perea<\/p>\n        \n                    <a href=\"https:\/\/marqalicante.com\/contenido\/particulos\/pub_18.pdf\" class=\"documento-btn\" target=\"_blank\" rel=\"noopener\">\n                <i class=\"fas fa-file-pdf\"><\/i> Descargar PDF\n            <\/a>\n            <\/div>\n\n    \n","protected":false},"excerpt":{"rendered":"<p>Partimos del an&aacute;lisis de una serie de hallazgos arqueol&oacute;gicos para rastrear los c&oacute;digos sem&aacute;nticos que van a determinar la representaci&oacute;n de lo femenino en el sur de la Pen&iacute;nsula Ib&eacute;rica a lo largo de cinco siglos&#44; desde el periodo orientalizante hasta la romanizaci&oacute;n. Estos conjuntos est&aacute;n normalizados y contienen&#44; entre otros objetos de oro&#44; una diadema de extremos triangulares y tres torques o collares: Aliseda (C&aacute;ceres)&#44; Cortijo de &Eacute;bora (C&aacute;diz)&#44; J&aacute;vea (Alicante)&#44; La Puebla de los Infantes y Mairena del Alcor (Sevilla). El dep&oacute;sito de La Marina (Alicante)&#44; recientemente recuperado&#44; conten&iacute;a tres torques y un colgante de oro&#44; y est&aacute; estrechamente relacionado con los anteriores. Finalmente presentamos uno de los escasos documentos iconogr&aacute;ficos que podr&iacute;a estar reflejando la existencia de sacerdotisas en la sociedad ib&eacute;rica: un anillo de plata procedente de Santiago de la Espada (Ja&eacute;n).<\/p>\n","protected":false},"featured_media":45873,"template":"","meta":{"kia_subtitle":""},"product_brand":[],"product_cat":[2913],"product_tag":[],"class_list":{"0":"post-45621","1":"product","2":"type-product","3":"status-publish","4":"has-post-thumbnail","6":"product_cat-articulos","8":"first","9":"instock","10":"virtual","11":"product-type-simple"},"meta_box":{"ia_expediente":"","ia_ano":"","ia_fechas_de_actuacion":"","ia_municipios_comarcas":"","ia_directores":"","ia_periodos_culturales":"","ia_tipos_de_intervencion":"","ia_equipo_tecnico":"","ia_autores":"","ia_promotores":"","ia_deposito_de_materiales":"","ia_coordenadas_utm":""},"_links":{"self":[{"href":"https:\/\/marqalicante-admin.qwair.com\/es\/wp-json\/wp\/v2\/product\/45621","targetHints":{"allow":["GET"]}}],"collection":[{"href":"https:\/\/marqalicante-admin.qwair.com\/es\/wp-json\/wp\/v2\/product"}],"about":[{"href":"https:\/\/marqalicante-admin.qwair.com\/es\/wp-json\/wp\/v2\/types\/product"}],"wp:featuredmedia":[{"embeddable":true,"href":"https:\/\/marqalicante-admin.qwair.com\/es\/wp-json\/wp\/v2\/media\/45873"}],"wp:attachment":[{"href":"https:\/\/marqalicante-admin.qwair.com\/es\/wp-json\/wp\/v2\/media?parent=45621"}],"wp:term":[{"taxonomy":"product_brand","embeddable":true,"href":"https:\/\/marqalicante-admin.qwair.com\/es\/wp-json\/wp\/v2\/product_brand?post=45621"},{"taxonomy":"product_cat","embeddable":true,"href":"https:\/\/marqalicante-admin.qwair.com\/es\/wp-json\/wp\/v2\/product_cat?post=45621"},{"taxonomy":"product_tag","embeddable":true,"href":"https:\/\/marqalicante-admin.qwair.com\/es\/wp-json\/wp\/v2\/product_tag?post=45621"}],"curies":[{"name":"wp","href":"https:\/\/api.w.org\/{rel}","templated":true}]}}