{"id":45619,"date":"2025-05-16T06:31:23","date_gmt":"2025-05-16T06:31:23","guid":{"rendered":"https:\/\/marqalicante-admin.qwair.com\/producto\/paleopatologia-traumatica-en-dos-craneos-encontrados-en-el-nivel-iii-de-la-cova-den-pardo-planes-alicante\/"},"modified":"2025-06-04T16:24:06","modified_gmt":"2025-06-04T16:24:06","slug":"paleopatologia-traumatica-en-dos-craneos-encontrados-en-el-nivel-iii-de-la-cova-den-pardo-planes-alicante","status":"publish","type":"product","link":"https:\/\/marqalicante-admin.qwair.com\/es\/producto\/paleopatologia-traumatica-en-dos-craneos-encontrados-en-el-nivel-iii-de-la-cova-den-pardo-planes-alicante\/","title":{"rendered":"Paleopatolog\u00eda traum\u00e1tica en dos cr\u00e1neos encontrados en el nivel III de la Cova d\u2019En Pardo (Planes&#44; Alicante)"},"content":{"rendered":"    \n    <div class=\"documento-item\">\n                    <h2 class=\"documento-title\">Paleopatolog\u00eda traum\u00e1tica en dos cr\u00e1neos encontrados en el nivel III de la Cova d\u2019En Pardo (Planes, Alicante)<\/h2>\n        \n        \n                    <a href=\"https:\/\/marqalicante.com\/contenido\/particulos\/pub_16.pdf\" class=\"documento-btn\" target=\"_blank\" rel=\"noopener\">\n                <i class=\"fas fa-file-pdf\"><\/i> Descargar PDF\n            <\/a>\n            <\/div>\n\n    \n","protected":false},"excerpt":{"rendered":"<p>Se aborda el estudio de dos cr&aacute;neos&#44; neol&iacute;ticos&#44; encontrados en el yacimiento de la Cova d&rsquo;En Pardo en Planes&#44; Alicante&#44; durante la campa&ntilde;a arqueol&oacute;gica de 1999 &#44; en los que existen tres lesiones de etiolog&iacute;a traum&aacute;tica. Se recoge el estudio antropom&eacute;trico de ambos cr&aacute;neos&#44; un var&oacute;n adulto&#44; de 30-35 a&ntilde;os y una mujer adulta&#44; de 35-40. Se describe y discute el mecanismo causante de las lesiones&#44; vincul&aacute;ndolas en uno de los casos a una acci&oacute;n violenta.&nbsp;<\/p>\n","protected":false},"featured_media":45873,"template":"","meta":{"kia_subtitle":""},"product_brand":[],"product_cat":[2913],"product_tag":[],"class_list":{"0":"post-45619","1":"product","2":"type-product","3":"status-publish","4":"has-post-thumbnail","6":"product_cat-articulos","8":"first","9":"instock","10":"virtual","11":"product-type-simple"},"meta_box":{"ia_expediente":"","ia_ano":"","ia_fechas_de_actuacion":"","ia_municipios_comarcas":"","ia_directores":"","ia_periodos_culturales":"","ia_tipos_de_intervencion":"","ia_equipo_tecnico":"","ia_autores":"","ia_promotores":"","ia_deposito_de_materiales":"","ia_coordenadas_utm":""},"_links":{"self":[{"href":"https:\/\/marqalicante-admin.qwair.com\/es\/wp-json\/wp\/v2\/product\/45619","targetHints":{"allow":["GET"]}}],"collection":[{"href":"https:\/\/marqalicante-admin.qwair.com\/es\/wp-json\/wp\/v2\/product"}],"about":[{"href":"https:\/\/marqalicante-admin.qwair.com\/es\/wp-json\/wp\/v2\/types\/product"}],"wp:featuredmedia":[{"embeddable":true,"href":"https:\/\/marqalicante-admin.qwair.com\/es\/wp-json\/wp\/v2\/media\/45873"}],"wp:attachment":[{"href":"https:\/\/marqalicante-admin.qwair.com\/es\/wp-json\/wp\/v2\/media?parent=45619"}],"wp:term":[{"taxonomy":"product_brand","embeddable":true,"href":"https:\/\/marqalicante-admin.qwair.com\/es\/wp-json\/wp\/v2\/product_brand?post=45619"},{"taxonomy":"product_cat","embeddable":true,"href":"https:\/\/marqalicante-admin.qwair.com\/es\/wp-json\/wp\/v2\/product_cat?post=45619"},{"taxonomy":"product_tag","embeddable":true,"href":"https:\/\/marqalicante-admin.qwair.com\/es\/wp-json\/wp\/v2\/product_tag?post=45619"}],"curies":[{"name":"wp","href":"https:\/\/api.w.org\/{rel}","templated":true}]}}