{"id":45616,"date":"2025-05-16T06:31:22","date_gmt":"2025-05-16T06:31:22","guid":{"rendered":"https:\/\/marqalicante-admin.qwair.com\/producto\/paisajes-milenarios-centro-de-interpretacion-de-la-prehistoria-en-andalucia\/"},"modified":"2025-06-04T16:24:06","modified_gmt":"2025-06-04T16:24:06","slug":"paisajes-milenarios-centro-de-interpretacion-de-la-prehistoria-en-andalucia","status":"publish","type":"product","link":"https:\/\/marqalicante-admin.qwair.com\/es\/producto\/paisajes-milenarios-centro-de-interpretacion-de-la-prehistoria-en-andalucia\/","title":{"rendered":"\u201cPaisajes Milenarios\u201d: Centro de Interpretaci\u00f3n de la Prehistoria en Andaluc\u00eda"},"content":{"rendered":"    \n    <div class=\"documento-item\">\n                    <h2 class=\"documento-title\">\u201cPaisajes Milenarios\u201d: Centro de Interpretaci\u00f3n de la Prehistoria en Andaluc\u00eda<\/h2>\n        \n                    <p class=\"documento-subtitle\">Juli\u00e1n Mart\u00ednez Garc\u00eda<\/p>\n        \n                    <a href=\"https:\/\/marqalicante.com\/contenido\/particulos\/pub_13.pdf\" class=\"documento-btn\" target=\"_blank\" rel=\"noopener\">\n                <i class=\"fas fa-file-pdf\"><\/i> Descargar PDF\n            <\/a>\n            <\/div>\n\n    \n","protected":false},"excerpt":{"rendered":"<p>Paisajes Milenarios es un proyecto de contenidos orientado a la difusi&oacute;n de la prehistoria desde una perspectiva actual. Un proyecto para un centro de interpretaci&oacute;n situado estrat&eacute;gicamente&#44; en el coraz&oacute;n de Andaluc&iacute;a. Pero es tambi&eacute;n una clara apuesta para articular una doble red territorial soportada en el patrimonio arqueol&oacute;gico&#44; la Red Andaluza de Yacimientos Arqueol&oacute;gicos y la Red de Centros de Interpretaci&oacute;n.El centro de interpretaci&oacute;n de la Prehistoria en Andaluc&iacute;a se sit&uacute;a en el marco de una infraestructura clave de car&aacute;cter supraterritorial&#44; ya que abarca la totalidad de la comunidad aut&oacute;noma&#44; vincul&aacute;ndose a la vez al conjunto megal&iacute;tico m&aacute;s importante de Andaluc&iacute;a&#44; los d&oacute;lmenes de Antequera. Este centro se configura como el de mayor apuesta tecnol&oacute;gica y de innovaci&oacute;n&#44; en cuanto a soportes de comunicaci&oacute;n interactivos y multimedia. Se pretende la transferencia de conocimientos cient&iacute;ficos&#44; de una forma amena y comprensible&#44; para todos los ciudadanos.Palabras clavePrehistoria. Difusi&oacute;n. Interpretaci&oacute;n. Museos. Nuevas tecnolog&iacute;as. Andaluc&iacute;a.<\/p>\n","protected":false},"featured_media":45873,"template":"","meta":{"kia_subtitle":""},"product_brand":[],"product_cat":[2913],"product_tag":[],"class_list":{"0":"post-45616","1":"product","2":"type-product","3":"status-publish","4":"has-post-thumbnail","6":"product_cat-articulos","8":"first","9":"instock","10":"virtual","11":"product-type-simple"},"meta_box":{"ia_expediente":"","ia_ano":"","ia_fechas_de_actuacion":"","ia_municipios_comarcas":"","ia_directores":"","ia_periodos_culturales":"","ia_tipos_de_intervencion":"","ia_equipo_tecnico":"","ia_autores":"","ia_promotores":"","ia_deposito_de_materiales":"","ia_coordenadas_utm":""},"_links":{"self":[{"href":"https:\/\/marqalicante-admin.qwair.com\/es\/wp-json\/wp\/v2\/product\/45616","targetHints":{"allow":["GET"]}}],"collection":[{"href":"https:\/\/marqalicante-admin.qwair.com\/es\/wp-json\/wp\/v2\/product"}],"about":[{"href":"https:\/\/marqalicante-admin.qwair.com\/es\/wp-json\/wp\/v2\/types\/product"}],"wp:featuredmedia":[{"embeddable":true,"href":"https:\/\/marqalicante-admin.qwair.com\/es\/wp-json\/wp\/v2\/media\/45873"}],"wp:attachment":[{"href":"https:\/\/marqalicante-admin.qwair.com\/es\/wp-json\/wp\/v2\/media?parent=45616"}],"wp:term":[{"taxonomy":"product_brand","embeddable":true,"href":"https:\/\/marqalicante-admin.qwair.com\/es\/wp-json\/wp\/v2\/product_brand?post=45616"},{"taxonomy":"product_cat","embeddable":true,"href":"https:\/\/marqalicante-admin.qwair.com\/es\/wp-json\/wp\/v2\/product_cat?post=45616"},{"taxonomy":"product_tag","embeddable":true,"href":"https:\/\/marqalicante-admin.qwair.com\/es\/wp-json\/wp\/v2\/product_tag?post=45616"}],"curies":[{"name":"wp","href":"https:\/\/api.w.org\/{rel}","templated":true}]}}