{"id":45612,"date":"2025-05-16T06:31:21","date_gmt":"2025-05-16T06:31:21","guid":{"rendered":"https:\/\/marqalicante-admin.qwair.com\/producto\/la-sala-de-arte-rupestre-y-de-la-coleccion-museografica-de-castell-de-castells-un-montaje-de-vanguardia-para-un-municipio-de-la-montana-alicantina\/"},"modified":"2025-06-04T16:24:05","modified_gmt":"2025-06-04T16:24:05","slug":"la-sala-de-arte-rupestre-y-de-la-coleccion-museografica-de-castell-de-castells-un-montaje-de-vanguardia-para-un-municipio-de-la-montana-alicantina","status":"publish","type":"product","link":"https:\/\/marqalicante-admin.qwair.com\/es\/producto\/la-sala-de-arte-rupestre-y-de-la-coleccion-museografica-de-castell-de-castells-un-montaje-de-vanguardia-para-un-municipio-de-la-montana-alicantina\/","title":{"rendered":"La Sala de Arte Rupestre y de la Colecci\u00f3n Museogr\u00e1f\u00edca de Castell de Castells. Un montaje de vanguardia para un municipio de la monta\u00f1a alicantina"},"content":{"rendered":"    \n    <div class=\"documento-item\">\n                    <h2 class=\"documento-title\">La Sala de Arte Rupestre y de la Colecci\u00f3n Museogr\u00e1f\u00edca de Castell de Castells. Un montaje de vanguardia para un municipio de la monta\u00f1a alicantina<\/h2>\n        \n                    <p class=\"documento-subtitle\">Jorge A. Soler D\u00edaz, Rafael P\u00e9rez Jim\u00e9nez<\/p>\n        \n                    <a href=\"https:\/\/marqalicante.com\/contenido\/particulos\/pub_9.pdf\" class=\"documento-btn\" target=\"_blank\" rel=\"noopener\">\n                <i class=\"fas fa-file-pdf\"><\/i> Descargar PDF\n            <\/a>\n            <\/div>\n\n    \n","protected":false},"excerpt":{"rendered":"<p>Tras las actuaciones llevadas a t&eacute;rmino en 1998 para la puesta en valor del yacimiento con arte rupestre de Pla de Petracos&#44; en Castell de Castells se abri&oacute; en 2003 una sala con un montaje expositivo de vanguardia que recoge contenidos vinculados al Arte Macroesquem&aacute;tico y a la Colecci&oacute;n Etnogr&aacute;fica del municipio. Recursos audiovisuales sirven para acercar a los visitantes al significado de las representaciones rupestres del santuario neol&iacute;tico y para ilustrar la vida cotidiana en una peque&ntilde;a poblaci&oacute;n de la monta&ntilde;a alicantina en los primeros a&ntilde;os del s. XX. A un nivel t&eacute;cnico todo este montaje resulta de la colaboraci&oacute;n continuada entre el MARQ y el &Aacute;rea de Arquitectura de la Diputaci&oacute;n de Alicante.<\/p>\n","protected":false},"featured_media":45873,"template":"","meta":{"kia_subtitle":""},"product_brand":[],"product_cat":[2913],"product_tag":[],"class_list":{"0":"post-45612","1":"product","2":"type-product","3":"status-publish","4":"has-post-thumbnail","6":"product_cat-articulos","8":"first","9":"instock","10":"virtual","11":"product-type-simple"},"meta_box":{"ia_expediente":"","ia_ano":"","ia_fechas_de_actuacion":"","ia_municipios_comarcas":"","ia_directores":"","ia_periodos_culturales":"","ia_tipos_de_intervencion":"","ia_equipo_tecnico":"","ia_autores":"","ia_promotores":"","ia_deposito_de_materiales":"","ia_coordenadas_utm":""},"_links":{"self":[{"href":"https:\/\/marqalicante-admin.qwair.com\/es\/wp-json\/wp\/v2\/product\/45612","targetHints":{"allow":["GET"]}}],"collection":[{"href":"https:\/\/marqalicante-admin.qwair.com\/es\/wp-json\/wp\/v2\/product"}],"about":[{"href":"https:\/\/marqalicante-admin.qwair.com\/es\/wp-json\/wp\/v2\/types\/product"}],"wp:featuredmedia":[{"embeddable":true,"href":"https:\/\/marqalicante-admin.qwair.com\/es\/wp-json\/wp\/v2\/media\/45873"}],"wp:attachment":[{"href":"https:\/\/marqalicante-admin.qwair.com\/es\/wp-json\/wp\/v2\/media?parent=45612"}],"wp:term":[{"taxonomy":"product_brand","embeddable":true,"href":"https:\/\/marqalicante-admin.qwair.com\/es\/wp-json\/wp\/v2\/product_brand?post=45612"},{"taxonomy":"product_cat","embeddable":true,"href":"https:\/\/marqalicante-admin.qwair.com\/es\/wp-json\/wp\/v2\/product_cat?post=45612"},{"taxonomy":"product_tag","embeddable":true,"href":"https:\/\/marqalicante-admin.qwair.com\/es\/wp-json\/wp\/v2\/product_tag?post=45612"}],"curies":[{"name":"wp","href":"https:\/\/api.w.org\/{rel}","templated":true}]}}